{"id":1001,"date":"2023-08-26T19:10:52","date_gmt":"2023-08-27T00:10:52","guid":{"rendered":"http:\/\/sweethomelearning.com\/?post_type=product&#038;p=1001"},"modified":"2023-08-29T11:06:33","modified_gmt":"2023-08-29T16:06:33","slug":"tabla-del-abecedario-alphabet-charts-spanish","status":"publish","type":"product","link":"https:\/\/sweethomelearning.com\/es\/product\/tabla-del-abecedario-alphabet-charts-spanish\/","title":{"rendered":"Tabla del Abecedario | Alphabet Charts Spanish"},"content":{"rendered":"<p>Excelente para repasar la <strong>identificaci\u00f3n<\/strong> y <strong>sonidos de letras<\/strong>. A tu peque\u00f1o le encantar\u00e1 aprender los sonidos de las letras mientras disfruta de las <strong>im\u00e1genes<\/strong> en <strong>acuarela<\/strong> que aparecen en estas tablas.<\/p>\n<p>Cada letra se representa con una imagen que comienza con el sonido de la letra correspondiente, con la <em>excepci\u00f3n<\/em> de la <em>Ch <\/em>y<em> Ll <\/em>que <em>no<\/em> est\u00e1n incluidas.<\/p>\n<p><strong>Incluye:<\/strong><\/p>\n<ul>\n<li><strong>2 tablas<\/strong> de tama\u00f1o carta de 8.5&#8243; x 11&#8243;\n<ul>\n<li>1 tabla en <strong>letra de molde<\/strong>: may\u00fasculas y min\u00fasculas juntas<\/li>\n<li>1 tabla en <strong>letra<\/strong> <strong>cursiva<\/strong>: may\u00fasculas y min\u00fasculas juntas<\/li>\n<\/ul>\n<\/li>\n<\/ul>","protected":false},"excerpt":{"rendered":"<p>Excelente para repasar la <strong>identificaci\u00f3n<\/strong> y <strong>sonidos de letras<\/strong>. A tu peque\u00f1o le encantar\u00e1 aprender los sonidos de las letras mientras disfruta de las <strong>im\u00e1genes<\/strong> en <strong>acuarela<\/strong> que aparecen en estas tablas.<\/p>","protected":false},"featured_media":1002,"template":"","meta":[],"product_brand":[],"product_cat":[77,71,70],"product_tag":[],"class_list":{"0":"post-1001","1":"product","2":"type-product","3":"status-publish","4":"has-post-thumbnail","6":"product_cat-abecedario","7":"product_cat-flashcards","8":"product_cat-lenguaje","10":"first","11":"instock","12":"downloadable","13":"taxable","14":"shipping-taxable","15":"purchasable","16":"product-type-simple"},"_links":{"self":[{"href":"https:\/\/sweethomelearning.com\/es\/wp-json\/wp\/v2\/product\/1001","targetHints":{"allow":["GET"]}}],"collection":[{"href":"https:\/\/sweethomelearning.com\/es\/wp-json\/wp\/v2\/product"}],"about":[{"href":"https:\/\/sweethomelearning.com\/es\/wp-json\/wp\/v2\/types\/product"}],"wp:featuredmedia":[{"embeddable":true,"href":"https:\/\/sweethomelearning.com\/es\/wp-json\/wp\/v2\/media\/1002"}],"wp:attachment":[{"href":"https:\/\/sweethomelearning.com\/es\/wp-json\/wp\/v2\/media?parent=1001"}],"wp:term":[{"taxonomy":"product_brand","embeddable":true,"href":"https:\/\/sweethomelearning.com\/es\/wp-json\/wp\/v2\/product_brand?post=1001"},{"taxonomy":"product_cat","embeddable":true,"href":"https:\/\/sweethomelearning.com\/es\/wp-json\/wp\/v2\/product_cat?post=1001"},{"taxonomy":"product_tag","embeddable":true,"href":"https:\/\/sweethomelearning.com\/es\/wp-json\/wp\/v2\/product_tag?post=1001"}],"curies":[{"name":"wp","href":"https:\/\/api.w.org\/{rel}","templated":true}]}}