{"id":1004,"date":"2023-08-26T19:15:53","date_gmt":"2023-08-27T00:15:53","guid":{"rendered":"http:\/\/sweethomelearning.com\/?post_type=product&#038;p=1004"},"modified":"2023-08-29T11:06:12","modified_gmt":"2023-08-29T16:06:12","slug":"abecedario-fonetico-sonido-inicial-spanish-alphabet-inicial-sound","status":"publish","type":"product","link":"https:\/\/sweethomelearning.com\/es\/product\/abecedario-fonetico-sonido-inicial-spanish-alphabet-inicial-sound\/","title":{"rendered":"Abecedario Fon\u00e9tico Sonido Inicial &#8211; Spanish Alphabet Inicial Sound"},"content":{"rendered":"<p>Buscando trabajar de una manera <strong>divertida<\/strong> y <strong>creativa <\/strong>los <strong>sonidos<\/strong> <strong>iniciales<\/strong> del <strong>abecedario<\/strong>. Estas tarjetas son una herramienta muy <strong>\u00fatil<\/strong> para <strong>ayudar<\/strong> a los ni\u00f1os a aprender el abecedario.<\/p>\n<p>Puedes usarlas para <strong>ense\u00f1ar<\/strong> o <strong>recordar<\/strong> las <strong>letras<\/strong> y los <strong>sonidos de cada letra<\/strong>. Estas tarjetas tambi\u00e9n son una excelente forma de ense\u00f1ar a los ni\u00f1os la ortograf\u00eda.<\/p>\n<p><strong>Incluye:<\/strong><\/p>\n<ul>\n<li>29 tarjetas<\/li>\n<li>2 tipos de tiras (tarjetas con letras y tarjetas sin letras)<\/li>\n<li>3 im\u00e1genes por letra (excepto la letra w y x que solo tiene una imagen)<\/li>\n<li>Letra <strong>\u00f1<\/strong> (tiene dos imagenes)<\/li>\n<li>D\u00edgrafos <strong>ch<\/strong> y <strong>ll<\/strong> (cada d\u00edgrafo tiene 3 imagenes)<\/li>\n<\/ul>\n<p>Las<strong> tarjetas con letras<\/strong> (may\u00fasculas y min\u00fasculas) con im\u00e1genes. Son las <strong>tiras<\/strong> de <strong>control<\/strong>. Se pueden utilizar para <strong>practicar<\/strong> el <strong>sonido<\/strong> de la <strong>letra<\/strong> <strong>inicial<\/strong> con las im\u00e1genes que est\u00e1n en las tarjetas.<\/p>\n<p>Las <strong>tarjetas<\/strong> <strong>sin<\/strong> <strong>letras<\/strong> solo con im\u00e1genes. La idea es utilizar <strong>letras<\/strong> <strong>tangibles<\/strong> (puede ser letras <strong>magn\u00e9ticas<\/strong>, <strong>abecedario<\/strong> <strong>m\u00f3vil<\/strong> o similares) con las im\u00e1genes de las tarjetas que corresponda; tambi\u00e9n, si lamina las tiras de tarjetas puede <strong>escribir<\/strong> las letras con marcador en seco.<\/p>\n<p>Puedes usar estas tarjetas para jugar <strong>diversos<\/strong> <strong>juegos<\/strong> con los ni\u00f1os para ayudarles a aprender el abecedario y los sonidos de cada letra.<\/p>","protected":false},"excerpt":{"rendered":"<p>Buscando trabajar de una manera <strong>divertida<\/strong> y <strong>creativa <\/strong>los <strong>sonidos<\/strong> <strong>iniciales<\/strong> del <strong>abecedario<\/strong>. Estas tarjetas son una herramienta muy <strong>\u00fatil<\/strong> para <strong>ayudar<\/strong> a los ni\u00f1os a aprender el abecedario.<\/p>","protected":false},"featured_media":1005,"template":"","meta":[],"product_brand":[],"product_cat":[77,70],"product_tag":[],"class_list":{"0":"post-1004","1":"product","2":"type-product","3":"status-publish","4":"has-post-thumbnail","6":"product_cat-abecedario","7":"product_cat-lenguaje","9":"first","10":"instock","11":"downloadable","12":"taxable","13":"shipping-taxable","14":"purchasable","15":"product-type-simple"},"_links":{"self":[{"href":"https:\/\/sweethomelearning.com\/es\/wp-json\/wp\/v2\/product\/1004","targetHints":{"allow":["GET"]}}],"collection":[{"href":"https:\/\/sweethomelearning.com\/es\/wp-json\/wp\/v2\/product"}],"about":[{"href":"https:\/\/sweethomelearning.com\/es\/wp-json\/wp\/v2\/types\/product"}],"wp:featuredmedia":[{"embeddable":true,"href":"https:\/\/sweethomelearning.com\/es\/wp-json\/wp\/v2\/media\/1005"}],"wp:attachment":[{"href":"https:\/\/sweethomelearning.com\/es\/wp-json\/wp\/v2\/media?parent=1004"}],"wp:term":[{"taxonomy":"product_brand","embeddable":true,"href":"https:\/\/sweethomelearning.com\/es\/wp-json\/wp\/v2\/product_brand?post=1004"},{"taxonomy":"product_cat","embeddable":true,"href":"https:\/\/sweethomelearning.com\/es\/wp-json\/wp\/v2\/product_cat?post=1004"},{"taxonomy":"product_tag","embeddable":true,"href":"https:\/\/sweethomelearning.com\/es\/wp-json\/wp\/v2\/product_tag?post=1004"}],"curies":[{"name":"wp","href":"https:\/\/api.w.org\/{rel}","templated":true}]}}