{"id":1006,"date":"2023-08-26T19:24:32","date_gmt":"2023-08-27T00:24:32","guid":{"rendered":"http:\/\/sweethomelearning.com\/?post_type=product&#038;p=1006"},"modified":"2023-08-26T19:32:31","modified_gmt":"2023-08-27T00:32:31","slug":"montessori-visual-discrimination-discriminacion-visual-animales-de-granja","status":"publish","type":"product","link":"https:\/\/sweethomelearning.com\/es\/product\/montessori-visual-discrimination-discriminacion-visual-animales-de-granja\/","title":{"rendered":"Montessori Visual Discrimination &#8211; Discriminaci\u00f3n Visual Animales de Granja"},"content":{"rendered":"<p>Ayuda a los ni\u00f1os a <strong>identificar<\/strong> diferentes tipos de animales seg\u00fan su piel. Con esta herramienta educativa <strong>divertida<\/strong> y <strong>visualmente atractiva<\/strong>, los ni\u00f1os podran jugar a <strong>emparejar<\/strong> <strong>la piel<\/strong> con el animal que corresponde.<\/p>\n<p>Los ni\u00f1os AMARAN esta actividad mientras se divierten aprendiendo y desarrollan habilidades de observaci\u00f3n mientras aprenden a distinguir caracter\u00edsticas espec\u00edficas de los animales. Enfocado en animales de granja. Im\u00e1genes reales y animales en su h\u00e1bitat. Amigable con Montessori.<\/p>\n<p><strong>Incluye:<\/strong><\/p>\n<ul>\n<li>28 tarjetas (14 pieles y 14 animales).<\/li>\n<li>4 tarjetas por p\u00e1gina tama\u00f1o carta de 8.5&#8243; x 11&#8243;.<\/li>\n<li>Los animales que incluye son: vaca, cabra, cerdo, burro, gallina, oveja, pato, gato, ganzo, conejo, gallo, caballo, perro, pavo<\/li>\n<\/ul>","protected":false},"excerpt":{"rendered":"<p>Ayuda a los ni\u00f1os a <strong>identificar<\/strong> diferentes tipos de animales seg\u00fan su piel. Con esta herramienta educativa <strong>divertida<\/strong> y <strong>visualmente atractiva<\/strong>, los ni\u00f1os podran jugar a <strong>emparejar<\/strong> <strong>la piel<\/strong> con el animal que corresponde.<\/p>","protected":false},"featured_media":1007,"template":"","meta":[],"product_brand":[],"product_cat":[69,71],"product_tag":[],"class_list":{"0":"post-1006","1":"product","2":"type-product","3":"status-publish","4":"has-post-thumbnail","6":"product_cat-ciencias","7":"product_cat-flashcards","9":"first","10":"instock","11":"downloadable","12":"taxable","13":"shipping-taxable","14":"purchasable","15":"product-type-simple"},"_links":{"self":[{"href":"https:\/\/sweethomelearning.com\/es\/wp-json\/wp\/v2\/product\/1006","targetHints":{"allow":["GET"]}}],"collection":[{"href":"https:\/\/sweethomelearning.com\/es\/wp-json\/wp\/v2\/product"}],"about":[{"href":"https:\/\/sweethomelearning.com\/es\/wp-json\/wp\/v2\/types\/product"}],"wp:featuredmedia":[{"embeddable":true,"href":"https:\/\/sweethomelearning.com\/es\/wp-json\/wp\/v2\/media\/1007"}],"wp:attachment":[{"href":"https:\/\/sweethomelearning.com\/es\/wp-json\/wp\/v2\/media?parent=1006"}],"wp:term":[{"taxonomy":"product_brand","embeddable":true,"href":"https:\/\/sweethomelearning.com\/es\/wp-json\/wp\/v2\/product_brand?post=1006"},{"taxonomy":"product_cat","embeddable":true,"href":"https:\/\/sweethomelearning.com\/es\/wp-json\/wp\/v2\/product_cat?post=1006"},{"taxonomy":"product_tag","embeddable":true,"href":"https:\/\/sweethomelearning.com\/es\/wp-json\/wp\/v2\/product_tag?post=1006"}],"curies":[{"name":"wp","href":"https:\/\/api.w.org\/{rel}","templated":true}]}}