{"id":1010,"date":"2023-08-26T19:33:26","date_gmt":"2023-08-27T00:33:26","guid":{"rendered":"http:\/\/sweethomelearning.com\/?post_type=product&#038;p=1010"},"modified":"2023-08-29T11:05:53","modified_gmt":"2023-08-29T16:05:53","slug":"tablas-de-suma-y-resta-con-hojas-de-trabajo-addition-and-subtraction-spanish","status":"publish","type":"product","link":"https:\/\/sweethomelearning.com\/es\/product\/tablas-de-suma-y-resta-con-hojas-de-trabajo-addition-and-subtraction-spanish\/","title":{"rendered":"Tablas de Suma y Resta con Hojas de Trabajo &#8211; Addition and Subtraction Spanish"},"content":{"rendered":"<p><strong>\u00a1Proporciona una herramienta \u00fatil para ayudar a los ni\u00f1os aprender a sumar y restar de una manera efectiva! <\/strong>Con estas tablas para ense\u00f1ar a sumar y restar del 0 al 10 que son visuales y puedes incluir objetos, n\u00fameros o s\u00edmbolos matem\u00e1ticos para ayudar a los ni\u00f1os a entender los conceptos b\u00e1sicos de las operaciones matem\u00e1ticas.<\/p>\n<p>Los ni\u00f1os <strong>aprender\u00e1n<\/strong> de una forma <strong>pr\u00e1ctica<\/strong>, <strong>divertida<\/strong> e <strong>interactiva<\/strong> a sumar y restar, permitiendo que se mantengan interesados y motivados.<\/p>\n<p><strong>Incluye:<\/strong><\/p>\n<ul>\n<li>11 tablas de suma (0 al 10)<\/li>\n<li>11 tablas de resta (0 al 10)<\/li>\n<li>Dos tablas por hoja (11&#8243; x 8.5&#8243;)<\/li>\n<li>Hoja de 20 marcos para contar<\/li>\n<li>Hoja de suma para material manipulativo<\/li>\n<li>Hoja de resta para material manipulativo<\/li>\n<li>Hoja linea de n\u00fameros 0 al 20<\/li>\n<\/ul>\n<p><strong>\u00a1F\u00e1cil preparaci\u00f3n!<\/strong><\/p>","protected":false},"excerpt":{"rendered":"<p><strong>\u00a1Proporciona una herramienta \u00fatil para ayudar a los ni\u00f1os aprender a sumar y restar de una manera efectiva! <\/strong>Con estas tablas para ense\u00f1ar a sumar y restar del 0 al 10 que son visuales y puedes incluir objetos, n\u00fameros o s\u00edmbolos matem\u00e1ticos para ayudar a los ni\u00f1os a entender los conceptos b\u00e1sicos de las operaciones matem\u00e1ticas.<\/p>","protected":false},"featured_media":1011,"template":"","meta":[],"product_brand":[],"product_cat":[71,78],"product_tag":[],"class_list":{"0":"post-1010","1":"product","2":"type-product","3":"status-publish","4":"has-post-thumbnail","6":"product_cat-flashcards","7":"product_cat-numeros","9":"first","10":"instock","11":"downloadable","12":"taxable","13":"shipping-taxable","14":"purchasable","15":"product-type-simple"},"_links":{"self":[{"href":"https:\/\/sweethomelearning.com\/es\/wp-json\/wp\/v2\/product\/1010","targetHints":{"allow":["GET"]}}],"collection":[{"href":"https:\/\/sweethomelearning.com\/es\/wp-json\/wp\/v2\/product"}],"about":[{"href":"https:\/\/sweethomelearning.com\/es\/wp-json\/wp\/v2\/types\/product"}],"wp:featuredmedia":[{"embeddable":true,"href":"https:\/\/sweethomelearning.com\/es\/wp-json\/wp\/v2\/media\/1011"}],"wp:attachment":[{"href":"https:\/\/sweethomelearning.com\/es\/wp-json\/wp\/v2\/media?parent=1010"}],"wp:term":[{"taxonomy":"product_brand","embeddable":true,"href":"https:\/\/sweethomelearning.com\/es\/wp-json\/wp\/v2\/product_brand?post=1010"},{"taxonomy":"product_cat","embeddable":true,"href":"https:\/\/sweethomelearning.com\/es\/wp-json\/wp\/v2\/product_cat?post=1010"},{"taxonomy":"product_tag","embeddable":true,"href":"https:\/\/sweethomelearning.com\/es\/wp-json\/wp\/v2\/product_tag?post=1010"}],"curies":[{"name":"wp","href":"https:\/\/api.w.org\/{rel}","templated":true}]}}