{"id":1013,"date":"2023-08-26T19:41:01","date_gmt":"2023-08-27T00:41:01","guid":{"rendered":"http:\/\/sweethomelearning.com\/?post_type=product&#038;p=1013"},"modified":"2023-08-29T11:05:39","modified_gmt":"2023-08-29T16:05:39","slug":"trazando-el-abecedario-spanish-alphabet","status":"publish","type":"product","link":"https:\/\/sweethomelearning.com\/es\/product\/trazando-el-abecedario-spanish-alphabet\/","title":{"rendered":"Trazando el Abecedario &#8211; Spanish Alphabet"},"content":{"rendered":"<p>Tarjetas para trazar el alfabeto perfectas para usar individualmente o para unirlas para crear un libro de abecedario. A medida que los peques trabajan con este material, aprender\u00e1n la formaci\u00f3n adecuada de las letras y al mismo tiempo desarrollaran habilidades de motricidad fina. Tambi\u00e9n se pueden utilizar para reconocimiento de letras; los peques usar\u00e1n su dedo y no un marcador de borrado en seco. Es la experiencia t\u00e1ctil la que ayuda a los peques a recordar los nombres de las letras.<\/p>\n<p>Estas tarjetas <strong>refuerzan<\/strong>:<\/p>\n<ul>\n<li>Habilidades de identificaci\u00f3n de letras<\/li>\n<li>Conocimiento del sonido de las letras<\/li>\n<li>Vocabulario<\/li>\n<li>Habilidades motoras finas<\/li>\n<li>Formaci\u00f3n adecuada de letras<\/li>\n<\/ul>\n<p><strong>Incluye: <\/strong><\/p>\n<ul>\n<li>26 letras (may\u00fasculas y min\u00fasculas) cada una con una imagen relaciona a la letra.<\/li>\n<\/ul>\n<p><strong>Nota: <\/strong>No incluye letra \u00f1.<\/p>\n<p>Aseg\u00farese de plastificar las tarjetas y colocarlas en un anillo para mayor durabilidad y facilidad de uso.<\/p>","protected":false},"excerpt":{"rendered":"<p><strong>\u00a1Proporciona una herramienta \u00fatil para ayudar a los ni\u00f1os aprender a trazar el abecedario de una manera efectiva! <\/strong>Perfectas para usar individualmente o para unirlas para crear un libro de abecedario.<\/p>","protected":false},"featured_media":1014,"template":"","meta":[],"product_brand":[],"product_cat":[77,71],"product_tag":[],"class_list":{"0":"post-1013","1":"product","2":"type-product","3":"status-publish","4":"has-post-thumbnail","6":"product_cat-abecedario","7":"product_cat-flashcards","9":"first","10":"instock","11":"downloadable","12":"taxable","13":"shipping-taxable","14":"purchasable","15":"product-type-simple"},"_links":{"self":[{"href":"https:\/\/sweethomelearning.com\/es\/wp-json\/wp\/v2\/product\/1013","targetHints":{"allow":["GET"]}}],"collection":[{"href":"https:\/\/sweethomelearning.com\/es\/wp-json\/wp\/v2\/product"}],"about":[{"href":"https:\/\/sweethomelearning.com\/es\/wp-json\/wp\/v2\/types\/product"}],"wp:featuredmedia":[{"embeddable":true,"href":"https:\/\/sweethomelearning.com\/es\/wp-json\/wp\/v2\/media\/1014"}],"wp:attachment":[{"href":"https:\/\/sweethomelearning.com\/es\/wp-json\/wp\/v2\/media?parent=1013"}],"wp:term":[{"taxonomy":"product_brand","embeddable":true,"href":"https:\/\/sweethomelearning.com\/es\/wp-json\/wp\/v2\/product_brand?post=1013"},{"taxonomy":"product_cat","embeddable":true,"href":"https:\/\/sweethomelearning.com\/es\/wp-json\/wp\/v2\/product_cat?post=1013"},{"taxonomy":"product_tag","embeddable":true,"href":"https:\/\/sweethomelearning.com\/es\/wp-json\/wp\/v2\/product_tag?post=1013"}],"curies":[{"name":"wp","href":"https:\/\/api.w.org\/{rel}","templated":true}]}}