{"id":1015,"date":"2023-08-26T19:49:57","date_gmt":"2023-08-27T00:49:57","guid":{"rendered":"http:\/\/sweethomelearning.com\/?post_type=product&#038;p=1015"},"modified":"2023-08-29T11:05:20","modified_gmt":"2023-08-29T16:05:20","slug":"vocales-sonido-inicial-vowels-clip-cards-spanish","status":"publish","type":"product","link":"https:\/\/sweethomelearning.com\/es\/product\/vocales-sonido-inicial-vowels-clip-cards-spanish\/","title":{"rendered":"Vocales Sonido Inicial &#8211; Vowels Clip Cards Spanish"},"content":{"rendered":"<p>\u00a1Diversi\u00f3n mientras aprenden! Est\u00e1s tarjetas son una herramienta <strong>divertida<\/strong> y <strong>visual<\/strong> para aprender sobre la alfabetizaci\u00f3n y ayudar a los ni\u00f1os a mejorar su lectura. Adem\u00e1s, son <strong>f\u00e1ciles<\/strong><strong>de usar<\/strong> y ayudan a los ni\u00f1os a desarrollar su capacidad para identificar los sonidos iniciales de las palabras.<\/p>\n<p>Los ni\u00f1os disfrutaran esta excelente actividad para <strong>identificar<\/strong> el <strong>sonido inicial<\/strong> en las <strong>vocales del abecedario en espa\u00f1ol<\/strong>. Una manera divertida de aprender, conocer o repasar las vocales (A E I O U). <strong>Ideales <\/strong>para trabajar en <strong>grupo <\/strong>o<strong> individual<\/strong>. Im\u00e1genes sencillas y claras en acuarela inspiradas en Montessori.<\/p>\n<p><strong>Incluye:<\/strong><\/p>\n<ul>\n<li>Letra A<\/li>\n<li>Letra E<\/li>\n<li>Letra I<\/li>\n<li>Letra O<\/li>\n<li>Letra U<\/li>\n<li>Cada letra incluye 8 tarjetas<\/li>\n<li>P\u00e1gina de control con las respuestas.<\/li>\n<\/ul>\n<p><strong>Ideas de uso<\/strong><\/p>\n<ul>\n<li>Puedes utilizar fichas de bingo, fichas de madera, pinches peque\u00f1os de ropa para marcar la vocal asociada a la imagen.<\/li>\n<li>Si lo quieres hacer m\u00e1s divertido puedes utilizar pintura y que el ni\u00f1o pinte su dedo para marcar la respuesta correcta.<\/li>\n<\/ul>","protected":false},"excerpt":{"rendered":"<p>\u00a1Diversi\u00f3n mientras aprenden! Est\u00e1s tarjetas son una herramienta <strong>divertida<\/strong> y <strong>visual<\/strong> para aprender sobre la alfabetizaci\u00f3n y ayudar a los ni\u00f1os a mejorar su lectura. Adem\u00e1s, son <strong>f\u00e1ciles<\/strong><strong>de usar<\/strong> y ayudan a los ni\u00f1os a desarrollar su capacidad para identificar los sonidos iniciales de las palabras.<\/p>","protected":false},"featured_media":1016,"template":"","meta":[],"product_brand":[],"product_cat":[70,79],"product_tag":[],"class_list":{"0":"post-1015","1":"product","2":"type-product","3":"status-publish","4":"has-post-thumbnail","6":"product_cat-lenguaje","7":"product_cat-vocales","9":"first","10":"instock","11":"downloadable","12":"taxable","13":"shipping-taxable","14":"purchasable","15":"product-type-simple"},"_links":{"self":[{"href":"https:\/\/sweethomelearning.com\/es\/wp-json\/wp\/v2\/product\/1015","targetHints":{"allow":["GET"]}}],"collection":[{"href":"https:\/\/sweethomelearning.com\/es\/wp-json\/wp\/v2\/product"}],"about":[{"href":"https:\/\/sweethomelearning.com\/es\/wp-json\/wp\/v2\/types\/product"}],"wp:featuredmedia":[{"embeddable":true,"href":"https:\/\/sweethomelearning.com\/es\/wp-json\/wp\/v2\/media\/1016"}],"wp:attachment":[{"href":"https:\/\/sweethomelearning.com\/es\/wp-json\/wp\/v2\/media?parent=1015"}],"wp:term":[{"taxonomy":"product_brand","embeddable":true,"href":"https:\/\/sweethomelearning.com\/es\/wp-json\/wp\/v2\/product_brand?post=1015"},{"taxonomy":"product_cat","embeddable":true,"href":"https:\/\/sweethomelearning.com\/es\/wp-json\/wp\/v2\/product_cat?post=1015"},{"taxonomy":"product_tag","embeddable":true,"href":"https:\/\/sweethomelearning.com\/es\/wp-json\/wp\/v2\/product_tag?post=1015"}],"curies":[{"name":"wp","href":"https:\/\/api.w.org\/{rel}","templated":true}]}}