{"id":564,"date":"2022-02-23T18:58:06","date_gmt":"2022-02-24T00:58:06","guid":{"rendered":"http:\/\/sweethomelearning.com\/?post_type=product&#038;p=564"},"modified":"2023-08-29T11:13:04","modified_gmt":"2023-08-29T16:13:04","slug":"clasificando-caliente-y-frio","status":"publish","type":"product","link":"https:\/\/sweethomelearning.com\/es\/product\/clasificando-caliente-y-frio\/","title":{"rendered":"Clasificar Caliente o Fr\u00edo"},"content":{"rendered":"<p>Tarjetas dirigidas para trabajar a modo de juego y clasificar entre caliente y fr\u00edo. Una manera divertida de ense\u00f1ar al ni\u00f1o los ant\u00f3nimos y pueda comprender la diferencia entre distintos t\u00e9rminos. Las im\u00e1genes son en acuarela inspiradas en Montessori.<\/p>\n<p><strong>Incluye:<\/strong><\/p>\n<ul>\n<li>12 tarjetas (6 para caliente y 6 para fr\u00edo)<\/li>\n<li>P\u00e1gina de control: esto ayuda para la auto-correcci\u00f3n.<\/li>\n<\/ul>\n<p>______________________________________________________________________________________________________________<\/p>\n<p><strong>T\u00e9rminos de uso:<\/strong><\/p>\n<p>Todos los derechos reservados. Este material est\u00e1 protegido por derechos de autor. Esta compra da licencia para usarlo \u00fanicamente en su sal\u00f3n de clase o de uso familiar; compartirlo en otro sitio de internet o persona est\u00e1 prohibido. Gracias por respetar mi trabajo.<\/p>\n<p>\u27bc S\u00edguenos en\u00a0<a href=\"https:\/\/www.instagram.com\/sweethomelearning\/\" rel=\"nofollow noopener\">Instagram<\/a>.<\/p>","protected":false},"excerpt":{"rendered":"<p>Tarjetas dirigidas para trabajar a modo de juego y clasificar entre caliente y fr\u00edo. Una manera divertida de ense\u00f1ar al ni\u00f1o los ant\u00f3nimos y pueda comprender la diferencia entre distintos t\u00e9rminos. Las im\u00e1genes son en acuarela inspiradas en Montessori.<\/p>","protected":false},"featured_media":563,"template":"","meta":[],"product_brand":[],"product_cat":[69,71],"product_tag":[],"class_list":{"0":"post-564","1":"product","2":"type-product","3":"status-publish","4":"has-post-thumbnail","6":"product_cat-ciencias","7":"product_cat-flashcards","9":"first","10":"instock","11":"downloadable","12":"taxable","13":"shipping-taxable","14":"purchasable","15":"product-type-simple"},"_links":{"self":[{"href":"https:\/\/sweethomelearning.com\/es\/wp-json\/wp\/v2\/product\/564","targetHints":{"allow":["GET"]}}],"collection":[{"href":"https:\/\/sweethomelearning.com\/es\/wp-json\/wp\/v2\/product"}],"about":[{"href":"https:\/\/sweethomelearning.com\/es\/wp-json\/wp\/v2\/types\/product"}],"wp:featuredmedia":[{"embeddable":true,"href":"https:\/\/sweethomelearning.com\/es\/wp-json\/wp\/v2\/media\/563"}],"wp:attachment":[{"href":"https:\/\/sweethomelearning.com\/es\/wp-json\/wp\/v2\/media?parent=564"}],"wp:term":[{"taxonomy":"product_brand","embeddable":true,"href":"https:\/\/sweethomelearning.com\/es\/wp-json\/wp\/v2\/product_brand?post=564"},{"taxonomy":"product_cat","embeddable":true,"href":"https:\/\/sweethomelearning.com\/es\/wp-json\/wp\/v2\/product_cat?post=564"},{"taxonomy":"product_tag","embeddable":true,"href":"https:\/\/sweethomelearning.com\/es\/wp-json\/wp\/v2\/product_tag?post=564"}],"curies":[{"name":"wp","href":"https:\/\/api.w.org\/{rel}","templated":true}]}}