{"id":617,"date":"2022-02-23T19:11:01","date_gmt":"2022-02-24T01:11:01","guid":{"rendered":"http:\/\/sweethomelearning.com\/?post_type=product&#038;p=617"},"modified":"2023-08-28T12:46:10","modified_gmt":"2023-08-28T17:46:10","slug":"trazando-palabras-de-otono","status":"publish","type":"product","link":"https:\/\/sweethomelearning.com\/es\/product\/trazando-palabras-de-otono\/","title":{"rendered":"Trazando Palabras de Oto\u00f1o"},"content":{"rendered":"<p>Hojas de escritura relacionadas con el vocabulario de oto\u00f1o para ni\u00f1os de 3 a 6 a\u00f1os. Est\u00e1n dise\u00f1adas para apoyar al ni\u00f1o en el proceso de aprender a leer y escribir.<\/p>\n<p><em>\u00a1No necesitan preparaci\u00f3n! Imprime y listo.<\/em><\/p>\n<p><strong>Incluye:<\/strong><\/p>\n<ul>\n<li><strong><em>16 tiras<\/em><\/strong>\u00a0para trazar las palabras (4 tiras por p\u00e1gina).<\/li>\n<li><em><strong>Im\u00e1genes de acuarela, realistas y amigables con Montessori.<\/strong><\/em><\/li>\n<\/ul>\n<p><strong><em>Ideales para:<\/em><\/strong><\/p>\n<ul>\n<li>Escuelas<\/li>\n<li>Educaci\u00f3n en el hogar<\/li>\n<\/ul>\n<p><em><strong>Ideas de uso:<\/strong><\/em><\/p>\n<ul>\n<li>Lamine o coloque en protectores de fundas de pl\u00e1stico o men\u00fas para usar una y otra vez con marcadores de borrado en seco.<\/li>\n<li>Recortar las tiras y crear un llavero con ellas.<\/li>\n<\/ul>\n<p>______________________________________________________________________________________________________________<\/p>\n<p><strong>T\u00e9rminos de uso:<\/strong><\/p>\n<p>Todos los derechos reservados. Este material est\u00e1 protegido por derechos de autor. Esta compra da licencia para usarlo \u00fanicamente en su sal\u00f3n de clase o de uso familiar; compartirlo en otro sitio de internet o persona est\u00e1 prohibido. Gracias por respetar mi trabajo.<\/p>\n<p>\u27bc S\u00edguenos en\u00a0<a href=\"https:\/\/www.instagram.com\/sweethomelearning\/\" rel=\"nofollow noopener\">Instagram<\/a>.<\/p>","protected":false},"excerpt":{"rendered":"<p>Hojas de escritura relacionadas con el vocabulario de oto\u00f1o para ni\u00f1os de 3 a 6 a\u00f1os. Est\u00e1n dise\u00f1adas para apoyar al ni\u00f1o en el proceso de aprender a leer y escribir.<\/p>","protected":false},"featured_media":513,"template":"","meta":[],"product_brand":[],"product_cat":[81],"product_tag":[],"class_list":{"0":"post-617","1":"product","2":"type-product","3":"status-publish","4":"has-post-thumbnail","6":"product_cat-temporada","8":"first","9":"instock","10":"downloadable","11":"taxable","12":"shipping-taxable","13":"purchasable","14":"product-type-simple"},"_links":{"self":[{"href":"https:\/\/sweethomelearning.com\/es\/wp-json\/wp\/v2\/product\/617","targetHints":{"allow":["GET"]}}],"collection":[{"href":"https:\/\/sweethomelearning.com\/es\/wp-json\/wp\/v2\/product"}],"about":[{"href":"https:\/\/sweethomelearning.com\/es\/wp-json\/wp\/v2\/types\/product"}],"wp:featuredmedia":[{"embeddable":true,"href":"https:\/\/sweethomelearning.com\/es\/wp-json\/wp\/v2\/media\/513"}],"wp:attachment":[{"href":"https:\/\/sweethomelearning.com\/es\/wp-json\/wp\/v2\/media?parent=617"}],"wp:term":[{"taxonomy":"product_brand","embeddable":true,"href":"https:\/\/sweethomelearning.com\/es\/wp-json\/wp\/v2\/product_brand?post=617"},{"taxonomy":"product_cat","embeddable":true,"href":"https:\/\/sweethomelearning.com\/es\/wp-json\/wp\/v2\/product_cat?post=617"},{"taxonomy":"product_tag","embeddable":true,"href":"https:\/\/sweethomelearning.com\/es\/wp-json\/wp\/v2\/product_tag?post=617"}],"curies":[{"name":"wp","href":"https:\/\/api.w.org\/{rel}","templated":true}]}}