{"id":618,"date":"2022-02-23T19:14:17","date_gmt":"2022-02-24T01:14:17","guid":{"rendered":"http:\/\/sweethomelearning.com\/?post_type=product&#038;p=618"},"modified":"2023-08-29T15:05:12","modified_gmt":"2023-08-29T20:05:12","slug":"contando-manzanas-del-0-10","status":"publish","type":"product","link":"https:\/\/sweethomelearning.com\/es\/product\/contando-manzanas-del-0-10\/","title":{"rendered":"Contando Manzanas del 0-10"},"content":{"rendered":"<p>Te van a encantar estos hermosos &#8220;playmats&#8221; para contar manzana del 0 al 10. Excelente manera de introducir la habilidad de contar o reforzar las habilidades de contar. Son incre\u00edblemente vers\u00e1tiles.<\/p>\n<p><em>Algunas de muchas habilidades que puedes practicar con estos &#8220;playmats&#8221;:<\/em><\/p>\n<ul>\n<li>Identificaci\u00f3n num\u00e9rica<\/li>\n<li>Concepto de adici\u00f3n<\/li>\n<li>Usando marcos de 10<\/li>\n<li>Reconocimiento de n\u00fameros<\/li>\n<\/ul>\n<p><strong>Este paquete incluye:<\/strong><\/p>\n<ul>\n<li>11 &#8220;playmats&#8221; con los n\u00fameros del 0-10<\/li>\n<\/ul>\n<p>______________________________________________________________________________________________________________<\/p>\n<p><strong>T\u00e9rminos de uso:<\/strong><\/p>\n<p>Todos los derechos reservados. Este material est\u00e1 protegido por derechos de autor. Esta compra da licencia para usarlo \u00fanicamente en su sal\u00f3n de clase o de uso familiar; compartirlo en otro sitio de internet o persona est\u00e1 prohibido. Gracias por respetar mi trabajo.<\/p>\n<p>\u27bc S\u00edguenos en\u00a0<a href=\"https:\/\/www.instagram.com\/sweethomelearning\/\" rel=\"nofollow noopener\">Instagram<\/a>.<\/p>","protected":false},"excerpt":{"rendered":"<p>Te van a encantar estos hermosos &#8220;playmats&#8221; para contar manzana del 0 al 10. Excelente manera de introducir la habilidad de contar o reforzar las habilidades de contar. Son incre\u00edblemente vers\u00e1tiles.<\/p>","protected":false},"featured_media":514,"template":"","meta":[],"product_brand":[],"product_cat":[78,81],"product_tag":[],"class_list":{"0":"post-618","1":"product","2":"type-product","3":"status-publish","4":"has-post-thumbnail","6":"product_cat-numeros","7":"product_cat-temporada","9":"first","10":"instock","11":"downloadable","12":"taxable","13":"shipping-taxable","14":"purchasable","15":"product-type-simple"},"_links":{"self":[{"href":"https:\/\/sweethomelearning.com\/es\/wp-json\/wp\/v2\/product\/618","targetHints":{"allow":["GET"]}}],"collection":[{"href":"https:\/\/sweethomelearning.com\/es\/wp-json\/wp\/v2\/product"}],"about":[{"href":"https:\/\/sweethomelearning.com\/es\/wp-json\/wp\/v2\/types\/product"}],"wp:featuredmedia":[{"embeddable":true,"href":"https:\/\/sweethomelearning.com\/es\/wp-json\/wp\/v2\/media\/514"}],"wp:attachment":[{"href":"https:\/\/sweethomelearning.com\/es\/wp-json\/wp\/v2\/media?parent=618"}],"wp:term":[{"taxonomy":"product_brand","embeddable":true,"href":"https:\/\/sweethomelearning.com\/es\/wp-json\/wp\/v2\/product_brand?post=618"},{"taxonomy":"product_cat","embeddable":true,"href":"https:\/\/sweethomelearning.com\/es\/wp-json\/wp\/v2\/product_cat?post=618"},{"taxonomy":"product_tag","embeddable":true,"href":"https:\/\/sweethomelearning.com\/es\/wp-json\/wp\/v2\/product_tag?post=618"}],"curies":[{"name":"wp","href":"https:\/\/api.w.org\/{rel}","templated":true}]}}