{"id":625,"date":"2022-02-23T19:33:13","date_gmt":"2022-02-24T01:33:13","guid":{"rendered":"http:\/\/sweethomelearning.com\/?post_type=product&#038;p=625"},"modified":"2023-08-28T12:44:54","modified_gmt":"2023-08-28T17:44:54","slug":"articulos-definidos-el-la-singular-bingo-navidad","status":"publish","type":"product","link":"https:\/\/sweethomelearning.com\/es\/product\/articulos-definidos-el-la-singular-bingo-navidad\/","title":{"rendered":"Bingo de Navidad Articulos el y la"},"content":{"rendered":"<p>Excelente recurso para trabajar de una manera divertida el\u00a0<strong>art\u00edculo<\/strong>\u00a0definido\u00a0<strong><em>el<\/em><\/strong>\u00a0y\u00a0<strong><em>la<\/em><\/strong>. Es un bingo con im\u00e1genes cl\u00e1sicas de navidad.<\/p>\n<p>Incluye:<\/p>\n<ul>\n<li>6 cartones de bingo (tama\u00f1o carta 8.5&#215;11)<\/li>\n<li>18 tarjetas para jugar bingo (cada tarjeta contiene el art\u00edculo que le corresponde)<\/li>\n<\/ul>\n<p>______________________________________________________________________________________________________________<\/p>\n<p><strong>T\u00e9rminos de uso:<\/strong><\/p>\n<p>Todos los derechos reservados. Este material est\u00e1 protegido por derechos de autor. Esta compra da licencia para usarlo \u00fanicamente en su sal\u00f3n de clase o de uso familiar; compartirlo en otro sitio de internet o persona est\u00e1 prohibido. Gracias por respetar mi trabajo.<\/p>\n<p>\u27bc S\u00edguenos en\u00a0<a href=\"https:\/\/www.instagram.com\/sweethomelearning\/\" rel=\"nofollow noopener\">Instagram<\/a>.<\/p>","protected":false},"excerpt":{"rendered":"<p>Excelente recurso para trabajar de una manera divertida el\u00a0<strong>art\u00edculo<\/strong>\u00a0definido\u00a0<strong><em>el<\/em><\/strong>\u00a0y\u00a0<strong><em>la<\/em><\/strong>. Es un bingo con im\u00e1genes cl\u00e1sicas de navidad.<\/p>","protected":false},"featured_media":522,"template":"","meta":[],"product_brand":[],"product_cat":[81],"product_tag":[],"class_list":{"0":"post-625","1":"product","2":"type-product","3":"status-publish","4":"has-post-thumbnail","6":"product_cat-temporada","8":"first","9":"instock","10":"downloadable","11":"taxable","12":"shipping-taxable","13":"purchasable","14":"product-type-simple"},"_links":{"self":[{"href":"https:\/\/sweethomelearning.com\/es\/wp-json\/wp\/v2\/product\/625","targetHints":{"allow":["GET"]}}],"collection":[{"href":"https:\/\/sweethomelearning.com\/es\/wp-json\/wp\/v2\/product"}],"about":[{"href":"https:\/\/sweethomelearning.com\/es\/wp-json\/wp\/v2\/types\/product"}],"wp:featuredmedia":[{"embeddable":true,"href":"https:\/\/sweethomelearning.com\/es\/wp-json\/wp\/v2\/media\/522"}],"wp:attachment":[{"href":"https:\/\/sweethomelearning.com\/es\/wp-json\/wp\/v2\/media?parent=625"}],"wp:term":[{"taxonomy":"product_brand","embeddable":true,"href":"https:\/\/sweethomelearning.com\/es\/wp-json\/wp\/v2\/product_brand?post=625"},{"taxonomy":"product_cat","embeddable":true,"href":"https:\/\/sweethomelearning.com\/es\/wp-json\/wp\/v2\/product_cat?post=625"},{"taxonomy":"product_tag","embeddable":true,"href":"https:\/\/sweethomelearning.com\/es\/wp-json\/wp\/v2\/product_tag?post=625"}],"curies":[{"name":"wp","href":"https:\/\/api.w.org\/{rel}","templated":true}]}}