{"id":630,"date":"2022-02-23T21:49:34","date_gmt":"2022-02-24T03:49:34","guid":{"rendered":"http:\/\/sweethomelearning.com\/?post_type=product&#038;p=630"},"modified":"2023-08-29T11:12:24","modified_gmt":"2023-08-29T16:12:24","slug":"rompecabezas-abecedario-en-dos-partes","status":"publish","type":"product","link":"https:\/\/sweethomelearning.com\/es\/product\/rompecabezas-abecedario-en-dos-partes\/","title":{"rendered":"Rompecabezas: Abecedario en dos partes"},"content":{"rendered":"<p>Rompecabezas del abecedario en\u00a0<strong>espa\u00f1ol<\/strong>\u00a0ideales para que el ni\u00f1o aprenda, refuerce y\/o reconozca las parejas de las letras may\u00fasculas con min\u00fasculas. Im\u00e1genes en acuarelas, realistas y amigables con Montessori.<\/p>\n<p>Estas tarjetas\u00a0<strong>refuerzan<\/strong>:<\/p>\n<ul>\n<li>Habilidades de identificaci\u00f3n de letras<\/li>\n<li>Conocimiento del sonido de las letras<\/li>\n<li>Vocabulario<\/li>\n<\/ul>\n<p><strong>Incluye:<\/strong><\/p>\n<ul>\n<li>28 rompecabezas (may\u00fasculas y min\u00fasculas) cada una con una imagen relacionada a la letra; incluye letras Ch y Ll.<\/li>\n<li>4 rompecabezas por p\u00e1gina<\/li>\n<\/ul>\n<p><em><strong>\u00a1Bono!\u00a0<\/strong><\/em>Incluye tarjetas de control por vocales y consonantes.<\/p>\n<p><strong>Nota:<\/strong>\u00a0<em>No incluye la letra \u00f1.<\/em><\/p>\n<p><strong>Ideas:<\/strong><\/p>\n<ul>\n<li>Imprime en papel grueso y recorta las tarjetas del rompecabezas.<\/li>\n<li>Para mayor durabilidad y facilidad de uso puedes laminar.<\/li>\n<\/ul>\n<p>______________________________________________________________________________________________________________<\/p>\n<p><strong>T\u00e9rminos de uso:<\/strong><\/p>\n<p>Todos los derechos reservados. Este material est\u00e1 protegido por derechos de autor. Esta compra da licencia para usarlo \u00fanicamente en su sal\u00f3n de clase o de uso familiar; compartirlo en otro sitio de internet o persona est\u00e1 prohibido. Gracias por respetar mi trabajo.<\/p>\n<p>\u27bc S\u00edguenos en\u00a0<a href=\"https:\/\/www.instagram.com\/sweethomelearning\/\" rel=\"nofollow noopener\">Instagram<\/a>.<\/p>","protected":false},"excerpt":{"rendered":"<p>Rompecabezas del abecedario en\u00a0<strong>espa\u00f1ol<\/strong>\u00a0ideales para que el ni\u00f1o aprenda, refuerce y\/o reconozca las parejas de las letras may\u00fasculas con min\u00fasculas. Im\u00e1genes en acuarelas, realistas y amigables con Montessori.<\/p>","protected":false},"featured_media":524,"template":"","meta":[],"product_brand":[],"product_cat":[77,70],"product_tag":[],"class_list":{"0":"post-630","1":"product","2":"type-product","3":"status-publish","4":"has-post-thumbnail","6":"product_cat-abecedario","7":"product_cat-lenguaje","9":"first","10":"instock","11":"downloadable","12":"taxable","13":"shipping-taxable","14":"purchasable","15":"product-type-simple"},"_links":{"self":[{"href":"https:\/\/sweethomelearning.com\/es\/wp-json\/wp\/v2\/product\/630","targetHints":{"allow":["GET"]}}],"collection":[{"href":"https:\/\/sweethomelearning.com\/es\/wp-json\/wp\/v2\/product"}],"about":[{"href":"https:\/\/sweethomelearning.com\/es\/wp-json\/wp\/v2\/types\/product"}],"wp:featuredmedia":[{"embeddable":true,"href":"https:\/\/sweethomelearning.com\/es\/wp-json\/wp\/v2\/media\/524"}],"wp:attachment":[{"href":"https:\/\/sweethomelearning.com\/es\/wp-json\/wp\/v2\/media?parent=630"}],"wp:term":[{"taxonomy":"product_brand","embeddable":true,"href":"https:\/\/sweethomelearning.com\/es\/wp-json\/wp\/v2\/product_brand?post=630"},{"taxonomy":"product_cat","embeddable":true,"href":"https:\/\/sweethomelearning.com\/es\/wp-json\/wp\/v2\/product_cat?post=630"},{"taxonomy":"product_tag","embeddable":true,"href":"https:\/\/sweethomelearning.com\/es\/wp-json\/wp\/v2\/product_tag?post=630"}],"curies":[{"name":"wp","href":"https:\/\/api.w.org\/{rel}","templated":true}]}}