{"id":636,"date":"2022-02-24T12:38:51","date_gmt":"2022-02-24T18:38:51","guid":{"rendered":"http:\/\/sweethomelearning.com\/?post_type=product&#038;p=636"},"modified":"2023-08-24T10:20:10","modified_gmt":"2023-08-24T15:20:10","slug":"tarjetas-los-colores-de-la-naturaleza","status":"publish","type":"product","link":"https:\/\/sweethomelearning.com\/es\/product\/tarjetas-los-colores-de-la-naturaleza\/","title":{"rendered":"Tarjetas: Los Colores de la Naturaleza"},"content":{"rendered":"<p>Son 55 tarjetas con im\u00e1genes reales en acuarela, 5 tarjetas para cada color. El peque calificar\u00e1 las tarjetas seg\u00fan los colores y tambi\u00e9n estar\u00e1 aprendiendo y\/o reforzando vocabulario. Inspirado en la filolog\u00eda Montessori.<\/p>\n<p><strong>Incluye:<\/strong><\/p>\n<ul>\n<li>Los colores: azul, amarillo, rojo, violeta, rosa, marr\u00f3n, verde, anaranjado, gris, blanco, negro.<\/li>\n<li>Cada color tiene 5 im\u00e1genes reales en acuarela.<\/li>\n<\/ul>\n<p><strong>Idea:<\/strong><\/p>\n<p>Te recomiendo que comiences con los colores primarios primero, luego una vez que se haya familiarizado con los tres primeros, sigas con los colores secundarios&#8230; y el resto de los colores.<\/p>\n<p>____________________________________________________________________________________________________________<\/p>\n<p><strong>T\u00e9rminos de uso:<\/strong><\/p>\n<p>Todos los derechos reservados. Este material est\u00e1 protegido por derechos de autor. Esta compra da licencia para usarlo \u00fanicamente en su sal\u00f3n de clase o de uso familiar; compartirlo en otro sitio de internet o persona est\u00e1 prohibido. Gracias por respetar mi trabajo.<\/p>\n<p>\u27bc S\u00edguenos en\u00a0<a href=\"https:\/\/www.instagram.com\/sweethomelearning\/\" rel=\"nofollow noopener\">Instagram<\/a>.<\/p>","protected":false},"excerpt":{"rendered":"<p>Son 55 tarjetas con im\u00e1genes reales en acuarela, 5 tarjetas para cada color. El peque calificar\u00e1 las tarjetas seg\u00fan los colores y tambi\u00e9n estar\u00e1 aprendiendo y\/o reforzando vocabulario. Inspirado en la filolog\u00eda Montessori.<\/p>","protected":false},"featured_media":528,"template":"","meta":[],"product_brand":[],"product_cat":[69,71,70],"product_tag":[],"class_list":{"0":"post-636","1":"product","2":"type-product","3":"status-publish","4":"has-post-thumbnail","6":"product_cat-ciencias","7":"product_cat-flashcards","8":"product_cat-lenguaje","10":"first","11":"instock","12":"downloadable","13":"taxable","14":"shipping-taxable","15":"purchasable","16":"product-type-simple"},"_links":{"self":[{"href":"https:\/\/sweethomelearning.com\/es\/wp-json\/wp\/v2\/product\/636","targetHints":{"allow":["GET"]}}],"collection":[{"href":"https:\/\/sweethomelearning.com\/es\/wp-json\/wp\/v2\/product"}],"about":[{"href":"https:\/\/sweethomelearning.com\/es\/wp-json\/wp\/v2\/types\/product"}],"wp:featuredmedia":[{"embeddable":true,"href":"https:\/\/sweethomelearning.com\/es\/wp-json\/wp\/v2\/media\/528"}],"wp:attachment":[{"href":"https:\/\/sweethomelearning.com\/es\/wp-json\/wp\/v2\/media?parent=636"}],"wp:term":[{"taxonomy":"product_brand","embeddable":true,"href":"https:\/\/sweethomelearning.com\/es\/wp-json\/wp\/v2\/product_brand?post=636"},{"taxonomy":"product_cat","embeddable":true,"href":"https:\/\/sweethomelearning.com\/es\/wp-json\/wp\/v2\/product_cat?post=636"},{"taxonomy":"product_tag","embeddable":true,"href":"https:\/\/sweethomelearning.com\/es\/wp-json\/wp\/v2\/product_tag?post=636"}],"curies":[{"name":"wp","href":"https:\/\/api.w.org\/{rel}","templated":true}]}}