{"id":645,"date":"2022-02-24T20:51:13","date_gmt":"2022-02-25T02:51:13","guid":{"rendered":"http:\/\/sweethomelearning.com\/?post_type=product&#038;p=645"},"modified":"2023-08-29T11:10:33","modified_gmt":"2023-08-29T16:10:33","slug":"flashcards-sonido-inicial-vocal-e","status":"publish","type":"product","link":"https:\/\/sweethomelearning.com\/es\/product\/flashcards-sonido-inicial-vocal-e\/","title":{"rendered":"Flashcards Sonido inicial: Vocal e"},"content":{"rendered":"<p>M\u00e1s de 20 tarjetas enfocadas en la vocal \/e\/. Im\u00e1genes simples y claras. Perfectas para adquirir vocabulario, reforzar o trabajar la conciencia fonol\u00f3gica de la vocal Ee. Inspirado en Montessori.<\/p>\n<p><strong>Incluye:<\/strong><\/p>\n<ul>\n<li>23 tarjetas a color vocal \/e\/.<\/li>\n<\/ul>\n<p><strong>Bono:<\/strong><\/p>\n<p>*Incluye tarjeta de la vocal \/e\/.<\/p>\n<p><strong>Ideas:<\/strong><\/p>\n<ul>\n<li>Para hacer divertido el aprendizaje podemos jugar a nombrar el sonido. Coloque las tarjetas con im\u00e1genes en una bolsa y pida al ni\u00f1o que saque una tarjeta, luego colocaremos la imagen en el sonido de la letra que hacen; en este caso debajo de la vocal \/e\/.<\/li>\n<li>Imprima doble para jugar &#8220;memory&#8221;.<\/li>\n<\/ul>\n<p>____________________________________________________________________________________________________________<\/p>\n<p><strong>T\u00e9rminos de uso:<\/strong><\/p>\n<p>Todos los derechos reservados. Este material est\u00e1 protegido por derechos de autor. Esta compra da licencia para usarlo \u00fanicamente en su sal\u00f3n de clase o de uso familiar; compartirlo en otro sitio de internet o persona est\u00e1 prohibido. Gracias por respetar mi trabajo.<\/p>\n<p>\u27bc S\u00edguenos en\u00a0<a href=\"https:\/\/www.instagram.com\/sweethomelearning\/\" rel=\"nofollow noopener\">Instagram<\/a>.<\/p>","protected":false},"excerpt":{"rendered":"<p>M\u00e1s de 20 tarjetas enfocadas en la vocal \/e\/. Im\u00e1genes simples y claras. Perfectas para adquirir vocabulario, reforzar o trabajar la conciencia fonol\u00f3gica de la vocal Ee. Inspirado en Montessori.<\/p>","protected":false},"featured_media":535,"template":"","meta":[],"product_brand":[],"product_cat":[71,70,79],"product_tag":[],"class_list":{"0":"post-645","1":"product","2":"type-product","3":"status-publish","4":"has-post-thumbnail","6":"product_cat-flashcards","7":"product_cat-lenguaje","8":"product_cat-vocales","10":"first","11":"instock","12":"downloadable","13":"taxable","14":"shipping-taxable","15":"purchasable","16":"product-type-simple"},"_links":{"self":[{"href":"https:\/\/sweethomelearning.com\/es\/wp-json\/wp\/v2\/product\/645","targetHints":{"allow":["GET"]}}],"collection":[{"href":"https:\/\/sweethomelearning.com\/es\/wp-json\/wp\/v2\/product"}],"about":[{"href":"https:\/\/sweethomelearning.com\/es\/wp-json\/wp\/v2\/types\/product"}],"wp:featuredmedia":[{"embeddable":true,"href":"https:\/\/sweethomelearning.com\/es\/wp-json\/wp\/v2\/media\/535"}],"wp:attachment":[{"href":"https:\/\/sweethomelearning.com\/es\/wp-json\/wp\/v2\/media?parent=645"}],"wp:term":[{"taxonomy":"product_brand","embeddable":true,"href":"https:\/\/sweethomelearning.com\/es\/wp-json\/wp\/v2\/product_brand?post=645"},{"taxonomy":"product_cat","embeddable":true,"href":"https:\/\/sweethomelearning.com\/es\/wp-json\/wp\/v2\/product_cat?post=645"},{"taxonomy":"product_tag","embeddable":true,"href":"https:\/\/sweethomelearning.com\/es\/wp-json\/wp\/v2\/product_tag?post=645"}],"curies":[{"name":"wp","href":"https:\/\/api.w.org\/{rel}","templated":true}]}}