{"id":646,"date":"2022-02-24T20:53:23","date_gmt":"2022-02-25T02:53:23","guid":{"rendered":"http:\/\/sweethomelearning.com\/?post_type=product&#038;p=646"},"modified":"2023-08-29T18:33:36","modified_gmt":"2023-08-29T23:33:36","slug":"flashcards-sonido-inicial-vocal-a","status":"publish","type":"product","link":"https:\/\/sweethomelearning.com\/es\/product\/flashcards-sonido-inicial-vocal-a\/","title":{"rendered":"Flashcards Sonido Inicial: Vocal a"},"content":{"rendered":"<p>M\u00e1s de 25 tarjetas enfocadas en la letra \/a\/. Im\u00e1genes simples y claras. Perfectas para adquirir vocabulario, reforzar o trabajar la conciencia fonol\u00f3gica de la vocal Aa. Inspirado en Montessori.<\/p>\n<p><strong>Incluye:<\/strong><\/p>\n<ul>\n<li>29 tarjetas a color letra \/a\/.<\/li>\n<\/ul>\n<p><strong>Bono:<\/strong><\/p>\n<p>*Incluye tarjeta de la letra \/a\/.<\/p>\n<p><strong>Ideas:<\/strong><\/p>\n<ul>\n<li>Para hacer divertido el aprendizaje podemos jugar a nombrar el sonido. Coloque las tarjetas con im\u00e1genes en una bolsa y pida al ni\u00f1o que saque una tarjeta, luego colocaremos la imagen en el sonido de la letra que hacen; en este caso debajo de la letra \/a\/.<\/li>\n<li>Imprima doble para jugar &#8220;memory&#8221;.<\/li>\n<\/ul>\n<p>____________________________________________________________________________________________________________<\/p>\n<p><strong>T\u00e9rminos de uso:<\/strong><\/p>\n<p>Todos los derechos reservados. Este material est\u00e1 protegido por derechos de autor. Esta compra da licencia para usarlo \u00fanicamente en su sal\u00f3n de clase o de uso familiar; compartirlo en otro sitio de internet o persona est\u00e1 prohibido. Gracias por respetar mi trabajo.<\/p>\n<p>\u27bc S\u00edguenos en\u00a0<a href=\"https:\/\/www.instagram.com\/sweethomelearning\/\" rel=\"nofollow noopener\">Instagram<\/a>.<\/p>","protected":false},"excerpt":{"rendered":"<p>M\u00e1s de 25 tarjetas enfocadas en la letra \/a\/. Im\u00e1genes simples y claras. Perfectas para adquirir vocabulario, reforzar o trabajar la conciencia fonol\u00f3gica de la vocal Aa. Inspirado en Montessori.<\/p>\n<p>&nbsp;<\/p>","protected":false},"featured_media":536,"template":"","meta":[],"product_brand":[],"product_cat":[71,70],"product_tag":[],"class_list":{"0":"post-646","1":"product","2":"type-product","3":"status-publish","4":"has-post-thumbnail","6":"product_cat-flashcards","7":"product_cat-lenguaje","9":"first","10":"instock","11":"downloadable","12":"taxable","13":"shipping-taxable","14":"purchasable","15":"product-type-simple"},"_links":{"self":[{"href":"https:\/\/sweethomelearning.com\/es\/wp-json\/wp\/v2\/product\/646","targetHints":{"allow":["GET"]}}],"collection":[{"href":"https:\/\/sweethomelearning.com\/es\/wp-json\/wp\/v2\/product"}],"about":[{"href":"https:\/\/sweethomelearning.com\/es\/wp-json\/wp\/v2\/types\/product"}],"wp:featuredmedia":[{"embeddable":true,"href":"https:\/\/sweethomelearning.com\/es\/wp-json\/wp\/v2\/media\/536"}],"wp:attachment":[{"href":"https:\/\/sweethomelearning.com\/es\/wp-json\/wp\/v2\/media?parent=646"}],"wp:term":[{"taxonomy":"product_brand","embeddable":true,"href":"https:\/\/sweethomelearning.com\/es\/wp-json\/wp\/v2\/product_brand?post=646"},{"taxonomy":"product_cat","embeddable":true,"href":"https:\/\/sweethomelearning.com\/es\/wp-json\/wp\/v2\/product_cat?post=646"},{"taxonomy":"product_tag","embeddable":true,"href":"https:\/\/sweethomelearning.com\/es\/wp-json\/wp\/v2\/product_tag?post=646"}],"curies":[{"name":"wp","href":"https:\/\/api.w.org\/{rel}","templated":true}]}}