{"id":647,"date":"2022-02-24T20:55:48","date_gmt":"2022-02-25T02:55:48","guid":{"rendered":"http:\/\/sweethomelearning.com\/?post_type=product&#038;p=647"},"modified":"2023-08-28T11:57:59","modified_gmt":"2023-08-28T16:57:59","slug":"rimas-en-espanol","status":"publish","type":"product","link":"https:\/\/sweethomelearning.com\/es\/product\/rimas-en-espanol\/","title":{"rendered":"Rimas en Espa\u00f1ol"},"content":{"rendered":"<p>M\u00e1s de\u00a0<em><strong>30 llaveros<\/strong><\/em>\u00a0de rimas en espa\u00f1ol con imagen y palabra juntas. Cada llavero tiene\u00a0<em><strong>4 im\u00e1genes que riman<\/strong><\/em>. Perfecto para adquirir o reforzar vocabulario y para ense\u00f1ar palabras que riman en lecciones de grupo.<\/p>\n<p><strong>Incluye:<\/strong><\/p>\n<ul>\n<li>31 llaveros (cada llavero contiene 4 im\u00e1genes que riman)<\/li>\n<li>Las rimas son: -ata, -ate,-ato, -ete, -ura, -or, -eta, -ota, -era, -ero, -asa, -\u00f1a, -aza, -esa, -illo, -illa, -ella, -elo, -ala, -ela, -\u00f3n, -ana, -ano, -ino, -ina, -ena, -ante, -apa, -opa, -eja, -ejo.<\/li>\n<\/ul>\n<p>____________________________________________________________________________________________________________<\/p>\n<p><strong>T\u00e9rminos de uso:<\/strong><\/p>\n<p>Todos los derechos reservados. Este material est\u00e1 protegido por derechos de autor. Esta compra da licencia para usarlo \u00fanicamente en su sal\u00f3n de clase o de uso familiar; compartirlo en otro sitio de internet o persona est\u00e1 prohibido. Gracias por respetar mi trabajo.<\/p>\n<p>\u27bc S\u00edguenos en\u00a0<a href=\"https:\/\/www.instagram.com\/sweethomelearning\/\" rel=\"nofollow noopener\">Instagram<\/a>.<\/p>","protected":false},"excerpt":{"rendered":"<p>M\u00e1s de\u00a0<em><strong>30 llaveros<\/strong><\/em>\u00a0de rimas en espa\u00f1ol con imagen y palabra juntas. Cada llavero tiene\u00a0<em><strong>4 im\u00e1genes que riman<\/strong><\/em>. Perfecto para adquirir o reforzar vocabulario y para ense\u00f1ar palabras que riman en lecciones de grupo.<\/p>","protected":false},"featured_media":537,"template":"","meta":[],"product_brand":[],"product_cat":[71,70],"product_tag":[],"class_list":{"0":"post-647","1":"product","2":"type-product","3":"status-publish","4":"has-post-thumbnail","6":"product_cat-flashcards","7":"product_cat-lenguaje","9":"first","10":"instock","11":"downloadable","12":"taxable","13":"shipping-taxable","14":"purchasable","15":"product-type-simple"},"_links":{"self":[{"href":"https:\/\/sweethomelearning.com\/es\/wp-json\/wp\/v2\/product\/647","targetHints":{"allow":["GET"]}}],"collection":[{"href":"https:\/\/sweethomelearning.com\/es\/wp-json\/wp\/v2\/product"}],"about":[{"href":"https:\/\/sweethomelearning.com\/es\/wp-json\/wp\/v2\/types\/product"}],"wp:featuredmedia":[{"embeddable":true,"href":"https:\/\/sweethomelearning.com\/es\/wp-json\/wp\/v2\/media\/537"}],"wp:attachment":[{"href":"https:\/\/sweethomelearning.com\/es\/wp-json\/wp\/v2\/media?parent=647"}],"wp:term":[{"taxonomy":"product_brand","embeddable":true,"href":"https:\/\/sweethomelearning.com\/es\/wp-json\/wp\/v2\/product_brand?post=647"},{"taxonomy":"product_cat","embeddable":true,"href":"https:\/\/sweethomelearning.com\/es\/wp-json\/wp\/v2\/product_cat?post=647"},{"taxonomy":"product_tag","embeddable":true,"href":"https:\/\/sweethomelearning.com\/es\/wp-json\/wp\/v2\/product_tag?post=647"}],"curies":[{"name":"wp","href":"https:\/\/api.w.org\/{rel}","templated":true}]}}