{"id":652,"date":"2022-02-24T21:04:12","date_gmt":"2022-02-25T03:04:12","guid":{"rendered":"http:\/\/sweethomelearning.com\/?post_type=product&#038;p=652"},"modified":"2023-08-29T18:32:38","modified_gmt":"2023-08-29T23:32:38","slug":"tarjetas-fonema-b-inicial","status":"publish","type":"product","link":"https:\/\/sweethomelearning.com\/es\/product\/tarjetas-fonema-b-inicial\/","title":{"rendered":"Tarjetas: Fonema \/b\/ inicial"},"content":{"rendered":"<p>M\u00e1s de 40 tarjetas enfocadas en el fonema \/<strong>b\/<\/strong>\u00a0inicial en\u00a0<strong><em>espa\u00f1ol<\/em><\/strong>. Se puede utilizar para trabajar terapias del habla o lenguaje, reforzar o simplemente a\u00f1adir vocabulario. Inspirado en Montessori. Im\u00e1genes simples y claras.<\/p>\n<p><strong><em>Contiene:<\/em><\/strong><\/p>\n<ul>\n<li>44 tarjetas \/b\/ inicial<\/li>\n<\/ul>\n<p><strong><em>Ideas:<\/em><\/strong><\/p>\n<ul>\n<li>Recuerda recortar en tarjetas y laminar para que dure mucho m\u00e1s.<\/li>\n<li>Imprime doble para jugar \u201cmemory\u201d.<\/li>\n<\/ul>\n<p>____________________________________________________________________________________________________________<\/p>\n<p><strong>T\u00e9rminos de uso:<\/strong><\/p>\n<p>Todos los derechos reservados. Este material est\u00e1 protegido por derechos de autor. Esta compra da licencia para usarlo \u00fanicamente en su sal\u00f3n de clase o de uso familiar; compartirlo en otro sitio de internet o persona est\u00e1 prohibido. Gracias por respetar mi trabajo.<\/p>\n<p>\u27bc S\u00edguenos en\u00a0<a href=\"https:\/\/www.instagram.com\/sweethomelearning\/\" rel=\"nofollow noopener\">Instagram<\/a>.<\/p>","protected":false},"excerpt":{"rendered":"<p>M\u00e1s de 40 tarjetas enfocadas en el fonema \/<strong>b\/<\/strong>\u00a0inicial en\u00a0<strong><em>espa\u00f1ol<\/em><\/strong>. Se puede utilizar para trabajar terapias del habla o lenguaje, reforzar o simplemente a\u00f1adir vocabulario. Inspirado en Montessori. Im\u00e1genes simples y claras.<\/p>","protected":false},"featured_media":541,"template":"","meta":[],"product_brand":[],"product_cat":[71,70],"product_tag":[],"class_list":{"0":"post-652","1":"product","2":"type-product","3":"status-publish","4":"has-post-thumbnail","6":"product_cat-flashcards","7":"product_cat-lenguaje","9":"first","10":"instock","11":"downloadable","12":"taxable","13":"shipping-taxable","14":"purchasable","15":"product-type-simple"},"_links":{"self":[{"href":"https:\/\/sweethomelearning.com\/es\/wp-json\/wp\/v2\/product\/652","targetHints":{"allow":["GET"]}}],"collection":[{"href":"https:\/\/sweethomelearning.com\/es\/wp-json\/wp\/v2\/product"}],"about":[{"href":"https:\/\/sweethomelearning.com\/es\/wp-json\/wp\/v2\/types\/product"}],"wp:featuredmedia":[{"embeddable":true,"href":"https:\/\/sweethomelearning.com\/es\/wp-json\/wp\/v2\/media\/541"}],"wp:attachment":[{"href":"https:\/\/sweethomelearning.com\/es\/wp-json\/wp\/v2\/media?parent=652"}],"wp:term":[{"taxonomy":"product_brand","embeddable":true,"href":"https:\/\/sweethomelearning.com\/es\/wp-json\/wp\/v2\/product_brand?post=652"},{"taxonomy":"product_cat","embeddable":true,"href":"https:\/\/sweethomelearning.com\/es\/wp-json\/wp\/v2\/product_cat?post=652"},{"taxonomy":"product_tag","embeddable":true,"href":"https:\/\/sweethomelearning.com\/es\/wp-json\/wp\/v2\/product_tag?post=652"}],"curies":[{"name":"wp","href":"https:\/\/api.w.org\/{rel}","templated":true}]}}