{"id":653,"date":"2022-02-24T21:06:19","date_gmt":"2022-02-25T03:06:19","guid":{"rendered":"http:\/\/sweethomelearning.com\/?post_type=product&#038;p=653"},"modified":"2023-08-24T10:22:36","modified_gmt":"2023-08-24T15:22:36","slug":"tarjetas-antonimos-opuestos-o-contrarios","status":"publish","type":"product","link":"https:\/\/sweethomelearning.com\/es\/product\/tarjetas-antonimos-opuestos-o-contrarios\/","title":{"rendered":"Tarjetas: Ant\u00f3nimos (opuestos o contrarios)"},"content":{"rendered":"<p>Tarjetas dirigidas para trabajar a modo de juego los<em><strong>\u00a0ant\u00f3nimos (opuestos o contrarios)<\/strong><\/em>. Una manera divertida de ense\u00f1ar al ni\u00f1o los ant\u00f3nimos y pueda comprender la diferencia entre distintos t\u00e9rminos.<\/p>\n<p><strong>Incluye:<\/strong><\/p>\n<ul>\n<li>36 tarjetas (18 pares): d\u00eda-noche, abierto-cerrado, vac\u00edo-lleno, pesado-liviano, fr\u00edo-caliente, agri\u00f3-dulce, grande-peque\u00f1o, alto-bajo, sucio-limpio, muchos-pocos, arriba-abajo, delante-detr\u00e1s, dentro-fuera, largo-corto, duro-suave, r\u00e1pido-lento, encendido-apagado, ancho-angost\u00f3.<\/li>\n<li>P\u00e1gina de control: esto ayuda para la auto-correcci\u00f3n.<\/li>\n<\/ul>\n<p>____________________________________________________________________________________________________________<\/p>\n<p><strong>T\u00e9rminos de uso:<\/strong><\/p>\n<p>Todos los derechos reservados. Este material est\u00e1 protegido por derechos de autor. Esta compra da licencia para usarlo \u00fanicamente en su sal\u00f3n de clase o de uso familiar; compartirlo en otro sitio de internet o persona est\u00e1 prohibido. Gracias por respetar mi trabajo.<\/p>\n<p>\u27bc S\u00edguenos en\u00a0<a href=\"https:\/\/www.instagram.com\/sweethomelearning\/\" rel=\"nofollow noopener\">Instagram<\/a>.<\/p>","protected":false},"excerpt":{"rendered":"<p>Tarjetas dirigidas para trabajar a modo de juego los<em><strong>\u00a0ant\u00f3nimos (opuestos o contrarios)<\/strong><\/em>. Una manera divertida de ense\u00f1ar al ni\u00f1o los ant\u00f3nimos y pueda comprender la diferencia entre distintos t\u00e9rminos.<\/p>","protected":false},"featured_media":542,"template":"","meta":[],"product_brand":[],"product_cat":[71,70],"product_tag":[],"class_list":{"0":"post-653","1":"product","2":"type-product","3":"status-publish","4":"has-post-thumbnail","6":"product_cat-flashcards","7":"product_cat-lenguaje","9":"first","10":"instock","11":"downloadable","12":"taxable","13":"shipping-taxable","14":"purchasable","15":"product-type-simple"},"_links":{"self":[{"href":"https:\/\/sweethomelearning.com\/es\/wp-json\/wp\/v2\/product\/653","targetHints":{"allow":["GET"]}}],"collection":[{"href":"https:\/\/sweethomelearning.com\/es\/wp-json\/wp\/v2\/product"}],"about":[{"href":"https:\/\/sweethomelearning.com\/es\/wp-json\/wp\/v2\/types\/product"}],"wp:featuredmedia":[{"embeddable":true,"href":"https:\/\/sweethomelearning.com\/es\/wp-json\/wp\/v2\/media\/542"}],"wp:attachment":[{"href":"https:\/\/sweethomelearning.com\/es\/wp-json\/wp\/v2\/media?parent=653"}],"wp:term":[{"taxonomy":"product_brand","embeddable":true,"href":"https:\/\/sweethomelearning.com\/es\/wp-json\/wp\/v2\/product_brand?post=653"},{"taxonomy":"product_cat","embeddable":true,"href":"https:\/\/sweethomelearning.com\/es\/wp-json\/wp\/v2\/product_cat?post=653"},{"taxonomy":"product_tag","embeddable":true,"href":"https:\/\/sweethomelearning.com\/es\/wp-json\/wp\/v2\/product_tag?post=653"}],"curies":[{"name":"wp","href":"https:\/\/api.w.org\/{rel}","templated":true}]}}