{"id":654,"date":"2022-02-25T15:40:48","date_gmt":"2022-02-25T21:40:48","guid":{"rendered":"http:\/\/sweethomelearning.com\/?post_type=product&#038;p=654"},"modified":"2023-08-24T10:13:08","modified_gmt":"2023-08-24T15:13:08","slug":"dinosaurios-juego-memoria-discriminacion-visual-y-habilidades-para-recordar","status":"publish","type":"product","link":"https:\/\/sweethomelearning.com\/es\/product\/dinosaurios-juego-memoria-discriminacion-visual-y-habilidades-para-recordar\/","title":{"rendered":"Dinosaurios: Juego memoria | Discriminaci\u00f3n visual y habilidades para recordar"},"content":{"rendered":"<p>Un divertido juego de memoria de dinosaurios el cual ayuda entrenar la memoria visual, mejorar la concentraci\u00f3n, aumentar la memoria a corto plazo, aumentar la atenci\u00f3n al detalle, mejorar la capacidad de encontrar similitudes y diferencias en los objetos, ayudar a clasificar objetos que est\u00e1n agrupados por rasgos similares y mejorar el vocabulario.<\/p>\n<p>Se pueden utilizar de diversas formas: pareo de cartas o el tradicional juego de memoria.<\/p>\n<p><strong><em>Incluye:<\/em><\/strong><\/p>\n<p>30 tarjetas (15 pares)<\/p>\n<p><strong><em>\u00a1Bono!<\/em><\/strong> Incluye hoja imprimible con dise\u00f1o para colocar detr\u00e1s de cada tarjeta, esto ayudar\u00e1 a que no se vean a trav\u00e9s.<\/p>\n<p>____________________________________________________________________________________________________________<\/p>\n<p><strong>T\u00e9rminos de uso:<\/strong><\/p>\n<p>Todos los derechos reservados. Este material est\u00e1 protegido por derechos de autor. Esta compra da licencia para usarlo \u00fanicamente en su sal\u00f3n de clase o de uso familiar; compartirlo en otro sitio de internet o persona est\u00e1 prohibido. Gracias por respetar mi trabajo.<\/p>\n<p>\u27bc S\u00edguenos en\u00a0<a href=\"https:\/\/www.instagram.com\/sweethomelearning\/\" rel=\"nofollow noopener\">Instagram<\/a>.<\/p>","protected":false},"excerpt":{"rendered":"<p>Un divertido juego de memoria de dinosaurios el cual ayuda entrenar la memoria visual, mejorar la concentraci\u00f3n, aumentar la memoria a corto plazo, aumentar la atenci\u00f3n al detalle, mejorar la capacidad de encontrar similitudes y diferencias en los objetos, ayudar a clasificar objetos que est\u00e1n agrupados por rasgos similares y mejorar el vocabulario.<\/p>","protected":false},"featured_media":543,"template":"","meta":[],"product_brand":[],"product_cat":[69,71],"product_tag":[],"class_list":{"0":"post-654","1":"product","2":"type-product","3":"status-publish","4":"has-post-thumbnail","6":"product_cat-ciencias","7":"product_cat-flashcards","9":"first","10":"instock","11":"downloadable","12":"taxable","13":"shipping-taxable","14":"purchasable","15":"product-type-simple"},"_links":{"self":[{"href":"https:\/\/sweethomelearning.com\/es\/wp-json\/wp\/v2\/product\/654","targetHints":{"allow":["GET"]}}],"collection":[{"href":"https:\/\/sweethomelearning.com\/es\/wp-json\/wp\/v2\/product"}],"about":[{"href":"https:\/\/sweethomelearning.com\/es\/wp-json\/wp\/v2\/types\/product"}],"wp:featuredmedia":[{"embeddable":true,"href":"https:\/\/sweethomelearning.com\/es\/wp-json\/wp\/v2\/media\/543"}],"wp:attachment":[{"href":"https:\/\/sweethomelearning.com\/es\/wp-json\/wp\/v2\/media?parent=654"}],"wp:term":[{"taxonomy":"product_brand","embeddable":true,"href":"https:\/\/sweethomelearning.com\/es\/wp-json\/wp\/v2\/product_brand?post=654"},{"taxonomy":"product_cat","embeddable":true,"href":"https:\/\/sweethomelearning.com\/es\/wp-json\/wp\/v2\/product_cat?post=654"},{"taxonomy":"product_tag","embeddable":true,"href":"https:\/\/sweethomelearning.com\/es\/wp-json\/wp\/v2\/product_tag?post=654"}],"curies":[{"name":"wp","href":"https:\/\/api.w.org\/{rel}","templated":true}]}}