{"id":655,"date":"2022-02-25T15:44:52","date_gmt":"2022-02-25T21:44:52","guid":{"rendered":"http:\/\/sweethomelearning.com\/?post_type=product&#038;p=655"},"modified":"2023-08-28T11:56:26","modified_gmt":"2023-08-28T16:56:26","slug":"clasificando-seres-vivos-y-no-vivos-montessori-living-and-nonliving","status":"publish","type":"product","link":"https:\/\/sweethomelearning.com\/es\/product\/clasificando-seres-vivos-y-no-vivos-montessori-living-and-nonliving\/","title":{"rendered":"Clasificando: seres vivos y no vivos | Montessori Living and NonLiving"},"content":{"rendered":"<p>Material inspirado en Montessori dirigido para clasificar seres vivos y no vivos. Este juego de tarjetas es f\u00e1cil de preparar y es perfecto para el hogar o sal\u00f3n de clases. Incluye una variedad de objetos tanto vivos como no vivos. \u00a1Bono! Tarjeta de control.<\/p>\n<p><strong><em>Incluye:<\/em><\/strong><\/p>\n<p>Seres vivos<\/p>\n<ul>\n<li>12 tarjetas<\/li>\n<li>1 tarjeta de identificaci\u00f3n<\/li>\n<\/ul>\n<p>Seres no vivos<\/p>\n<ul>\n<li>12 tarjetas<\/li>\n<li>1 tarjeta de identificaci\u00f3n<\/li>\n<\/ul>\n<p><em><strong>\u00a1Bono! <\/strong><\/em>Tarjeta de control y no olvides laminar para que dure mucho m\u00e1s.<\/p>\n<p>____________________________________________________________________________________________________________<\/p>\n<p><b>T\u00e9rminos de uso:<\/b><\/p>\n<p>Todos los derechos reservados. Este material est\u00e1 protegido por derechos de autor. Esta compra da licencia para usarlo \u00fanicamente en su sal\u00f3n de clase o de uso familiar; compartirlo en otro sitio de internet o persona est\u00e1 prohibido. Gracias por respetar mi trabajo.<\/p>\n<p>\u27bc S\u00edguenos en\u00a0<a href=\"https:\/\/www.instagram.com\/sweethomelearning\/\">Instagram<\/a>.<\/p>","protected":false},"excerpt":{"rendered":"<p>Material inspirado en Montessori dirigido para clasificar seres vivos y no vivos. Este juego de tarjetas es f\u00e1cil de preparar y es perfecto para el hogar o sal\u00f3n de clases. Incluye una variedad de objetos tanto vivos como no vivos. \u00a1Bono! Tarjeta de control.<\/p>","protected":false},"featured_media":544,"template":"","meta":[],"product_brand":[],"product_cat":[69,71],"product_tag":[],"class_list":{"0":"post-655","1":"product","2":"type-product","3":"status-publish","4":"has-post-thumbnail","6":"product_cat-ciencias","7":"product_cat-flashcards","9":"first","10":"instock","11":"downloadable","12":"taxable","13":"shipping-taxable","14":"purchasable","15":"product-type-simple"},"_links":{"self":[{"href":"https:\/\/sweethomelearning.com\/es\/wp-json\/wp\/v2\/product\/655","targetHints":{"allow":["GET"]}}],"collection":[{"href":"https:\/\/sweethomelearning.com\/es\/wp-json\/wp\/v2\/product"}],"about":[{"href":"https:\/\/sweethomelearning.com\/es\/wp-json\/wp\/v2\/types\/product"}],"wp:featuredmedia":[{"embeddable":true,"href":"https:\/\/sweethomelearning.com\/es\/wp-json\/wp\/v2\/media\/544"}],"wp:attachment":[{"href":"https:\/\/sweethomelearning.com\/es\/wp-json\/wp\/v2\/media?parent=655"}],"wp:term":[{"taxonomy":"product_brand","embeddable":true,"href":"https:\/\/sweethomelearning.com\/es\/wp-json\/wp\/v2\/product_brand?post=655"},{"taxonomy":"product_cat","embeddable":true,"href":"https:\/\/sweethomelearning.com\/es\/wp-json\/wp\/v2\/product_cat?post=655"},{"taxonomy":"product_tag","embeddable":true,"href":"https:\/\/sweethomelearning.com\/es\/wp-json\/wp\/v2\/product_tag?post=655"}],"curies":[{"name":"wp","href":"https:\/\/api.w.org\/{rel}","templated":true}]}}