{"id":656,"date":"2022-02-25T15:46:42","date_gmt":"2022-02-25T21:46:42","guid":{"rendered":"http:\/\/sweethomelearning.com\/?post_type=product&#038;p=656"},"modified":"2023-09-05T12:42:16","modified_gmt":"2023-09-05T17:42:16","slug":"busqueda-sonido-inicial-abecedario-beginning-letter-sound-spanish-alphabet","status":"publish","type":"product","link":"https:\/\/sweethomelearning.com\/es\/product\/busqueda-sonido-inicial-abecedario-beginning-letter-sound-spanish-alphabet\/","title":{"rendered":"Sonido Inicial Abecedario | Beginning Sound Spanish Alphabet"},"content":{"rendered":"<p>Este actividad esta enfocada en la b\u00fasqueda de im\u00e1genes a travez del sonidos inicial. Se puede jugar en parejas o individual. Se trabaja las habilidades fon\u00e9ticas identificando la letra en la esquina superior del papel y nombrando su sonido, luego se busca las im\u00e1genes que comiencen con el mismo sonido inicial y usan una ficha redonda o alg\u00fan material manipulador para cubrir la imagen. La reproducci\u00f3n contin\u00faa hasta que se hayan cubierto todas las im\u00e1genes con el mismo sonido inicial.<\/p>\n<p>Incluye cada letra del abecedario (excepto ch, ll, \u00f1). Cada letra incluye entre 3 a 8 im\u00e1genes por letra a excepci\u00f3n de W y X que solo contienen 1 imagen.<\/p>\n<p><strong><em>\u00a1BONO! Incluye hojas con las respuestas. Se puede usar en conjunto o por separado. Tambi\u00e9n como autocorrector mientras \u00e9l\/la peque va realizando la actividad.<\/em><\/strong><\/p>\n<p><strong><em>Nota:<\/em><\/strong><\/p>\n<p><em>Laminar para que sea m\u00e1s duradero. Si lamina, puede utilizar un marcador<\/em> <em>en seco para circular las im\u00e1genes que comiencen con el mismo sonido inicial de la letra en la esquina superior del papel.<\/em><\/p>\n<p>____________________________________________________________________________________________________________<\/p>\n<p><b>T\u00e9rminos de uso:<\/b><\/p>\n<p>Todos los derechos reservados. Este material est\u00e1 protegido por derechos de autor. Esta compra da licencia para usarlo \u00fanicamente en su sal\u00f3n de clase o de uso familiar; compartirlo en otro sitio de internet o persona est\u00e1 prohibido. Gracias por respetar mi trabajo.<\/p>\n<p>\u27bc S\u00edguenos en\u00a0<a href=\"https:\/\/www.instagram.com\/sweethomelearning\/\">Instagram<\/a>.<\/p>","protected":false},"excerpt":{"rendered":"<p>Este actividad esta enfocada en la b\u00fasqueda de im\u00e1genes a travez del sonidos inicial. Se puede jugar en parejas o individual. Se trabaja las habilidades fon\u00e9ticas identificando la letra en la esquina superior del papel y nombrando su sonido, luego se busca las im\u00e1genes que comiencen con el mismo sonido inicial y usan una ficha redonda o alg\u00fan material manipulador para cubrir la imagen. La reproducci\u00f3n contin\u00faa hasta que se hayan cubierto todas las im\u00e1genes con el mismo sonido inicial.<\/p>","protected":false},"featured_media":545,"template":"","meta":[],"product_brand":[],"product_cat":[77,70],"product_tag":[],"class_list":{"0":"post-656","1":"product","2":"type-product","3":"status-publish","4":"has-post-thumbnail","6":"product_cat-abecedario","7":"product_cat-lenguaje","9":"first","10":"instock","11":"downloadable","12":"taxable","13":"shipping-taxable","14":"purchasable","15":"product-type-simple"},"_links":{"self":[{"href":"https:\/\/sweethomelearning.com\/es\/wp-json\/wp\/v2\/product\/656","targetHints":{"allow":["GET"]}}],"collection":[{"href":"https:\/\/sweethomelearning.com\/es\/wp-json\/wp\/v2\/product"}],"about":[{"href":"https:\/\/sweethomelearning.com\/es\/wp-json\/wp\/v2\/types\/product"}],"wp:featuredmedia":[{"embeddable":true,"href":"https:\/\/sweethomelearning.com\/es\/wp-json\/wp\/v2\/media\/545"}],"wp:attachment":[{"href":"https:\/\/sweethomelearning.com\/es\/wp-json\/wp\/v2\/media?parent=656"}],"wp:term":[{"taxonomy":"product_brand","embeddable":true,"href":"https:\/\/sweethomelearning.com\/es\/wp-json\/wp\/v2\/product_brand?post=656"},{"taxonomy":"product_cat","embeddable":true,"href":"https:\/\/sweethomelearning.com\/es\/wp-json\/wp\/v2\/product_cat?post=656"},{"taxonomy":"product_tag","embeddable":true,"href":"https:\/\/sweethomelearning.com\/es\/wp-json\/wp\/v2\/product_tag?post=656"}],"curies":[{"name":"wp","href":"https:\/\/api.w.org\/{rel}","templated":true}]}}