{"id":657,"date":"2022-02-25T15:48:34","date_gmt":"2022-02-25T21:48:34","guid":{"rendered":"http:\/\/sweethomelearning.com\/?post_type=product&#038;p=657"},"modified":"2023-08-24T10:40:23","modified_gmt":"2023-08-24T15:40:23","slug":"segmentacion-fonetica-de-tres-y-cuatro-palabras","status":"publish","type":"product","link":"https:\/\/sweethomelearning.com\/es\/product\/segmentacion-fonetica-de-tres-y-cuatro-palabras\/","title":{"rendered":"Segmentaci\u00f3n fon\u00e9tica de tres y cuatro palabras"},"content":{"rendered":"<p>Rompecabezas para desarrollar conciencia fonol\u00f3gica a trav\u00e9s de la segmentaci\u00f3n de fonemas. El ni\u00f1o debe ser capaz de segmentar y reconocer el n\u00famero de fonemas que componen la palabra. Contiene <em><strong>8 im\u00e1genes\u00a0<\/strong><\/em>(rompecabezas) de tres palabras y de <em><strong>16 im\u00e1genes<\/strong><\/em> (rompecabezas) de cuatro letras.<\/p>\n<p>Puede ser utilizado para trabajo diario y\/o terapias del habla y lenguaje.<\/p>\n<p>____________________________________________________________________________________________________________<\/p>\n<p><b>T\u00e9rminos de uso:<\/b><\/p>\n<p>Todos los derechos reservados. Este material est\u00e1 protegido por derechos de autor. Esta compra da licencia para usarlo \u00fanicamente en su sal\u00f3n de clase o de uso familiar; compartirlo en otro sitio de internet o persona est\u00e1 prohibido. Gracias por respetar mi trabajo.<\/p>\n<p>\u27bc S\u00edguenos en\u00a0<a href=\"https:\/\/www.instagram.com\/sweethomelearning\/\">Instagram<\/a>.<\/p>","protected":false},"excerpt":{"rendered":"<p>Rompecabezas para desarrollar conciencia fonol\u00f3gica a trav\u00e9s de la segmentaci\u00f3n de fonemas. El ni\u00f1o debe ser capaz de segmentar y reconocer el n\u00famero de fonemas que componen la palabra. Contiene <em><strong>8 im\u00e1genes<\/strong><\/em>(rompecabezas) de tres palabras y de <em><strong>16 im\u00e1genes<\/strong><\/em> (rompecabezas) de cuatro letras.<\/p>","protected":false},"featured_media":546,"template":"","meta":[],"product_brand":[],"product_cat":[70],"product_tag":[],"class_list":{"0":"post-657","1":"product","2":"type-product","3":"status-publish","4":"has-post-thumbnail","6":"product_cat-lenguaje","8":"first","9":"instock","10":"downloadable","11":"taxable","12":"shipping-taxable","13":"purchasable","14":"product-type-simple"},"_links":{"self":[{"href":"https:\/\/sweethomelearning.com\/es\/wp-json\/wp\/v2\/product\/657","targetHints":{"allow":["GET"]}}],"collection":[{"href":"https:\/\/sweethomelearning.com\/es\/wp-json\/wp\/v2\/product"}],"about":[{"href":"https:\/\/sweethomelearning.com\/es\/wp-json\/wp\/v2\/types\/product"}],"wp:featuredmedia":[{"embeddable":true,"href":"https:\/\/sweethomelearning.com\/es\/wp-json\/wp\/v2\/media\/546"}],"wp:attachment":[{"href":"https:\/\/sweethomelearning.com\/es\/wp-json\/wp\/v2\/media?parent=657"}],"wp:term":[{"taxonomy":"product_brand","embeddable":true,"href":"https:\/\/sweethomelearning.com\/es\/wp-json\/wp\/v2\/product_brand?post=657"},{"taxonomy":"product_cat","embeddable":true,"href":"https:\/\/sweethomelearning.com\/es\/wp-json\/wp\/v2\/product_cat?post=657"},{"taxonomy":"product_tag","embeddable":true,"href":"https:\/\/sweethomelearning.com\/es\/wp-json\/wp\/v2\/product_tag?post=657"}],"curies":[{"name":"wp","href":"https:\/\/api.w.org\/{rel}","templated":true}]}}