{"id":658,"date":"2022-02-25T15:50:13","date_gmt":"2022-02-25T21:50:13","guid":{"rendered":"http:\/\/sweethomelearning.com\/?post_type=product&#038;p=658"},"modified":"2023-08-29T18:32:10","modified_gmt":"2023-08-29T23:32:10","slug":"sonido-inicial-abecedario-beginning-sound-spanish-alphabet","status":"publish","type":"product","link":"https:\/\/sweethomelearning.com\/es\/product\/sonido-inicial-abecedario-beginning-sound-spanish-alphabet\/","title":{"rendered":"Abecedario Sonido Inicial | Beginning Sound Spanish Alphabet"},"content":{"rendered":"<p>Una manera divertida de reforzar el sonido inicial. El ni\u00f1o debe decir el nombre de la imagen y elegir la letra con la que comienza la imagen. Pueden identificar o elegir la letra usando pinzas para la ropa, rodeando la letra correcta con marcadores de borrado en seco, etc.<\/p>\n<p><strong>Incluye:<\/strong><\/p>\n<ul>\n<li><strong><em>49 im\u00e1genes<\/em><\/strong> (2 im\u00e1genes por cada letra del alfabeto, excepto la w que solo tiene 1 imagen). No incluye letras <strong><em>\u00f1<\/em><\/strong> ni <strong><em>x<\/em><\/strong>.<\/li>\n<\/ul>\n<p><em>\u00a1Son f\u00e1ciles de preparar y puede utilizarlas durante muchos a\u00f1os!<\/em><\/p>\n<p>____________________________________________________________________________________________________________<\/p>\n<p><b>T\u00e9rminos de uso:<\/b><\/p>\n<p>Todos los derechos reservados. Este material est\u00e1 protegido por derechos de autor. Esta compra da licencia para usarlo \u00fanicamente en su sal\u00f3n de clase o de uso familiar; compartirlo en otro sitio de internet o persona est\u00e1 prohibido. Gracias por respetar mi trabajo.<\/p>\n<p>\u27bc S\u00edguenos en\u00a0<a href=\"https:\/\/www.instagram.com\/sweethomelearning\/\">Instagram<\/a>.<\/p>","protected":false},"excerpt":{"rendered":"<p>Una manera divertida de reforzar el sonido inicial. El ni\u00f1o debe decir el nombre de la imagen y elegir la letra con la que comienza la imagen. Pueden identificar o elegir la letra usando pinzas para la ropa, rodeando la letra correcta con marcadores de borrado en seco, etc.<\/p>","protected":false},"featured_media":547,"template":"","meta":[],"product_brand":[],"product_cat":[77,71,70],"product_tag":[],"class_list":{"0":"post-658","1":"product","2":"type-product","3":"status-publish","4":"has-post-thumbnail","6":"product_cat-abecedario","7":"product_cat-flashcards","8":"product_cat-lenguaje","10":"first","11":"instock","12":"downloadable","13":"taxable","14":"shipping-taxable","15":"purchasable","16":"product-type-simple"},"_links":{"self":[{"href":"https:\/\/sweethomelearning.com\/es\/wp-json\/wp\/v2\/product\/658","targetHints":{"allow":["GET"]}}],"collection":[{"href":"https:\/\/sweethomelearning.com\/es\/wp-json\/wp\/v2\/product"}],"about":[{"href":"https:\/\/sweethomelearning.com\/es\/wp-json\/wp\/v2\/types\/product"}],"wp:featuredmedia":[{"embeddable":true,"href":"https:\/\/sweethomelearning.com\/es\/wp-json\/wp\/v2\/media\/547"}],"wp:attachment":[{"href":"https:\/\/sweethomelearning.com\/es\/wp-json\/wp\/v2\/media?parent=658"}],"wp:term":[{"taxonomy":"product_brand","embeddable":true,"href":"https:\/\/sweethomelearning.com\/es\/wp-json\/wp\/v2\/product_brand?post=658"},{"taxonomy":"product_cat","embeddable":true,"href":"https:\/\/sweethomelearning.com\/es\/wp-json\/wp\/v2\/product_cat?post=658"},{"taxonomy":"product_tag","embeddable":true,"href":"https:\/\/sweethomelearning.com\/es\/wp-json\/wp\/v2\/product_tag?post=658"}],"curies":[{"name":"wp","href":"https:\/\/api.w.org\/{rel}","templated":true}]}}