{"id":659,"date":"2022-02-25T15:51:38","date_gmt":"2022-02-25T21:51:38","guid":{"rendered":"http:\/\/sweethomelearning.com\/?post_type=product&#038;p=659"},"modified":"2023-08-24T10:39:20","modified_gmt":"2023-08-24T15:39:20","slug":"juego-muevete-como-un-animal","status":"publish","type":"product","link":"https:\/\/sweethomelearning.com\/es\/product\/juego-muevete-como-un-animal\/","title":{"rendered":"Juego: mu\u00e9vete como un animal"},"content":{"rendered":"<p>Con est\u00e9 divertido juego de tarjetas los peques se divertir\u00e1n imitando a los animales. Todas las tarjetas tiene una acci\u00f3n relacionada al animal. Incluye 12 tarjetas (4 tarjetas en cada papel 11 x 8.5 in). Im\u00e1genes claras en watercolor.<\/p>\n<p>____________________________________________________________________________________________________________<\/p>\n<p><b>T\u00e9rminos de uso:<\/b><\/p>\n<p>Todos los derechos reservados. Este material est\u00e1 protegido por derechos de autor. Esta compra da licencia para usarlo \u00fanicamente en su sal\u00f3n de clase o de uso familiar; compartirlo en otro sitio de internet o persona est\u00e1 prohibido. Gracias por respetar mi trabajo.<\/p>\n<p>\u27bc S\u00edguenos en\u00a0<a href=\"https:\/\/www.instagram.com\/sweethomelearning\/\">Instagram<\/a>.<\/p>","protected":false},"excerpt":{"rendered":"<p>Con est\u00e9 divertido juego de tarjetas los peques se divertir\u00e1n imitando a los animales. Todas las tarjetas tiene una acci\u00f3n relacionada al animal. Incluye 12 tarjetas (4 tarjetas en cada papel 11 x 8.5 in). Im\u00e1genes claras en watercolor.<\/p>","protected":false},"featured_media":548,"template":"","meta":[],"product_brand":[],"product_cat":[69,71],"product_tag":[],"class_list":{"0":"post-659","1":"product","2":"type-product","3":"status-publish","4":"has-post-thumbnail","6":"product_cat-ciencias","7":"product_cat-flashcards","9":"first","10":"instock","11":"downloadable","12":"taxable","13":"shipping-taxable","14":"purchasable","15":"product-type-simple"},"_links":{"self":[{"href":"https:\/\/sweethomelearning.com\/es\/wp-json\/wp\/v2\/product\/659","targetHints":{"allow":["GET"]}}],"collection":[{"href":"https:\/\/sweethomelearning.com\/es\/wp-json\/wp\/v2\/product"}],"about":[{"href":"https:\/\/sweethomelearning.com\/es\/wp-json\/wp\/v2\/types\/product"}],"wp:featuredmedia":[{"embeddable":true,"href":"https:\/\/sweethomelearning.com\/es\/wp-json\/wp\/v2\/media\/548"}],"wp:attachment":[{"href":"https:\/\/sweethomelearning.com\/es\/wp-json\/wp\/v2\/media?parent=659"}],"wp:term":[{"taxonomy":"product_brand","embeddable":true,"href":"https:\/\/sweethomelearning.com\/es\/wp-json\/wp\/v2\/product_brand?post=659"},{"taxonomy":"product_cat","embeddable":true,"href":"https:\/\/sweethomelearning.com\/es\/wp-json\/wp\/v2\/product_cat?post=659"},{"taxonomy":"product_tag","embeddable":true,"href":"https:\/\/sweethomelearning.com\/es\/wp-json\/wp\/v2\/product_tag?post=659"}],"curies":[{"name":"wp","href":"https:\/\/api.w.org\/{rel}","templated":true}]}}