{"id":660,"date":"2022-02-25T15:53:06","date_gmt":"2022-02-25T21:53:06","guid":{"rendered":"http:\/\/sweethomelearning.com\/?post_type=product&#038;p=660"},"modified":"2023-08-29T18:31:56","modified_gmt":"2023-08-29T23:31:56","slug":"tarjetas-para-contar-corazones-valentines-printable-count-and-clip-cards","status":"publish","type":"product","link":"https:\/\/sweethomelearning.com\/es\/product\/tarjetas-para-contar-corazones-valentines-printable-count-and-clip-cards\/","title":{"rendered":"Tarjetas para Contar Corazones | Valentines printable count and clip cards"},"content":{"rendered":"<p>Buscando\u00a0<strong>tarjetas<\/strong>\u00a0para trabajar los\u00a0<strong>n\u00fameros<\/strong>\u00a0con la tem\u00e1tica del D\u00eda de San Valent\u00edn. Esta es una actividad divertida para que los peques aprendan o refuerzan el conteo. Se trabajan los\u00a0<strong>n\u00fameros<\/strong>\u00a0de\u00a0<strong>0 al 20<\/strong>.<\/p>\n<p><strong>Ideas de uso:<\/strong><\/p>\n<p>Puede utilizar pinzas para la ropa o marcadores de borrado en seco para marcar sus respuestas. Esta es una buena pr\u00e1ctica para la motricidad fina.<\/p>\n<p><strong>Incluye:<\/strong><\/p>\n<p><strong>20 tarjetas de los n\u00fameros del 0 al 20.<\/strong><\/p>\n<p><strong>Sugerencia:<\/strong><\/p>\n<p>Laminar para mayor durabilidad.<\/p>\n<p>____________________________________________________________________________________________________________<\/p>\n<p><b>T\u00e9rminos de uso:<\/b><\/p>\n<p>Todos los derechos reservados. Este material est\u00e1 protegido por derechos de autor. Esta compra da licencia para usarlo \u00fanicamente en su sal\u00f3n de clase o de uso familiar; compartirlo en otro sitio de internet o persona est\u00e1 prohibido. Gracias por respetar mi trabajo.<\/p>\n<p>\u27bc S\u00edguenos en\u00a0<a href=\"https:\/\/www.instagram.com\/sweethomelearning\/\">Instagram<\/a>.<\/p>","protected":false},"excerpt":{"rendered":"<p>Esta es una colecci\u00f3n de tarjetas de conteo para el tema del D\u00eda de San Valent\u00edn. Esta es una actividad divertida para que los peques aprendan a contar. Puede utilizar pinzas para la ropa o marcadores de borrado en seco para marcar sus respuestas. Esta es una buena pr\u00e1ctica para la motricidad fina.<\/p>","protected":false},"featured_media":549,"template":"","meta":[],"product_brand":[],"product_cat":[71,78,81],"product_tag":[],"class_list":{"0":"post-660","1":"product","2":"type-product","3":"status-publish","4":"has-post-thumbnail","6":"product_cat-flashcards","7":"product_cat-numeros","8":"product_cat-temporada","10":"first","11":"instock","12":"downloadable","13":"taxable","14":"shipping-taxable","15":"purchasable","16":"product-type-simple"},"_links":{"self":[{"href":"https:\/\/sweethomelearning.com\/es\/wp-json\/wp\/v2\/product\/660","targetHints":{"allow":["GET"]}}],"collection":[{"href":"https:\/\/sweethomelearning.com\/es\/wp-json\/wp\/v2\/product"}],"about":[{"href":"https:\/\/sweethomelearning.com\/es\/wp-json\/wp\/v2\/types\/product"}],"wp:featuredmedia":[{"embeddable":true,"href":"https:\/\/sweethomelearning.com\/es\/wp-json\/wp\/v2\/media\/549"}],"wp:attachment":[{"href":"https:\/\/sweethomelearning.com\/es\/wp-json\/wp\/v2\/media?parent=660"}],"wp:term":[{"taxonomy":"product_brand","embeddable":true,"href":"https:\/\/sweethomelearning.com\/es\/wp-json\/wp\/v2\/product_brand?post=660"},{"taxonomy":"product_cat","embeddable":true,"href":"https:\/\/sweethomelearning.com\/es\/wp-json\/wp\/v2\/product_cat?post=660"},{"taxonomy":"product_tag","embeddable":true,"href":"https:\/\/sweethomelearning.com\/es\/wp-json\/wp\/v2\/product_tag?post=660"}],"curies":[{"name":"wp","href":"https:\/\/api.w.org\/{rel}","templated":true}]}}