{"id":661,"date":"2022-02-25T15:54:37","date_gmt":"2022-02-25T21:54:37","guid":{"rendered":"http:\/\/sweethomelearning.com\/?post_type=product&#038;p=661"},"modified":"2023-08-24T09:46:45","modified_gmt":"2023-08-24T14:46:45","slug":"discriminacion-visual-y-clasificacion-which-doesnt-belong","status":"publish","type":"product","link":"https:\/\/sweethomelearning.com\/es\/product\/discriminacion-visual-y-clasificacion-which-doesnt-belong\/","title":{"rendered":"Discriminaci\u00f3n visual y clasificaci\u00f3n | Which doesn&#8217;t belong"},"content":{"rendered":"<p>Con este divertido juego los peques practicar\u00e1n discriminaci\u00f3n visual y clasificaci\u00f3n. Contiene <strong><em>20 tarjetas<\/em><\/strong>. Los peques mirar\u00e1n <strong><em>3 im\u00e1genes: 2 son del mismo grupo y 1 es diferente<\/em><\/strong>. La idea es que encuentren la imagen que es diferente, que no pertenece al grupo.<\/p>\n<p>____________________________________________________________________________________________________________<\/p>\n<p><b>T\u00e9rminos de uso:<\/b><\/p>\n<p>Todos los derechos reservados. Este material est\u00e1 protegido por derechos de autor. Esta compra da licencia para usarlo \u00fanicamente en su sal\u00f3n de clase o de uso familiar; compartirlo en otro sitio de internet o persona est\u00e1 prohibido. Gracias por respetar mi trabajo.<\/p>\n<p>\u27bc S\u00edguenos en\u00a0<a href=\"https:\/\/www.instagram.com\/sweethomelearning\/\">Instagram<\/a>.<\/p>","protected":false},"excerpt":{"rendered":"<p>Con este divertido juego los peques practicar\u00e1n discriminaci\u00f3n visual y clasificaci\u00f3n. Contiene <strong><em>20 tarjetas<\/em><\/strong>. Los peques mirar\u00e1n <strong><em>3 im\u00e1genes: 2 son del mismo grupo y 1 es diferente<\/em><\/strong>. La idea es que encuentren la imagen que es diferente, que no pertenece al grupo.<\/p>","protected":false},"featured_media":550,"template":"","meta":[],"product_brand":[],"product_cat":[71],"product_tag":[],"class_list":{"0":"post-661","1":"product","2":"type-product","3":"status-publish","4":"has-post-thumbnail","6":"product_cat-flashcards","8":"first","9":"instock","10":"downloadable","11":"taxable","12":"shipping-taxable","13":"purchasable","14":"product-type-simple"},"_links":{"self":[{"href":"https:\/\/sweethomelearning.com\/es\/wp-json\/wp\/v2\/product\/661","targetHints":{"allow":["GET"]}}],"collection":[{"href":"https:\/\/sweethomelearning.com\/es\/wp-json\/wp\/v2\/product"}],"about":[{"href":"https:\/\/sweethomelearning.com\/es\/wp-json\/wp\/v2\/types\/product"}],"wp:featuredmedia":[{"embeddable":true,"href":"https:\/\/sweethomelearning.com\/es\/wp-json\/wp\/v2\/media\/550"}],"wp:attachment":[{"href":"https:\/\/sweethomelearning.com\/es\/wp-json\/wp\/v2\/media?parent=661"}],"wp:term":[{"taxonomy":"product_brand","embeddable":true,"href":"https:\/\/sweethomelearning.com\/es\/wp-json\/wp\/v2\/product_brand?post=661"},{"taxonomy":"product_cat","embeddable":true,"href":"https:\/\/sweethomelearning.com\/es\/wp-json\/wp\/v2\/product_cat?post=661"},{"taxonomy":"product_tag","embeddable":true,"href":"https:\/\/sweethomelearning.com\/es\/wp-json\/wp\/v2\/product_tag?post=661"}],"curies":[{"name":"wp","href":"https:\/\/api.w.org\/{rel}","templated":true}]}}