{"id":662,"date":"2022-02-25T15:57:19","date_gmt":"2022-02-25T21:57:19","guid":{"rendered":"http:\/\/sweethomelearning.com\/?post_type=product&#038;p=662"},"modified":"2023-08-29T18:32:58","modified_gmt":"2023-08-29T23:32:58","slug":"tarjetas-3-partes-de-verduras","status":"publish","type":"product","link":"https:\/\/sweethomelearning.com\/es\/product\/tarjetas-3-partes-de-verduras\/","title":{"rendered":"Tarjetas: 3 partes de verduras"},"content":{"rendered":"<p>Est\u00e1s tarjetas permiten a los peques el desarrollo de su vocabulario y establecer nuevos conocimientos. Las tarjetas de 3 partes, son un material que como su nombre lo indica esta compuesto de tres partes. Una tarjeta contiene la imagen y el nombre del objeto; la segunda solo contiene la imagen, y la tercera parte solo contiene el nombre.<\/p>\n<p>El material contiene las siguientes verduras:<\/p>\n<ul>\n<li>Alcachofa<\/li>\n<li>Esp\u00e1rrago<\/li>\n<li>Remolacha<\/li>\n<li>Pimiento morr\u00f3n<\/li>\n<li>Br\u00f3coli<\/li>\n<li>Coles de bruselas<\/li>\n<li>Repollo<\/li>\n<li>Zanahoria<\/li>\n<li>Calabaza<\/li>\n<li>Ma\u00edz<\/li>\n<li>Berenjena<\/li>\n<li>Ajo<\/li>\n<li>Guisante<\/li>\n<li>Espinaca<\/li>\n<li>Lechuga<\/li>\n<li>Setas<\/li>\n<li>Cebolla<\/li>\n<li>Papa<\/li>\n<li>T\u00f3mate<\/li>\n<li>Calabac\u00edn<\/li>\n<\/ul>\n<p>____________________________________________________________________________________________________________<\/p>\n<p><b>T\u00e9rminos de uso:<\/b><\/p>\n<p>Todos los derechos reservados. Este material est\u00e1 protegido por derechos de autor. Esta compra da licencia para usarlo \u00fanicamente en su sal\u00f3n de clase o de uso familiar; compartirlo en otro sitio de internet o persona est\u00e1 prohibido. Gracias por respetar mi trabajo.<\/p>\n<p>\u27bc S\u00edguenos en\u00a0<a href=\"https:\/\/www.instagram.com\/sweethomelearning\/\">Instagram<\/a>.<\/p>","protected":false},"excerpt":{"rendered":"<p>Est\u00e1s tarjetas permiten a los peques el desarrollo de su vocabulario y establecer nuevos conocimientos. Las tarjetas de 3 partes, son un material que como su nombre lo indica esta compuesto de tres partes. Una tarjeta contiene la imagen y el nombre del objeto; la segunda solo contiene la imagen, y la tercera parte solo contiene el nombre.<\/p>","protected":false},"featured_media":551,"template":"","meta":[],"product_brand":[],"product_cat":[71],"product_tag":[],"class_list":{"0":"post-662","1":"product","2":"type-product","3":"status-publish","4":"has-post-thumbnail","6":"product_cat-flashcards","8":"first","9":"instock","10":"downloadable","11":"taxable","12":"shipping-taxable","13":"purchasable","14":"product-type-simple"},"_links":{"self":[{"href":"https:\/\/sweethomelearning.com\/es\/wp-json\/wp\/v2\/product\/662","targetHints":{"allow":["GET"]}}],"collection":[{"href":"https:\/\/sweethomelearning.com\/es\/wp-json\/wp\/v2\/product"}],"about":[{"href":"https:\/\/sweethomelearning.com\/es\/wp-json\/wp\/v2\/types\/product"}],"wp:featuredmedia":[{"embeddable":true,"href":"https:\/\/sweethomelearning.com\/es\/wp-json\/wp\/v2\/media\/551"}],"wp:attachment":[{"href":"https:\/\/sweethomelearning.com\/es\/wp-json\/wp\/v2\/media?parent=662"}],"wp:term":[{"taxonomy":"product_brand","embeddable":true,"href":"https:\/\/sweethomelearning.com\/es\/wp-json\/wp\/v2\/product_brand?post=662"},{"taxonomy":"product_cat","embeddable":true,"href":"https:\/\/sweethomelearning.com\/es\/wp-json\/wp\/v2\/product_cat?post=662"},{"taxonomy":"product_tag","embeddable":true,"href":"https:\/\/sweethomelearning.com\/es\/wp-json\/wp\/v2\/product_tag?post=662"}],"curies":[{"name":"wp","href":"https:\/\/api.w.org\/{rel}","templated":true}]}}