{"id":663,"date":"2022-02-25T15:58:57","date_gmt":"2022-02-25T21:58:57","guid":{"rendered":"http:\/\/sweethomelearning.com\/?post_type=product&#038;p=663"},"modified":"2023-08-24T10:38:17","modified_gmt":"2023-08-24T15:38:17","slug":"discriminacion-visual-fonemas-b-y-d-dislexia","status":"publish","type":"product","link":"https:\/\/sweethomelearning.com\/es\/product\/discriminacion-visual-fonemas-b-y-d-dislexia\/","title":{"rendered":"Discriminaci\u00f3n visual fonemas \/b\/ y \/d\/ | Dislexia"},"content":{"rendered":"<p>Tarjetas dirigidas para trabajar los fonemas <strong><em>b<\/em><\/strong> y <strong><em>d<\/em><\/strong>. Contiene <strong>20<\/strong> <strong>im\u00e1genes<\/strong> (10 letra b y 10 letra d) adem\u00e1s de 10 tarjetas con la letra b y 10 tarjetas con la letra d. Tiene m\u00faltiples maneras para ser utilizadas entre ellas usarlas como pare\u00f3.<\/p>\n<p>Las im\u00e1genes para la letra <strong><em>b<\/em><\/strong> son:<\/p>\n<ul>\n<li>botella<\/li>\n<li>bicicleta<\/li>\n<li>bot\u00f3n<\/li>\n<li>buz\u00f3n<\/li>\n<li>ballena<\/li>\n<li>b\u00faho<\/li>\n<li>bizcocho<\/li>\n<li>berenjena<\/li>\n<li>barco<\/li>\n<li>bufanda<\/li>\n<\/ul>\n<p>Las im\u00e1genes para la letra <strong><em>d<\/em><\/strong> son:<\/p>\n<ul>\n<li>diente<\/li>\n<li>delantal<\/li>\n<li>delf\u00edn<\/li>\n<li>dona<\/li>\n<li>dinosaurio<\/li>\n<li>dedal<\/li>\n<li>durazno<\/li>\n<li>doctor<\/li>\n<li>ducha<\/li>\n<li>diamante<\/li>\n<\/ul>\n<p>____________________________________________________________________________________________________________<\/p>\n<p><b>T\u00e9rminos de uso:<\/b><\/p>\n<p>Todos los derechos reservados. Este material est\u00e1 protegido por derechos de autor. Esta compra da licencia para usarlo \u00fanicamente en su sal\u00f3n de clase o de uso familiar; compartirlo en otro sitio de internet o persona est\u00e1 prohibido. Gracias por respetar mi trabajo.<\/p>\n<p>\u27bc S\u00edguenos en\u00a0<a href=\"https:\/\/www.instagram.com\/sweethomelearning\/\">Instagram<\/a>.<\/p>","protected":false},"excerpt":{"rendered":"<p>Tarjetas dirigidas para trabajar los fonemas <strong><em>b<\/em><\/strong> y <strong><em>d<\/em><\/strong>. Contiene <strong>20<\/strong> <strong>im\u00e1genes<\/strong> (10 letra b y 10 letra d) adem\u00e1s de 10 tarjetas con la letra b y 10 tarjetas con la letra d. Tiene m\u00faltiples maneras para ser utilizadas entre ellas usarlas como pare\u00f3.<\/p>","protected":false},"featured_media":552,"template":"","meta":[],"product_brand":[],"product_cat":[71,70],"product_tag":[],"class_list":{"0":"post-663","1":"product","2":"type-product","3":"status-publish","4":"has-post-thumbnail","6":"product_cat-flashcards","7":"product_cat-lenguaje","9":"first","10":"instock","11":"downloadable","12":"taxable","13":"shipping-taxable","14":"purchasable","15":"product-type-simple"},"_links":{"self":[{"href":"https:\/\/sweethomelearning.com\/es\/wp-json\/wp\/v2\/product\/663","targetHints":{"allow":["GET"]}}],"collection":[{"href":"https:\/\/sweethomelearning.com\/es\/wp-json\/wp\/v2\/product"}],"about":[{"href":"https:\/\/sweethomelearning.com\/es\/wp-json\/wp\/v2\/types\/product"}],"wp:featuredmedia":[{"embeddable":true,"href":"https:\/\/sweethomelearning.com\/es\/wp-json\/wp\/v2\/media\/552"}],"wp:attachment":[{"href":"https:\/\/sweethomelearning.com\/es\/wp-json\/wp\/v2\/media?parent=663"}],"wp:term":[{"taxonomy":"product_brand","embeddable":true,"href":"https:\/\/sweethomelearning.com\/es\/wp-json\/wp\/v2\/product_brand?post=663"},{"taxonomy":"product_cat","embeddable":true,"href":"https:\/\/sweethomelearning.com\/es\/wp-json\/wp\/v2\/product_cat?post=663"},{"taxonomy":"product_tag","embeddable":true,"href":"https:\/\/sweethomelearning.com\/es\/wp-json\/wp\/v2\/product_tag?post=663"}],"curies":[{"name":"wp","href":"https:\/\/api.w.org\/{rel}","templated":true}]}}