{"id":664,"date":"2022-02-25T16:05:30","date_gmt":"2022-02-25T22:05:30","guid":{"rendered":"http:\/\/sweethomelearning.com\/?post_type=product&#038;p=664"},"modified":"2023-08-24T10:36:50","modified_gmt":"2023-08-24T15:36:50","slug":"tarjetas-clima-spanish-weather-flashcards","status":"publish","type":"product","link":"https:\/\/sweethomelearning.com\/es\/product\/tarjetas-clima-spanish-weather-flashcards\/","title":{"rendered":"Tarjetas: Clima | Spanish Weather Flashcards"},"content":{"rendered":"<p>Aprende o refuerza los t\u00e9rminos del clima y el reconocimiento visual. Este imprimible incluye <strong>8 tarjetas<\/strong> nevado, soleado, arco iris, ventoso, lluvioso, rel\u00e1mpago y tormenta el\u00e9ctrica. Solo recortar y laminar para que duren mucho m\u00e1s.<\/p>\n<p>____________________________________________________________________________________________________________<\/p>\n<p><b>T\u00e9rminos de uso:<\/b><\/p>\n<p>Todos los derechos reservados. Este material est\u00e1 protegido por derechos de autor. Esta compra da licencia para usarlo \u00fanicamente en su sal\u00f3n de clase o de uso familiar; compartirlo en otro sitio de internet o persona est\u00e1 prohibido. Gracias por respetar mi trabajo.<\/p>\n<p>\u27bc S\u00edguenos en\u00a0<a href=\"https:\/\/www.instagram.com\/sweethomelearning\/\">Instagram<\/a>.<\/p>","protected":false},"excerpt":{"rendered":"<p>Aprende o refuerza los t\u00e9rminos del clima y el reconocimiento visual. Este imprimible incluye <strong>8 tarjetas<\/strong> nevado, soleado, arco iris, ventoso, lluvioso, rel\u00e1mpago y tormenta el\u00e9ctrica. Solo recortar y laminar para que duren mucho m\u00e1s.<\/p>","protected":false},"featured_media":553,"template":"","meta":[],"product_brand":[],"product_cat":[71],"product_tag":[],"class_list":{"0":"post-664","1":"product","2":"type-product","3":"status-publish","4":"has-post-thumbnail","6":"product_cat-flashcards","8":"first","9":"instock","10":"downloadable","11":"taxable","12":"shipping-taxable","13":"purchasable","14":"product-type-simple"},"_links":{"self":[{"href":"https:\/\/sweethomelearning.com\/es\/wp-json\/wp\/v2\/product\/664","targetHints":{"allow":["GET"]}}],"collection":[{"href":"https:\/\/sweethomelearning.com\/es\/wp-json\/wp\/v2\/product"}],"about":[{"href":"https:\/\/sweethomelearning.com\/es\/wp-json\/wp\/v2\/types\/product"}],"wp:featuredmedia":[{"embeddable":true,"href":"https:\/\/sweethomelearning.com\/es\/wp-json\/wp\/v2\/media\/553"}],"wp:attachment":[{"href":"https:\/\/sweethomelearning.com\/es\/wp-json\/wp\/v2\/media?parent=664"}],"wp:term":[{"taxonomy":"product_brand","embeddable":true,"href":"https:\/\/sweethomelearning.com\/es\/wp-json\/wp\/v2\/product_brand?post=664"},{"taxonomy":"product_cat","embeddable":true,"href":"https:\/\/sweethomelearning.com\/es\/wp-json\/wp\/v2\/product_cat?post=664"},{"taxonomy":"product_tag","embeddable":true,"href":"https:\/\/sweethomelearning.com\/es\/wp-json\/wp\/v2\/product_tag?post=664"}],"curies":[{"name":"wp","href":"https:\/\/api.w.org\/{rel}","templated":true}]}}