{"id":665,"date":"2022-02-25T16:06:26","date_gmt":"2022-02-25T22:06:26","guid":{"rendered":"http:\/\/sweethomelearning.com\/?post_type=product&#038;p=665"},"modified":"2023-08-24T10:14:02","modified_gmt":"2023-08-24T15:14:02","slug":"juego-yo-tengo-quien-tiene","status":"publish","type":"product","link":"https:\/\/sweethomelearning.com\/es\/product\/juego-yo-tengo-quien-tiene\/","title":{"rendered":"Juego: Yo tengo&#8230; \u00bfqui\u00e9n tiene&#8230;?"},"content":{"rendered":"<p>Juego: Yo tengo&#8230; \u00bfQui\u00e9n tiene&#8230;? es una forma divertida de ense\u00f1ar y repasar <strong>vocabulario<\/strong> y las <strong>estructuras interrogativas<\/strong>. Son <strong>16 tarjetas<\/strong> (cada una con dos im\u00e1genes y las palabras &#8220;Yo tengo&#8230;&#8221; y &#8220;\u00bfQui\u00e9n tiene&#8230;?&#8221;.<\/p>\n<p>____________________________________________________________________________________________________________<\/p>\n<p><b>T\u00e9rminos de uso:<\/b><\/p>\n<p>Todos los derechos reservados. Este material est\u00e1 protegido por derechos de autor. Esta compra da licencia para usarlo \u00fanicamente en su sal\u00f3n de clase o de uso familiar; compartirlo en otro sitio de internet o persona est\u00e1 prohibido. Gracias por respetar mi trabajo.<\/p>\n<p>\u27bc S\u00edguenos en\u00a0<a href=\"https:\/\/www.instagram.com\/sweethomelearning\/\">Instagram<\/a>.<\/p>","protected":false},"excerpt":{"rendered":"<p>Juego: Yo tengo&#8230; \u00bfQui\u00e9n tiene&#8230;? es una forma divertida de ense\u00f1ar y repasar <strong>vocabulario<\/strong> y las <strong>estructuras interrogativas<\/strong>. Son <strong>16 tarjetas<\/strong> (cada una con dos im\u00e1genes y las palabras &#8220;Yo tengo&#8230;&#8221; y &#8220;\u00bfQui\u00e9n tiene&#8230;?&#8221;.<\/p>","protected":false},"featured_media":554,"template":"","meta":[],"product_brand":[],"product_cat":[71],"product_tag":[],"class_list":{"0":"post-665","1":"product","2":"type-product","3":"status-publish","4":"has-post-thumbnail","6":"product_cat-flashcards","8":"first","9":"instock","10":"downloadable","11":"taxable","12":"shipping-taxable","13":"purchasable","14":"product-type-simple"},"_links":{"self":[{"href":"https:\/\/sweethomelearning.com\/es\/wp-json\/wp\/v2\/product\/665","targetHints":{"allow":["GET"]}}],"collection":[{"href":"https:\/\/sweethomelearning.com\/es\/wp-json\/wp\/v2\/product"}],"about":[{"href":"https:\/\/sweethomelearning.com\/es\/wp-json\/wp\/v2\/types\/product"}],"wp:featuredmedia":[{"embeddable":true,"href":"https:\/\/sweethomelearning.com\/es\/wp-json\/wp\/v2\/media\/554"}],"wp:attachment":[{"href":"https:\/\/sweethomelearning.com\/es\/wp-json\/wp\/v2\/media?parent=665"}],"wp:term":[{"taxonomy":"product_brand","embeddable":true,"href":"https:\/\/sweethomelearning.com\/es\/wp-json\/wp\/v2\/product_brand?post=665"},{"taxonomy":"product_cat","embeddable":true,"href":"https:\/\/sweethomelearning.com\/es\/wp-json\/wp\/v2\/product_cat?post=665"},{"taxonomy":"product_tag","embeddable":true,"href":"https:\/\/sweethomelearning.com\/es\/wp-json\/wp\/v2\/product_tag?post=665"}],"curies":[{"name":"wp","href":"https:\/\/api.w.org\/{rel}","templated":true}]}}