{"id":666,"date":"2022-02-25T16:07:37","date_gmt":"2022-02-25T22:07:37","guid":{"rendered":"http:\/\/sweethomelearning.com\/?post_type=product&#038;p=666"},"modified":"2023-08-24T10:43:32","modified_gmt":"2023-08-24T15:43:32","slug":"sustantivos-singular-y-plural-espanol-spanish-plurals","status":"publish","type":"product","link":"https:\/\/sweethomelearning.com\/es\/product\/sustantivos-singular-y-plural-espanol-spanish-plurals\/","title":{"rendered":"Sustantivos: Singular y plural espa\u00f1ol | Spanish Plurals"},"content":{"rendered":"<p>Tarjetas para trabajar singular y plural inspirado en frutas y vegetales. Tambi\u00e9n se pueden utilizar para a\u00f1adir vocabulario. Son <strong>28 tarjetas <\/strong>(14 singular y 14 plural) con im\u00e1genes sencillas y claras. Incluye el nombre de cada fruta y vegetal.<\/p>\n<p>____________________________________________________________________________________________________________<\/p>\n<p><b>T\u00e9rminos de uso:<\/b><\/p>\n<p>Todos los derechos reservados. Este material est\u00e1 protegido por derechos de autor. Esta compra da licencia para usarlo \u00fanicamente en su sal\u00f3n de clase o de uso familiar; compartirlo en otro sitio de internet o persona est\u00e1 prohibido. Gracias por respetar mi trabajo.<\/p>\n<p>\u27bc S\u00edguenos en\u00a0<a href=\"https:\/\/www.instagram.com\/sweethomelearning\/\">Instagram<\/a>.<\/p>","protected":false},"excerpt":{"rendered":"<p>Tarjetas para trabajar singular y plural inspirado en frutas y vegetales. Tambi\u00e9n se pueden utilizar para a\u00f1adir vocabulario. Son <strong>28 tarjetas <\/strong>(14 singular y 14 plural) con im\u00e1genes sencillas y claras. Incluye el nombre de cada fruta y vegetal.<\/p>","protected":false},"featured_media":555,"template":"","meta":[],"product_brand":[],"product_cat":[71],"product_tag":[],"class_list":{"0":"post-666","1":"product","2":"type-product","3":"status-publish","4":"has-post-thumbnail","6":"product_cat-flashcards","8":"first","9":"instock","10":"downloadable","11":"taxable","12":"shipping-taxable","13":"purchasable","14":"product-type-simple"},"_links":{"self":[{"href":"https:\/\/sweethomelearning.com\/es\/wp-json\/wp\/v2\/product\/666","targetHints":{"allow":["GET"]}}],"collection":[{"href":"https:\/\/sweethomelearning.com\/es\/wp-json\/wp\/v2\/product"}],"about":[{"href":"https:\/\/sweethomelearning.com\/es\/wp-json\/wp\/v2\/types\/product"}],"wp:featuredmedia":[{"embeddable":true,"href":"https:\/\/sweethomelearning.com\/es\/wp-json\/wp\/v2\/media\/555"}],"wp:attachment":[{"href":"https:\/\/sweethomelearning.com\/es\/wp-json\/wp\/v2\/media?parent=666"}],"wp:term":[{"taxonomy":"product_brand","embeddable":true,"href":"https:\/\/sweethomelearning.com\/es\/wp-json\/wp\/v2\/product_brand?post=666"},{"taxonomy":"product_cat","embeddable":true,"href":"https:\/\/sweethomelearning.com\/es\/wp-json\/wp\/v2\/product_cat?post=666"},{"taxonomy":"product_tag","embeddable":true,"href":"https:\/\/sweethomelearning.com\/es\/wp-json\/wp\/v2\/product_tag?post=666"}],"curies":[{"name":"wp","href":"https:\/\/api.w.org\/{rel}","templated":true}]}}