{"id":667,"date":"2022-02-25T16:08:50","date_gmt":"2022-02-25T22:08:50","guid":{"rendered":"http:\/\/sweethomelearning.com\/?post_type=product&#038;p=667"},"modified":"2023-08-28T11:54:45","modified_gmt":"2023-08-28T16:54:45","slug":"sonido-inicial-vocales-a-e-i-o-u-spanish-vowels-initial-sound","status":"publish","type":"product","link":"https:\/\/sweethomelearning.com\/es\/product\/sonido-inicial-vocales-a-e-i-o-u-spanish-vowels-initial-sound\/","title":{"rendered":"Vocales Sonido Inicial | Spanish Vowels Initial Sound"},"content":{"rendered":"<p>M\u00e1s de 25 tarjetas para trabajar conciencia fonol\u00f3gica sonido inicial en vocales. Ideales para trabajar en grupo o individual. Im\u00e1genes sencillas y claras en acuarela inspiradas en Montessori.<\/p>\n<p><strong>Incluye:<\/strong><\/p>\n<ul>\n<li><strong><em>30 tarjetas<\/em><\/strong> (6 por cada vocal) donde el(la) ni\u00f1o(a) podr\u00e1 completar la palabra enfocado en las vocales.<\/li>\n<\/ul>\n<p><strong>\u00a1Bono!<\/strong><\/p>\n<p><strong>Incluye tarjetas con las vocales (may\u00fasculas y min\u00fasculas)<\/strong>.<\/p>\n<p>____________________________________________________________________________________________________________<\/p>\n<p><b>T\u00e9rminos de uso:<\/b><\/p>\n<p>Todos los derechos reservados. Este material est\u00e1 protegido por derechos de autor. Esta compra da licencia para usarlo \u00fanicamente en su sal\u00f3n de clase o de uso familiar; compartirlo en otro sitio de internet o persona est\u00e1 prohibido. Gracias por respetar mi trabajo.<\/p>\n<p>\u27bc S\u00edguenos en\u00a0<a href=\"https:\/\/www.instagram.com\/sweethomelearning\/\">Instagram<\/a>.<\/p>\n<p>&nbsp;<\/p>","protected":false},"excerpt":{"rendered":"<p>M\u00e1s de 25 tarjetas para trabajar conciencia fonol\u00f3gica sonido inicial en vocales. Ideales para trabajar en grupo o individual. Im\u00e1genes sencillas y claras en acuarela inspiradas en Montessori.<\/p>","protected":false},"featured_media":556,"template":"","meta":[],"product_brand":[],"product_cat":[71,79],"product_tag":[],"class_list":{"0":"post-667","1":"product","2":"type-product","3":"status-publish","4":"has-post-thumbnail","6":"product_cat-flashcards","7":"product_cat-vocales","9":"first","10":"instock","11":"downloadable","12":"taxable","13":"shipping-taxable","14":"purchasable","15":"product-type-simple"},"_links":{"self":[{"href":"https:\/\/sweethomelearning.com\/es\/wp-json\/wp\/v2\/product\/667","targetHints":{"allow":["GET"]}}],"collection":[{"href":"https:\/\/sweethomelearning.com\/es\/wp-json\/wp\/v2\/product"}],"about":[{"href":"https:\/\/sweethomelearning.com\/es\/wp-json\/wp\/v2\/types\/product"}],"wp:featuredmedia":[{"embeddable":true,"href":"https:\/\/sweethomelearning.com\/es\/wp-json\/wp\/v2\/media\/556"}],"wp:attachment":[{"href":"https:\/\/sweethomelearning.com\/es\/wp-json\/wp\/v2\/media?parent=667"}],"wp:term":[{"taxonomy":"product_brand","embeddable":true,"href":"https:\/\/sweethomelearning.com\/es\/wp-json\/wp\/v2\/product_brand?post=667"},{"taxonomy":"product_cat","embeddable":true,"href":"https:\/\/sweethomelearning.com\/es\/wp-json\/wp\/v2\/product_cat?post=667"},{"taxonomy":"product_tag","embeddable":true,"href":"https:\/\/sweethomelearning.com\/es\/wp-json\/wp\/v2\/product_tag?post=667"}],"curies":[{"name":"wp","href":"https:\/\/api.w.org\/{rel}","templated":true}]}}