{"id":668,"date":"2022-02-25T16:14:36","date_gmt":"2022-02-25T22:14:36","guid":{"rendered":"http:\/\/sweethomelearning.com\/?post_type=product&#038;p=668"},"modified":"2023-08-24T10:21:15","modified_gmt":"2023-08-24T15:21:15","slug":"conciencia-fonologica-rimas-que-rima-con-spanish-rhymes","status":"publish","type":"product","link":"https:\/\/sweethomelearning.com\/es\/product\/conciencia-fonologica-rimas-que-rima-con-spanish-rhymes\/","title":{"rendered":"Conciencia fonol\u00f3gica rimas | \u00bfQu\u00e9 rima con&#8230;? | Spanish Rhymes"},"content":{"rendered":"<p>Juego tarjetas de memoria de rimas en <strong><em>Espa\u00f1ol<\/em><\/strong>. Para trabajar la conciencia fonol\u00f3gica con los ni\u00f1os a trav\u00e9s de las rimas. Son <strong>16 tarjetas<\/strong> (8 pares).<\/p>\n<p><strong><em>Incluye bono:<\/em><\/strong> hoja imprimible con dise\u00f1o para colocar detr\u00e1s de cada tarjeta, esto ayudar\u00e1 a que no se vean a trav\u00e9s.<\/p>\n<p>____________________________________________________________________________________________________________<\/p>\n<p><b>T\u00e9rminos de uso:<\/b><\/p>\n<p>Todos los derechos reservados. Este material est\u00e1 protegido por derechos de autor. Esta compra da licencia para usarlo \u00fanicamente en su sal\u00f3n de clase o de uso familiar; compartirlo en otro sitio de internet o persona est\u00e1 prohibido. Gracias por respetar mi trabajo.<\/p>\n<p>\u27bc S\u00edguenos en\u00a0<a href=\"https:\/\/www.instagram.com\/sweethomelearning\/\">Instagram<\/a>.<\/p>","protected":false},"excerpt":{"rendered":"<p>Juego tarjetas de memoria de rimas en <strong><em>Espa\u00f1ol<\/em><\/strong>. Para trabajar la conciencia fonol\u00f3gica con los ni\u00f1os a trav\u00e9s de las rimas. Son <strong>16 tarjetas<\/strong> (8 pares).<\/p>","protected":false},"featured_media":557,"template":"","meta":[],"product_brand":[],"product_cat":[71,70],"product_tag":[],"class_list":{"0":"post-668","1":"product","2":"type-product","3":"status-publish","4":"has-post-thumbnail","6":"product_cat-flashcards","7":"product_cat-lenguaje","9":"first","10":"instock","11":"downloadable","12":"taxable","13":"shipping-taxable","14":"purchasable","15":"product-type-simple"},"_links":{"self":[{"href":"https:\/\/sweethomelearning.com\/es\/wp-json\/wp\/v2\/product\/668","targetHints":{"allow":["GET"]}}],"collection":[{"href":"https:\/\/sweethomelearning.com\/es\/wp-json\/wp\/v2\/product"}],"about":[{"href":"https:\/\/sweethomelearning.com\/es\/wp-json\/wp\/v2\/types\/product"}],"wp:featuredmedia":[{"embeddable":true,"href":"https:\/\/sweethomelearning.com\/es\/wp-json\/wp\/v2\/media\/557"}],"wp:attachment":[{"href":"https:\/\/sweethomelearning.com\/es\/wp-json\/wp\/v2\/media?parent=668"}],"wp:term":[{"taxonomy":"product_brand","embeddable":true,"href":"https:\/\/sweethomelearning.com\/es\/wp-json\/wp\/v2\/product_brand?post=668"},{"taxonomy":"product_cat","embeddable":true,"href":"https:\/\/sweethomelearning.com\/es\/wp-json\/wp\/v2\/product_cat?post=668"},{"taxonomy":"product_tag","embeddable":true,"href":"https:\/\/sweethomelearning.com\/es\/wp-json\/wp\/v2\/product_tag?post=668"}],"curies":[{"name":"wp","href":"https:\/\/api.w.org\/{rel}","templated":true}]}}