{"id":670,"date":"2022-02-25T16:19:48","date_gmt":"2022-02-25T22:19:48","guid":{"rendered":"http:\/\/sweethomelearning.com\/?post_type=product&#038;p=670"},"modified":"2023-08-24T10:05:11","modified_gmt":"2023-08-24T15:05:11","slug":"fonema-l-sonido-medial-articulacion","status":"publish","type":"product","link":"https:\/\/sweethomelearning.com\/es\/product\/fonema-l-sonido-medial-articulacion\/","title":{"rendered":"Fonema L sonido medial | Articulaci\u00f3n"},"content":{"rendered":"<p>Tarjetas con palabras enfocadas en la letra &#8220;L&#8221; medial en <em><strong>espa\u00f1ol<\/strong><\/em>. Material para reforzar la letra &#8220;L&#8221; medial o simplemente a\u00f1adir vocabulario. Inspirado en Montessori. Im\u00e1genes simples y claras.<\/p>\n<p><strong><em>Contiene:<\/em><\/strong><\/p>\n<p>16 tarjetas enfocadas en la letra &#8220;L&#8221; medial.<\/p>\n<ul>\n<li>hielo<\/li>\n<li>pala<\/li>\n<li>helecho<\/li>\n<li>delantal<\/li>\n<li>helado<\/li>\n<li>olas<\/li>\n<li>mochila<\/li>\n<li>koalas<\/li>\n<li>velero<\/li>\n<li>dulce<\/li>\n<li>alcachofa<\/li>\n<li>pulpo<\/li>\n<li>palmera<\/li>\n<li>pulsera<\/li>\n<li>molino<\/li>\n<li>pelota<\/li>\n<\/ul>\n<p>____________________________________________________________________________________________________________<\/p>\n<p><b>T\u00e9rminos de uso:<\/b><\/p>\n<p>Todos los derechos reservados. Este material est\u00e1 protegido por derechos de autor. Esta compra da licencia para usarlo \u00fanicamente en su sal\u00f3n de clase o de uso familiar; compartirlo en otro sitio de internet o persona est\u00e1 prohibido. Gracias por respetar mi trabajo.<\/p>\n<p>\u27bc S\u00edguenos en\u00a0<a href=\"https:\/\/www.instagram.com\/sweethomelearning\/\">Instagram<\/a>.<\/p>","protected":false},"excerpt":{"rendered":"<p>Tarjetas con palabras enfocadas en la letra &#8220;L&#8221; medial en <em><strong>espa\u00f1ol<\/strong><\/em>. Material para reforzar la letra &#8220;L&#8221; medial o simplemente a\u00f1adir vocabulario. Inspirado en Montessori. Im\u00e1genes simples y claras.<\/p>","protected":false},"featured_media":559,"template":"","meta":[],"product_brand":[],"product_cat":[71,70],"product_tag":[],"class_list":{"0":"post-670","1":"product","2":"type-product","3":"status-publish","4":"has-post-thumbnail","6":"product_cat-flashcards","7":"product_cat-lenguaje","9":"first","10":"instock","11":"downloadable","12":"taxable","13":"shipping-taxable","14":"purchasable","15":"product-type-simple"},"_links":{"self":[{"href":"https:\/\/sweethomelearning.com\/es\/wp-json\/wp\/v2\/product\/670","targetHints":{"allow":["GET"]}}],"collection":[{"href":"https:\/\/sweethomelearning.com\/es\/wp-json\/wp\/v2\/product"}],"about":[{"href":"https:\/\/sweethomelearning.com\/es\/wp-json\/wp\/v2\/types\/product"}],"wp:featuredmedia":[{"embeddable":true,"href":"https:\/\/sweethomelearning.com\/es\/wp-json\/wp\/v2\/media\/559"}],"wp:attachment":[{"href":"https:\/\/sweethomelearning.com\/es\/wp-json\/wp\/v2\/media?parent=670"}],"wp:term":[{"taxonomy":"product_brand","embeddable":true,"href":"https:\/\/sweethomelearning.com\/es\/wp-json\/wp\/v2\/product_brand?post=670"},{"taxonomy":"product_cat","embeddable":true,"href":"https:\/\/sweethomelearning.com\/es\/wp-json\/wp\/v2\/product_cat?post=670"},{"taxonomy":"product_tag","embeddable":true,"href":"https:\/\/sweethomelearning.com\/es\/wp-json\/wp\/v2\/product_tag?post=670"}],"curies":[{"name":"wp","href":"https:\/\/api.w.org\/{rel}","templated":true}]}}