{"id":671,"date":"2022-02-25T16:21:17","date_gmt":"2022-02-25T22:21:17","guid":{"rendered":"http:\/\/sweethomelearning.com\/?post_type=product&#038;p=671"},"modified":"2023-08-24T10:41:17","modified_gmt":"2023-08-24T15:41:17","slug":"segmentacion-silabica-monosilabas-bisilabas-trisilabas-polisilabas","status":"publish","type":"product","link":"https:\/\/sweethomelearning.com\/es\/product\/segmentacion-silabica-monosilabas-bisilabas-trisilabas-polisilabas\/","title":{"rendered":"Segmentaci\u00f3n Sil\u00e1bica: Monos\u00edlabas | Bis\u00edlabas | Tris\u00edlabas | Polis\u00edlabas"},"content":{"rendered":"<p>Material ideal para estimular las condiciones cognitivas y ling\u00fc\u00edsticas b\u00e1sicas para aprender a leer y escribir. Con estas tarjetas de <strong>segmentaci\u00f3n sil\u00e1bica<\/strong> que contiene <strong><em>12 monos\u00edlabas, 40 bis\u00edlabas, 40 tris\u00edlabas y 24 polis\u00edlabas<\/em><\/strong> \u00e9l peque podr\u00e1 identificar y contar la cantidad de s\u00edlabas que forman una palabra. Tambi\u00e9n se puede utilizar para trabajar la adquisici\u00f3n de vocabulario, lectura y el deletreo.<\/p>\n<p><strong>Continene: <\/strong><\/p>\n<ul>\n<li><em>12 tarjetas monos\u00edlabas <\/em>(palabras de 1 s\u00edlaba) con imagen en &#8220;watercolor&#8221;.<\/li>\n<li><em>40 tarjetas bis\u00edlabas<\/em> (palabras de 2 s\u00edlabas) con imagen en &#8220;watercolor&#8221;.<\/li>\n<li><em>40 tarjetas tris\u00edlabas<\/em> (palabras de 3 s\u00edlabas) con imagen en &#8220;watercolor&#8221;.<\/li>\n<li><em>24 tarjetas polis\u00edlabas<\/em> (palabras de 4 s\u00edlabas o m\u00e1s) con imagen en &#8220;watercolor&#8221;.<\/li>\n<\/ul>\n<p>____________________________________________________________________________________________________________<\/p>\n<p><b>T\u00e9rminos de uso:<\/b><\/p>\n<p>Todos los derechos reservados. Este material est\u00e1 protegido por derechos de autor. Esta compra da licencia para usarlo \u00fanicamente en su sal\u00f3n de clase o de uso familiar; compartirlo en otro sitio de internet o persona est\u00e1 prohibido. Gracias por respetar mi trabajo.<\/p>\n<p>\u27bc S\u00edguenos en\u00a0<a href=\"https:\/\/www.instagram.com\/sweethomelearning\/\">Instagram<\/a>.<\/p>","protected":false},"excerpt":{"rendered":"<p>Material ideal para estimular las condiciones cognitivas y ling\u00fc\u00edsticas b\u00e1sicas para aprender a leer y escribir. Con estas tarjetas de <strong>segmentaci\u00f3n sil\u00e1bica<\/strong> que contiene <strong><em>12 monos\u00edlabas, 40 bis\u00edlabas, 40 tris\u00edlabas y 24 polis\u00edlabas<\/em><\/strong> \u00e9l peque podr\u00e1 identificar y contar la cantidad de s\u00edlabas que forman una palabra. Tambi\u00e9n se puede utilizar para trabajar la adquisici\u00f3n de vocabulario, lectura y el deletreo.<\/p>","protected":false},"featured_media":560,"template":"","meta":[],"product_brand":[],"product_cat":[71,70],"product_tag":[],"class_list":{"0":"post-671","1":"product","2":"type-product","3":"status-publish","4":"has-post-thumbnail","6":"product_cat-flashcards","7":"product_cat-lenguaje","9":"first","10":"instock","11":"downloadable","12":"taxable","13":"shipping-taxable","14":"purchasable","15":"product-type-simple"},"_links":{"self":[{"href":"https:\/\/sweethomelearning.com\/es\/wp-json\/wp\/v2\/product\/671","targetHints":{"allow":["GET"]}}],"collection":[{"href":"https:\/\/sweethomelearning.com\/es\/wp-json\/wp\/v2\/product"}],"about":[{"href":"https:\/\/sweethomelearning.com\/es\/wp-json\/wp\/v2\/types\/product"}],"wp:featuredmedia":[{"embeddable":true,"href":"https:\/\/sweethomelearning.com\/es\/wp-json\/wp\/v2\/media\/560"}],"wp:attachment":[{"href":"https:\/\/sweethomelearning.com\/es\/wp-json\/wp\/v2\/media?parent=671"}],"wp:term":[{"taxonomy":"product_brand","embeddable":true,"href":"https:\/\/sweethomelearning.com\/es\/wp-json\/wp\/v2\/product_brand?post=671"},{"taxonomy":"product_cat","embeddable":true,"href":"https:\/\/sweethomelearning.com\/es\/wp-json\/wp\/v2\/product_cat?post=671"},{"taxonomy":"product_tag","embeddable":true,"href":"https:\/\/sweethomelearning.com\/es\/wp-json\/wp\/v2\/product_tag?post=671"}],"curies":[{"name":"wp","href":"https:\/\/api.w.org\/{rel}","templated":true}]}}