{"id":672,"date":"2022-02-25T16:22:21","date_gmt":"2022-02-25T22:22:21","guid":{"rendered":"http:\/\/sweethomelearning.com\/?post_type=product&#038;p=672"},"modified":"2023-08-26T18:26:19","modified_gmt":"2023-08-26T23:26:19","slug":"tarjetas-para-contar-primavera-spring-count-and-clip-cards-montessori","status":"publish","type":"product","link":"https:\/\/sweethomelearning.com\/es\/product\/tarjetas-para-contar-primavera-spring-count-and-clip-cards-montessori\/","title":{"rendered":"Tarjetas para contar: Primavera | Spring count and clip cards Montessori"},"content":{"rendered":"<p>Una manera divertida de aprender a contar. Incluye <strong>12 tarjetas diferentes <\/strong>para <strong>contar<\/strong> del 1 a 12 inspiradas en la <strong>primavera<\/strong>. Todas las ilustraciones son en acuarela. Puedes utilizar pinzas de ropa, marcador entre otros materiales para marcar la respuesta correcta. Recuerda laminar para que dure mucho m\u00e1s.<\/p>\n<p>____________________________________________________________________________________________________________<\/p>\n<p><b>T\u00e9rminos de uso:<\/b><\/p>\n<p>Todos los derechos reservados. Este material est\u00e1 protegido por derechos de autor. Esta compra da licencia para usarlo \u00fanicamente en su sal\u00f3n de clase o de uso familiar; compartirlo en otro sitio de internet o persona est\u00e1 prohibido. Gracias por respetar mi trabajo.<\/p>\n<p>\u27bc S\u00edguenos en\u00a0<a href=\"https:\/\/www.instagram.com\/sweethomelearning\/\">Instagram<\/a>.<\/p>","protected":false},"excerpt":{"rendered":"<p>Una manera divertida de aprender a contar. Incluye <strong>12 tarjetas diferentes <\/strong>para <strong>contar<\/strong> del 1 a 12 inspiradas en la <strong>primavera<\/strong>. Todas las ilustraciones son en acuarela. Puedes utilizar pinzas de ropa, marcador entre otros materiales para marcar la respuesta correcta. Recuerda laminar para que dure mucho m\u00e1s.<\/p>","protected":false},"featured_media":561,"template":"","meta":[],"product_brand":[],"product_cat":[69,71,78],"product_tag":[],"class_list":{"0":"post-672","1":"product","2":"type-product","3":"status-publish","4":"has-post-thumbnail","6":"product_cat-ciencias","7":"product_cat-flashcards","8":"product_cat-numeros","10":"first","11":"instock","12":"downloadable","13":"taxable","14":"shipping-taxable","15":"purchasable","16":"product-type-simple"},"_links":{"self":[{"href":"https:\/\/sweethomelearning.com\/es\/wp-json\/wp\/v2\/product\/672","targetHints":{"allow":["GET"]}}],"collection":[{"href":"https:\/\/sweethomelearning.com\/es\/wp-json\/wp\/v2\/product"}],"about":[{"href":"https:\/\/sweethomelearning.com\/es\/wp-json\/wp\/v2\/types\/product"}],"wp:featuredmedia":[{"embeddable":true,"href":"https:\/\/sweethomelearning.com\/es\/wp-json\/wp\/v2\/media\/561"}],"wp:attachment":[{"href":"https:\/\/sweethomelearning.com\/es\/wp-json\/wp\/v2\/media?parent=672"}],"wp:term":[{"taxonomy":"product_brand","embeddable":true,"href":"https:\/\/sweethomelearning.com\/es\/wp-json\/wp\/v2\/product_brand?post=672"},{"taxonomy":"product_cat","embeddable":true,"href":"https:\/\/sweethomelearning.com\/es\/wp-json\/wp\/v2\/product_cat?post=672"},{"taxonomy":"product_tag","embeddable":true,"href":"https:\/\/sweethomelearning.com\/es\/wp-json\/wp\/v2\/product_tag?post=672"}],"curies":[{"name":"wp","href":"https:\/\/api.w.org\/{rel}","templated":true}]}}