{"id":673,"date":"2022-02-25T16:23:42","date_gmt":"2022-02-25T22:23:42","guid":{"rendered":"http:\/\/sweethomelearning.com\/?post_type=product&#038;p=673"},"modified":"2023-08-24T10:12:10","modified_gmt":"2023-08-24T15:12:10","slug":"frutas-mira-por-dentro-y-por-fuera-como-son","status":"publish","type":"product","link":"https:\/\/sweethomelearning.com\/es\/product\/frutas-mira-por-dentro-y-por-fuera-como-son\/","title":{"rendered":"Frutas: mira por dentro y por fuera como son"},"content":{"rendered":"<p>Material inspirado en Montessori. Esta es una actividad manipulativa donde el peque se divertir\u00e1 emparejando el exterior y el interior de cada fruta. Incluye 18 tarjetas y p\u00e1ginas de control.<\/p>\n<p>Los frutos incluidos en este paquete educativo incluyen:<\/p>\n<ul>\n<li>durazno<\/li>\n<li>guineo<\/li>\n<li>pitaya<\/li>\n<li>coco<\/li>\n<li>granada<\/li>\n<li>mangostino<\/li>\n<li>guayaba<\/li>\n<li>manzana roja<\/li>\n<li>aguacate<\/li>\n<li>papaya<\/li>\n<li>kiwi<\/li>\n<li>fresa<\/li>\n<li>fruta estrella (carambola)<\/li>\n<li>china<\/li>\n<li>higo<\/li>\n<li>mel\u00f3n<\/li>\n<li>pi\u00f1a<\/li>\n<li>pera<\/li>\n<\/ul>\n<p>____________________________________________________________________________________________________________<\/p>\n<p><b>T\u00e9rminos de uso:<\/b><\/p>\n<p>Todos los derechos reservados. Este material est\u00e1 protegido por derechos de autor. Esta compra da licencia para usarlo \u00fanicamente en su sal\u00f3n de clase o de uso familiar; compartirlo en otro sitio de internet o persona est\u00e1 prohibido. Gracias por respetar mi trabajo.<\/p>\n<p>\u27bc S\u00edguenos en\u00a0<a href=\"https:\/\/www.instagram.com\/sweethomelearning\/\">Instagram<\/a>.<\/p>","protected":false},"excerpt":{"rendered":"<p>Material inspirado en Montessori. Esta es una actividad manipulativa donde el peque se divertir\u00e1 emparejando el exterior y el interior de cada fruta. Incluye 18 tarjetas y p\u00e1ginas de control.<\/p>","protected":false},"featured_media":562,"template":"","meta":[],"product_brand":[],"product_cat":[69,71],"product_tag":[],"class_list":{"0":"post-673","1":"product","2":"type-product","3":"status-publish","4":"has-post-thumbnail","6":"product_cat-ciencias","7":"product_cat-flashcards","9":"first","10":"instock","11":"downloadable","12":"taxable","13":"shipping-taxable","14":"purchasable","15":"product-type-simple"},"_links":{"self":[{"href":"https:\/\/sweethomelearning.com\/es\/wp-json\/wp\/v2\/product\/673","targetHints":{"allow":["GET"]}}],"collection":[{"href":"https:\/\/sweethomelearning.com\/es\/wp-json\/wp\/v2\/product"}],"about":[{"href":"https:\/\/sweethomelearning.com\/es\/wp-json\/wp\/v2\/types\/product"}],"wp:featuredmedia":[{"embeddable":true,"href":"https:\/\/sweethomelearning.com\/es\/wp-json\/wp\/v2\/media\/562"}],"wp:attachment":[{"href":"https:\/\/sweethomelearning.com\/es\/wp-json\/wp\/v2\/media?parent=673"}],"wp:term":[{"taxonomy":"product_brand","embeddable":true,"href":"https:\/\/sweethomelearning.com\/es\/wp-json\/wp\/v2\/product_brand?post=673"},{"taxonomy":"product_cat","embeddable":true,"href":"https:\/\/sweethomelearning.com\/es\/wp-json\/wp\/v2\/product_cat?post=673"},{"taxonomy":"product_tag","embeddable":true,"href":"https:\/\/sweethomelearning.com\/es\/wp-json\/wp\/v2\/product_tag?post=673"}],"curies":[{"name":"wp","href":"https:\/\/api.w.org\/{rel}","templated":true}]}}