{"id":912,"date":"2022-11-16T21:05:46","date_gmt":"2022-11-17T03:05:46","guid":{"rendered":"http:\/\/sweethomelearning.com\/?post_type=product&#038;p=912"},"modified":"2023-08-29T18:33:12","modified_gmt":"2023-08-29T23:33:12","slug":"accion-de-gracias-thanksgiving","status":"publish","type":"product","link":"https:\/\/sweethomelearning.com\/es\/product\/accion-de-gracias-thanksgiving\/","title":{"rendered":"Acci\u00f3n de Gracias &#8211; Thanksgiving"},"content":{"rendered":"<p>Estas hojas de trabajo de Acci\u00f3n de Gracias est\u00e1n llenas de muchos imprimibles de matem\u00e1ticas y actividades de alfabetizaci\u00f3n. Son m\u00e1s de 40 p\u00e1ginas en este enorme paquete de hojas de trabajo de Acci\u00f3n de Gracias con lindas im\u00e1genes en acuarelas de calabazas, pavos, manzanas y mucho m\u00e1s!<\/p>\n<p>Las hojas contienen una gran variedad de materiales que te permitir\u00e1n mantener a los ni\u00f1os interesados en el material durante todo el d\u00eda.<\/p>\n<p>Incluye hojas para trabajar:<\/p>\n<ul>\n<li>Matem\u00e1ticas<\/li>\n<li>Abecedario<\/li>\n<li>Escritura<\/li>\n<li>Grafomotricidad<\/li>\n<li>Sonido Inicial<\/li>\n<li>Disfriminaci\u00f3n visual<\/li>\n<\/ul>\n<p><strong>La preparaci\u00f3n es r\u00e1pida y f\u00e1cil<\/strong>&#8230; \u00a1Simplemente imprima las p\u00e1ginas!<\/p>\n<p>____________________________________________________________________________________________________________<\/p>\n<p><b>T\u00e9rminos de uso:<\/b><\/p>\n<p>Todos los derechos reservados. Este material est\u00e1 protegido por derechos de autor. Esta compra da licencia para usarlo \u00fanicamente en su sal\u00f3n de clase o de uso familiar; compartirlo en otro sitio de internet o persona est\u00e1 prohibido. Gracias por respetar mi trabajo.<\/p>\n<p>\u27bc S\u00edguenos en\u00a0<a href=\"https:\/\/www.instagram.com\/sweethomelearning\/\">Instagram<\/a>.<\/p>","protected":false},"excerpt":{"rendered":"<p>Estas hojas de trabajo de Acci\u00f3n de Gracias est\u00e1n llenas de muchos imprimibles de matem\u00e1ticas y actividades de alfabetizaci\u00f3n. Son m\u00e1s de 40 p\u00e1ginas en este enorme paquete de hojas de trabajo de Acci\u00f3n de Gracias con lindas im\u00e1genes en acuarelas de calabazas, pavos, manzanas y mucho m\u00e1s!<\/p>","protected":false},"featured_media":915,"template":"","meta":[],"product_brand":[],"product_cat":[70,81],"product_tag":[],"class_list":{"0":"post-912","1":"product","2":"type-product","3":"status-publish","4":"has-post-thumbnail","6":"product_cat-lenguaje","7":"product_cat-temporada","9":"first","10":"instock","11":"downloadable","12":"taxable","13":"shipping-taxable","14":"purchasable","15":"product-type-simple"},"_links":{"self":[{"href":"https:\/\/sweethomelearning.com\/es\/wp-json\/wp\/v2\/product\/912","targetHints":{"allow":["GET"]}}],"collection":[{"href":"https:\/\/sweethomelearning.com\/es\/wp-json\/wp\/v2\/product"}],"about":[{"href":"https:\/\/sweethomelearning.com\/es\/wp-json\/wp\/v2\/types\/product"}],"wp:featuredmedia":[{"embeddable":true,"href":"https:\/\/sweethomelearning.com\/es\/wp-json\/wp\/v2\/media\/915"}],"wp:attachment":[{"href":"https:\/\/sweethomelearning.com\/es\/wp-json\/wp\/v2\/media?parent=912"}],"wp:term":[{"taxonomy":"product_brand","embeddable":true,"href":"https:\/\/sweethomelearning.com\/es\/wp-json\/wp\/v2\/product_brand?post=912"},{"taxonomy":"product_cat","embeddable":true,"href":"https:\/\/sweethomelearning.com\/es\/wp-json\/wp\/v2\/product_cat?post=912"},{"taxonomy":"product_tag","embeddable":true,"href":"https:\/\/sweethomelearning.com\/es\/wp-json\/wp\/v2\/product_tag?post=912"}],"curies":[{"name":"wp","href":"https:\/\/api.w.org\/{rel}","templated":true}]}}