{"id":926,"date":"2023-02-26T15:23:56","date_gmt":"2023-02-26T21:23:56","guid":{"rendered":"http:\/\/sweethomelearning.com\/?post_type=product&#038;p=926"},"modified":"2023-08-28T11:53:51","modified_gmt":"2023-08-28T16:53:51","slug":"silabarioilustrado","status":"publish","type":"product","link":"https:\/\/sweethomelearning.com\/es\/product\/silabarioilustrado\/","title":{"rendered":"Silabario Ilustrado"},"content":{"rendered":"<p><strong>\u00bfBuscando tarjetas para ense\u00f1ar a\u00a0leer?<\/strong><\/p>\n<p>Este <strong>silabario con im\u00e1genes<\/strong>\u00a0incluye todos los\u00a0<strong>sonidos<\/strong>. Estas <strong>tarjetas<\/strong> son perfectas para ayudar a los ni\u00f1os a mejorar su pronunciaci\u00f3n e identificar palabras de una forma divertida y emocionante.<\/p>\n<p><strong>Incluye:\u00a0<\/strong><\/p>\n<ul>\n<li><strong>25<\/strong> <strong>tarjetas<\/strong> con im\u00e1genes y sin im\u00e1genes<\/li>\n<li>2 tarjetas por p\u00e1gina<\/li>\n<li>vocales<\/li>\n<li><strong>d\u00edgrafos ch, ll y rr<\/strong><\/li>\n<li>letra<strong> \u00f1<\/strong><\/li>\n<\/ul>\n<p><strong>Nota:<\/strong><\/p>\n<p>Letra w solo incluye tarjeta sin im\u00e1genes.<\/p>\n<p><strong>Ideas:<\/strong><\/p>\n<ul>\n<li>Puedes laminar para mayor durabilidad.<\/li>\n<li>Crear un llavero con simplemente colocar una argolla.<\/li>\n<\/ul>\n<p>Perfectas para practicar todos los d\u00edas.<\/p>\n<p><strong>La preparaci\u00f3n es r\u00e1pida y f\u00e1cil<\/strong>&#8230; \u00a1Simplemente imprima las p\u00e1ginas!<\/p>\n<p>____________________________________________________________________________________________________________<\/p>\n<p><b>T\u00e9rminos de uso:<\/b><\/p>\n<p>Todos los derechos reservados. Este material est\u00e1 protegido por derechos de autor. Esta compra da licencia para usarlo \u00fanicamente en su sal\u00f3n de clase o de uso familiar; compartirlo en otro sitio de internet o persona est\u00e1 prohibido. Gracias por respetar mi trabajo.<\/p>\n<p>\u27bc S\u00edguenos en\u00a0<a href=\"https:\/\/www.instagram.com\/sweethomelearning\/\">Instagram<\/a>.<\/p>","protected":false},"excerpt":{"rendered":"<p>Este <strong>silabario con im\u00e1genes<\/strong>\u00a0incluye todos los\u00a0<strong>sonidos<\/strong>. Estas <strong>tarjetas<\/strong> son perfectas para ayudar a los ni\u00f1os a mejorar su pronunciaci\u00f3n e identificar palabras de una forma divertida y emocionante.<\/p>","protected":false},"featured_media":928,"template":"","meta":[],"product_brand":[],"product_cat":[77,71,70],"product_tag":[],"class_list":{"0":"post-926","1":"product","2":"type-product","3":"status-publish","4":"has-post-thumbnail","6":"product_cat-abecedario","7":"product_cat-flashcards","8":"product_cat-lenguaje","10":"first","11":"instock","12":"downloadable","13":"taxable","14":"shipping-taxable","15":"purchasable","16":"product-type-simple"},"_links":{"self":[{"href":"https:\/\/sweethomelearning.com\/es\/wp-json\/wp\/v2\/product\/926","targetHints":{"allow":["GET"]}}],"collection":[{"href":"https:\/\/sweethomelearning.com\/es\/wp-json\/wp\/v2\/product"}],"about":[{"href":"https:\/\/sweethomelearning.com\/es\/wp-json\/wp\/v2\/types\/product"}],"wp:featuredmedia":[{"embeddable":true,"href":"https:\/\/sweethomelearning.com\/es\/wp-json\/wp\/v2\/media\/928"}],"wp:attachment":[{"href":"https:\/\/sweethomelearning.com\/es\/wp-json\/wp\/v2\/media?parent=926"}],"wp:term":[{"taxonomy":"product_brand","embeddable":true,"href":"https:\/\/sweethomelearning.com\/es\/wp-json\/wp\/v2\/product_brand?post=926"},{"taxonomy":"product_cat","embeddable":true,"href":"https:\/\/sweethomelearning.com\/es\/wp-json\/wp\/v2\/product_cat?post=926"},{"taxonomy":"product_tag","embeddable":true,"href":"https:\/\/sweethomelearning.com\/es\/wp-json\/wp\/v2\/product_tag?post=926"}],"curies":[{"name":"wp","href":"https:\/\/api.w.org\/{rel}","templated":true}]}}