{"id":936,"date":"2023-04-23T15:26:13","date_gmt":"2023-04-23T20:26:13","guid":{"rendered":"http:\/\/sweethomelearning.com\/?post_type=product&#038;p=936"},"modified":"2023-08-28T12:52:08","modified_gmt":"2023-08-28T17:52:08","slug":"zoologico-busqueda-de-animales","status":"publish","type":"product","link":"https:\/\/sweethomelearning.com\/es\/product\/zoologico-busqueda-de-animales\/","title":{"rendered":"Zool\u00f3gico B\u00fasqueda de Animales | Zoo Scavenger Hunt Spanish"},"content":{"rendered":"<p>Este recurso te ayudar a tener una experiencia <strong>educativa, divertida y beneficiosa<\/strong> que les permitir\u00e1 a los ni\u00f1os a desarrollar una comprensi\u00f3n m\u00e1s profunda de la vida silvestre y fomentar el respeto hacia los animales.<\/p>\n<p><strong>Obtendr\u00e1s:<\/strong><br \/>\n<strong>\u25cf <\/strong>3 hojas de b\u00fasqueda de animales<br \/>\n\u25cf\u00a0Clasificar (omn\u00edvoro, herbivoro o carnivoro)<br \/>\n\u25cf\u00a0Comparando animales<br \/>\n\u25cf\u00a0Hoja para dibujar<br \/>\n\u25cf\u00a0Hoja de control<\/p>\n<p><strong>No necesita preparaci\u00f3n. \u00a1Imprime y listo!<\/strong><\/p>\n<p>&nbsp;<\/p>\n<p>\u00a1Diversi\u00f3n mientras exploran el zool\u00f3gico!<\/p>\n<p>____________________________________________________________________________________________________________<\/p>\n<p><b>T\u00e9rminos de uso:<\/b><\/p>\n<p>Todos los derechos reservados. Este material est\u00e1 protegido por derechos de autor. Esta compra da licencia para usarlo \u00fanicamente en su sal\u00f3n de clase o de uso familiar; compartirlo en otro sitio de internet o persona est\u00e1 prohibido. Gracias por respetar mi trabajo.<\/p>\n<p>\u27bc S\u00edguenos en\u00a0<a href=\"https:\/\/www.instagram.com\/sweethomelearning\/\">Instagram<\/a>.<\/p>","protected":false},"excerpt":{"rendered":"<p><strong>\u00bfBuscando un recurso para divertir a los ni\u00f1os en su visita al zool\u00f3gico? <\/strong>Entonces te encantar\u00e1n est\u00e1s <strong>4 actividades<\/strong> que har\u00e1n que los ni\u00f1os exploren y aprendan mientras se divierten. Perfectas para ni\u00f1os de 3 a 6 a\u00f1os.<\/p>","protected":false},"featured_media":937,"template":"","meta":[],"product_brand":[],"product_cat":[69],"product_tag":[],"class_list":{"0":"post-936","1":"product","2":"type-product","3":"status-publish","4":"has-post-thumbnail","6":"product_cat-ciencias","8":"first","9":"instock","10":"downloadable","11":"taxable","12":"shipping-taxable","13":"purchasable","14":"product-type-simple"},"_links":{"self":[{"href":"https:\/\/sweethomelearning.com\/es\/wp-json\/wp\/v2\/product\/936","targetHints":{"allow":["GET"]}}],"collection":[{"href":"https:\/\/sweethomelearning.com\/es\/wp-json\/wp\/v2\/product"}],"about":[{"href":"https:\/\/sweethomelearning.com\/es\/wp-json\/wp\/v2\/types\/product"}],"wp:featuredmedia":[{"embeddable":true,"href":"https:\/\/sweethomelearning.com\/es\/wp-json\/wp\/v2\/media\/937"}],"wp:attachment":[{"href":"https:\/\/sweethomelearning.com\/es\/wp-json\/wp\/v2\/media?parent=936"}],"wp:term":[{"taxonomy":"product_brand","embeddable":true,"href":"https:\/\/sweethomelearning.com\/es\/wp-json\/wp\/v2\/product_brand?post=936"},{"taxonomy":"product_cat","embeddable":true,"href":"https:\/\/sweethomelearning.com\/es\/wp-json\/wp\/v2\/product_cat?post=936"},{"taxonomy":"product_tag","embeddable":true,"href":"https:\/\/sweethomelearning.com\/es\/wp-json\/wp\/v2\/product_tag?post=936"}],"curies":[{"name":"wp","href":"https:\/\/api.w.org\/{rel}","templated":true}]}}