{"id":964,"date":"2023-08-26T11:50:07","date_gmt":"2023-08-26T16:50:07","guid":{"rendered":"http:\/\/sweethomelearning.com\/?post_type=product&#038;p=964"},"modified":"2023-09-05T12:40:42","modified_gmt":"2023-09-05T17:40:42","slug":"abecedario-con-imagenes-spanish-alphabet","status":"publish","type":"product","link":"https:\/\/sweethomelearning.com\/es\/product\/abecedario-con-imagenes-spanish-alphabet\/","title":{"rendered":"Abecedario con Imagenes &#8211; Spanish Alphabet"},"content":{"rendered":"<p>Vamos a trabajar la <strong>conciencia fonol\u00f3gica<\/strong> con est\u00e1s tarjetas del abecedario y sus im\u00e1genes. El peque podr\u00e1 clasificar las im\u00e1genes seg\u00fan su sonido inicial y ubicarla en la tarjeta que le corresponda.<\/p>\n<p><strong>Incluye:<\/strong><\/p>\n<ul>\n<li>Cada letra del abecedario con 6 im\u00e1genes que corresponden al <strong>sonido inicial <\/strong>de cada una de las letras.<\/li>\n<li>Las letras Kk, Qq, Zz que incluye 4 im\u00e1genes.<\/li>\n<li>La letra Yy incluye 3 im\u00e1gene.<\/li>\n<li>Las letras Ww y Xx incluyen 1 imagen.<\/li>\n<li><strong>No<\/strong> incluye la letra <strong>\u00f1<\/strong>.<\/li>\n<\/ul>\n<p><strong>\u00a1Bono!, incluye letras ch y ll (cada una con 3 im\u00e1genes).<\/strong><\/p>\n<p>____________________________________________________________________________________________________________<\/p>\n<p><b>T\u00e9rminos de uso:<\/b><\/p>\n<p>Todos los derechos reservados. Este material est\u00e1 protegido por derechos de autor. Esta compra da licencia para usarlo \u00fanicamente en su sal\u00f3n de clase o de uso familiar; compartirlo en otro sitio de internet o persona est\u00e1 prohibido. Gracias por respetar mi trabajo.<\/p>\n<p>\u27bc S\u00edguenos en\u00a0<a href=\"https:\/\/www.instagram.com\/sweethomelearning\/\">Instagram<\/a>.<\/p>","protected":false},"excerpt":{"rendered":"<p>Vamos a trabajar la <strong>conciencia fonol\u00f3gica<\/strong> con est\u00e1s tarjetas del abecedario y sus im\u00e1genes. El peque podr\u00e1 clasificar las im\u00e1genes seg\u00fan su sonido inicial y ubicarla en la tarjeta que le corresponda.<\/p>","protected":false},"featured_media":965,"template":"","meta":[],"product_brand":[],"product_cat":[77,71,70],"product_tag":[],"class_list":{"0":"post-964","1":"product","2":"type-product","3":"status-publish","4":"has-post-thumbnail","6":"product_cat-abecedario","7":"product_cat-flashcards","8":"product_cat-lenguaje","10":"first","11":"instock","12":"downloadable","13":"taxable","14":"shipping-taxable","15":"purchasable","16":"product-type-simple"},"_links":{"self":[{"href":"https:\/\/sweethomelearning.com\/es\/wp-json\/wp\/v2\/product\/964","targetHints":{"allow":["GET"]}}],"collection":[{"href":"https:\/\/sweethomelearning.com\/es\/wp-json\/wp\/v2\/product"}],"about":[{"href":"https:\/\/sweethomelearning.com\/es\/wp-json\/wp\/v2\/types\/product"}],"wp:featuredmedia":[{"embeddable":true,"href":"https:\/\/sweethomelearning.com\/es\/wp-json\/wp\/v2\/media\/965"}],"wp:attachment":[{"href":"https:\/\/sweethomelearning.com\/es\/wp-json\/wp\/v2\/media?parent=964"}],"wp:term":[{"taxonomy":"product_brand","embeddable":true,"href":"https:\/\/sweethomelearning.com\/es\/wp-json\/wp\/v2\/product_brand?post=964"},{"taxonomy":"product_cat","embeddable":true,"href":"https:\/\/sweethomelearning.com\/es\/wp-json\/wp\/v2\/product_cat?post=964"},{"taxonomy":"product_tag","embeddable":true,"href":"https:\/\/sweethomelearning.com\/es\/wp-json\/wp\/v2\/product_tag?post=964"}],"curies":[{"name":"wp","href":"https:\/\/api.w.org\/{rel}","templated":true}]}}