{"id":966,"date":"2023-08-26T12:00:39","date_gmt":"2023-08-26T17:00:39","guid":{"rendered":"http:\/\/sweethomelearning.com\/?post_type=product&#038;p=966"},"modified":"2023-08-26T17:49:24","modified_gmt":"2023-08-26T22:49:24","slug":"abecedario-encuentra-la-letra-dab-the-letter-spanish-alphabet","status":"publish","type":"product","link":"https:\/\/sweethomelearning.com\/es\/product\/abecedario-encuentra-la-letra-dab-the-letter-spanish-alphabet\/","title":{"rendered":"Abecedario Encuentra la Letra &#8211; Dab the letter Spanish Alphabet"},"content":{"rendered":"<p><strong>Divertida actividad centrada en la identificaci\u00f3n de letras may\u00fasculas y min\u00fasculas. <\/strong>Cada letra contiene una <strong>imagen<\/strong> de un <strong>animal asociada<\/strong>. Son 27 hojas de pr\u00e1ctica de \u00a1f\u00e1cil preparaci\u00f3n!.<\/p>\n<p>Simplemente imprima esta actividad, tome unos crayones o marcadores y \u00a1listo!.<\/p>\n<p><strong>INCLUYE:<\/strong><\/p>\n<ul>\n<li>27 p\u00e1ginas de pr\u00e1ctica<\/li>\n<li>Letra \u00d1\u00f1 est\u00e1 incluida<\/li>\n<li>1 imagen de un animal asociada por letra<\/li>\n<li>Cada letra en p\u00e1gina 8.5&#8243; x 11&#8243;<\/li>\n<\/ul>\n<p>NOTA: No incluye los d\u00edgrafos ch y ll.<\/p>\n<p><strong>\u00a1Multiples maneras de usar!<\/strong><\/p>\n<p>____________________________________________________________________________________________________________<\/p>\n<p><b>T\u00e9rminos de uso:<\/b><\/p>\n<p>Todos los derechos reservados. Este material est\u00e1 protegido por derechos de autor. Esta compra da licencia para usarlo \u00fanicamente en su sal\u00f3n de clase o de uso familiar; compartirlo en otro sitio de internet o persona est\u00e1 prohibido. Gracias por respetar mi trabajo.<\/p>\n<p>\u27bc S\u00edguenos en\u00a0<a href=\"https:\/\/www.instagram.com\/sweethomelearning\/\">Instagram<\/a>.<\/p>","protected":false},"excerpt":{"rendered":"<p><strong>Divertida actividad centrada en la identificaci\u00f3n de letras may\u00fasculas y min\u00fasculas. <\/strong>Cada letra contiene una <strong>imagen<\/strong> de un <strong>animal asociada<\/strong>. Son 27 hojas de pr\u00e1ctica de \u00a1f\u00e1cil preparaci\u00f3n!.<\/p>","protected":false},"featured_media":967,"template":"","meta":[],"product_brand":[],"product_cat":[77,69,70],"product_tag":[],"class_list":{"0":"post-966","1":"product","2":"type-product","3":"status-publish","4":"has-post-thumbnail","6":"product_cat-abecedario","7":"product_cat-ciencias","8":"product_cat-lenguaje","10":"first","11":"instock","12":"downloadable","13":"taxable","14":"shipping-taxable","15":"purchasable","16":"product-type-simple"},"_links":{"self":[{"href":"https:\/\/sweethomelearning.com\/es\/wp-json\/wp\/v2\/product\/966","targetHints":{"allow":["GET"]}}],"collection":[{"href":"https:\/\/sweethomelearning.com\/es\/wp-json\/wp\/v2\/product"}],"about":[{"href":"https:\/\/sweethomelearning.com\/es\/wp-json\/wp\/v2\/types\/product"}],"wp:featuredmedia":[{"embeddable":true,"href":"https:\/\/sweethomelearning.com\/es\/wp-json\/wp\/v2\/media\/967"}],"wp:attachment":[{"href":"https:\/\/sweethomelearning.com\/es\/wp-json\/wp\/v2\/media?parent=966"}],"wp:term":[{"taxonomy":"product_brand","embeddable":true,"href":"https:\/\/sweethomelearning.com\/es\/wp-json\/wp\/v2\/product_brand?post=966"},{"taxonomy":"product_cat","embeddable":true,"href":"https:\/\/sweethomelearning.com\/es\/wp-json\/wp\/v2\/product_cat?post=966"},{"taxonomy":"product_tag","embeddable":true,"href":"https:\/\/sweethomelearning.com\/es\/wp-json\/wp\/v2\/product_tag?post=966"}],"curies":[{"name":"wp","href":"https:\/\/api.w.org\/{rel}","templated":true}]}}