{"id":969,"date":"2023-08-26T12:07:52","date_gmt":"2023-08-26T17:07:52","guid":{"rendered":"http:\/\/sweethomelearning.com\/?post_type=product&#038;p=969"},"modified":"2023-08-28T11:52:40","modified_gmt":"2023-08-28T16:52:40","slug":"fall-bingo-spanish-bingo-otono","status":"publish","type":"product","link":"https:\/\/sweethomelearning.com\/es\/product\/fall-bingo-spanish-bingo-otono\/","title":{"rendered":"Fall Bingo Spanish &#8211; Bingo Oto\u00f1o"},"content":{"rendered":"<p><strong>\u00a1Haga que la ense\u00f1anza sea divertida con este juego de bingo oto\u00f1al!<\/strong> Este recurso incluye 8 tableros de bingo que <strong>no necesitan preparaci\u00f3n<\/strong> perfectos para capturar la atenci\u00f3n del ni\u00f1o. \u00a1La preparaci\u00f3n es r\u00e1pida y f\u00e1cil, adem\u00e1s de instrucciones claras, hacen que esta actividad sea perfecta para centros o grupos peque\u00f1os!<\/p>\n<p>Ense\u00f1e a sus alumnos a descubrir vocabulario mientras trabaja el campo sem\u00e1ntico. A los estudiantes les encantar\u00e1 explorar conceptos de oto\u00f1o a trav\u00e9s de esta divertida actividad, \u00a1y ni siquiera se dar\u00e1n cuenta de cu\u00e1nto est\u00e1n aprendiendo!<\/p>\n<p><strong>Qu\u00e9 est\u00e1 incluido:<\/strong><\/p>\n<ul>\n<li>8 tableros de bingo<\/li>\n<li>21 tarjetas de pistas<\/li>\n<\/ul>\n<p>A sus estudiantes les encantar\u00e1 practicar conceptos de oto\u00f1o con una variedad de materiales comunes para el sal\u00f3n de clases. Estar\u00e1n atentos a escuchar las pistas y de manera divertida estar\u00e1n reforzando la <strong>inferencia<\/strong>, el <strong>pensamiento cr\u00edtico <\/strong>y el <strong>vocabulario.<\/strong><\/p>\n<p><strong>C\u00f3mo usar juego de bingo oto\u00f1al:<\/strong><\/p>\n<p>Lee en voz alta las pistas. Los estudiantes deben decir qu\u00e9 animal, objeto, ropa o comida se relaciona a la pista y encontrar la imagen relacionada. Luego utilizan un marcador de puntos o una ficha de bingo para marcar cada imagen. El primer jugador en cubrir todas las ima\u0301genes grita \u00a1BINGO! y gana.<\/p>\n<p>Esta actividad usa manipulativos y <strong>materiales<\/strong> <strong>f\u00e1cilmente<\/strong> <strong>disponibles<\/strong> en la mayor\u00eda de los <strong>salones<\/strong> de <strong>clase<\/strong>.<\/p>\n<p><strong>Materiales:<\/strong><\/p>\n<ol>\n<li>Marcadores de puntos.<\/li>\n<li>Fichas de bingo.<\/li>\n<li>Gomas de borrar miniaturas.<\/li>\n<\/ol>\n<p><strong>La preparaci\u00f3n es r\u00e1pida y f\u00e1cil<\/strong>&#8230; \u00a1Simplemente imprima las p\u00e1ginas, re\u00fana los materiales enumerados y estar\u00e1 listo para una clase divertida e interesante!<\/p>","protected":false},"excerpt":{"rendered":"<p><strong>\u00a1Haga que la ense\u00f1anza sea divertida con este juego de bingo oto\u00f1al!<\/strong> Este recurso incluye 8 tableros de bingo que <strong>no necesitan preparaci\u00f3n<\/strong> perfectos para capturar la atenci\u00f3n del ni\u00f1o. \u00a1La preparaci\u00f3n es r\u00e1pida y f\u00e1cil, adem\u00e1s de instrucciones claras, hacen que esta actividad sea perfecta para centros o grupos peque\u00f1os!<\/p>","protected":false},"featured_media":970,"template":"","meta":[],"product_brand":[],"product_cat":[69,71,70,81],"product_tag":[],"class_list":{"0":"post-969","1":"product","2":"type-product","3":"status-publish","4":"has-post-thumbnail","6":"product_cat-ciencias","7":"product_cat-flashcards","8":"product_cat-lenguaje","9":"product_cat-temporada","11":"first","12":"instock","13":"downloadable","14":"taxable","15":"shipping-taxable","16":"purchasable","17":"product-type-simple"},"_links":{"self":[{"href":"https:\/\/sweethomelearning.com\/es\/wp-json\/wp\/v2\/product\/969","targetHints":{"allow":["GET"]}}],"collection":[{"href":"https:\/\/sweethomelearning.com\/es\/wp-json\/wp\/v2\/product"}],"about":[{"href":"https:\/\/sweethomelearning.com\/es\/wp-json\/wp\/v2\/types\/product"}],"wp:featuredmedia":[{"embeddable":true,"href":"https:\/\/sweethomelearning.com\/es\/wp-json\/wp\/v2\/media\/970"}],"wp:attachment":[{"href":"https:\/\/sweethomelearning.com\/es\/wp-json\/wp\/v2\/media?parent=969"}],"wp:term":[{"taxonomy":"product_brand","embeddable":true,"href":"https:\/\/sweethomelearning.com\/es\/wp-json\/wp\/v2\/product_brand?post=969"},{"taxonomy":"product_cat","embeddable":true,"href":"https:\/\/sweethomelearning.com\/es\/wp-json\/wp\/v2\/product_cat?post=969"},{"taxonomy":"product_tag","embeddable":true,"href":"https:\/\/sweethomelearning.com\/es\/wp-json\/wp\/v2\/product_tag?post=969"}],"curies":[{"name":"wp","href":"https:\/\/api.w.org\/{rel}","templated":true}]}}