{"id":971,"date":"2023-08-26T12:16:17","date_gmt":"2023-08-26T17:16:17","guid":{"rendered":"http:\/\/sweethomelearning.com\/?post_type=product&#038;p=971"},"modified":"2023-08-26T19:30:08","modified_gmt":"2023-08-27T00:30:08","slug":"montessori-visual-discrimination-activity-animals-matching-montessori-cards","status":"publish","type":"product","link":"https:\/\/sweethomelearning.com\/es\/product\/montessori-visual-discrimination-activity-animals-matching-montessori-cards\/","title":{"rendered":"Montessori Visual Discrimination Activity &#8211; Animals Matching Montessori Cards"},"content":{"rendered":"<p><strong>Desarrolla habilidades observaci\u00f3n, memoria y concentraci\u00f3n.<\/strong> Con est\u00e1s tarjetas para emparejar la piel con el animal que corresponde los ni\u00f1os se divertir\u00e1n mientras se aprende.<\/p>\n<p>Im\u00e1genes reales, clara y animales en su h\u00e1bitat. Inspiradas en Montessori.<\/p>\n<p><strong>Incluye:<\/strong><\/p>\n<ul>\n<li>20 tarjetas (10 tarjetas de pieles y 10 tarjetas de animales)<\/li>\n<li>4 tarjetas por p\u00e1gina tama\u00f1o carta de 8.5&#8243; x 11&#8243;<\/li>\n<li>Los animales que incluye son: Tigre, Elefante, Guepardo, Jirafa, Zebra, Cotorra, Iguana, Tortuga, Pavo real, Serpiente<\/li>\n<\/ul>\n<p>____________________________________________________________________________________________________________<\/p>\n<p><b>T\u00e9rminos de uso:<\/b><\/p>\n<p>Todos los derechos reservados. Este material est\u00e1 protegido por derechos de autor. Esta compra da licencia para usarlo \u00fanicamente en su sal\u00f3n de clase o de uso familiar; compartirlo en otro sitio de internet o persona est\u00e1 prohibido. Gracias por respetar mi trabajo.<\/p>\n<p>\u27bc S\u00edguenos en\u00a0<a href=\"https:\/\/www.instagram.com\/sweethomelearning\/\">Instagram<\/a>.<\/p>","protected":false},"excerpt":{"rendered":"<p><strong>Desarrolla habilidades observaci\u00f3n, memoria y concentraci\u00f3n.<\/strong> Con est\u00e1s tarjetas para emparejar la piel con el animal que corresponde los ni\u00f1os se divertir\u00e1n mientras se aprende.<\/p>","protected":false},"featured_media":972,"template":"","meta":[],"product_brand":[],"product_cat":[69,71],"product_tag":[],"class_list":{"0":"post-971","1":"product","2":"type-product","3":"status-publish","4":"has-post-thumbnail","6":"product_cat-ciencias","7":"product_cat-flashcards","9":"first","10":"instock","11":"downloadable","12":"taxable","13":"shipping-taxable","14":"purchasable","15":"product-type-simple"},"_links":{"self":[{"href":"https:\/\/sweethomelearning.com\/es\/wp-json\/wp\/v2\/product\/971","targetHints":{"allow":["GET"]}}],"collection":[{"href":"https:\/\/sweethomelearning.com\/es\/wp-json\/wp\/v2\/product"}],"about":[{"href":"https:\/\/sweethomelearning.com\/es\/wp-json\/wp\/v2\/types\/product"}],"wp:featuredmedia":[{"embeddable":true,"href":"https:\/\/sweethomelearning.com\/es\/wp-json\/wp\/v2\/media\/972"}],"wp:attachment":[{"href":"https:\/\/sweethomelearning.com\/es\/wp-json\/wp\/v2\/media?parent=971"}],"wp:term":[{"taxonomy":"product_brand","embeddable":true,"href":"https:\/\/sweethomelearning.com\/es\/wp-json\/wp\/v2\/product_brand?post=971"},{"taxonomy":"product_cat","embeddable":true,"href":"https:\/\/sweethomelearning.com\/es\/wp-json\/wp\/v2\/product_cat?post=971"},{"taxonomy":"product_tag","embeddable":true,"href":"https:\/\/sweethomelearning.com\/es\/wp-json\/wp\/v2\/product_tag?post=971"}],"curies":[{"name":"wp","href":"https:\/\/api.w.org\/{rel}","templated":true}]}}