{"id":973,"date":"2023-08-26T12:24:04","date_gmt":"2023-08-26T17:24:04","guid":{"rendered":"http:\/\/sweethomelearning.com\/?post_type=product&#038;p=973"},"modified":"2023-09-05T12:42:45","modified_gmt":"2023-09-05T17:42:45","slug":"playdough-mats-emotion-spanish","status":"publish","type":"product","link":"https:\/\/sweethomelearning.com\/es\/product\/playdough-mats-emotion-spanish\/","title":{"rendered":"Playdough Mats Emotion Spanish"},"content":{"rendered":"<p>Una actividad divertida que ayudar\u00e1 a los ni\u00f1os a trabajar sus habilidades sociales y emocionales, su creatividad y su motricidad fina. Estas hojas de cara donde el ni\u00f1o crear\u00e1 las emociones con plasticina o marcador en seco son una gran herramienta pr\u00e1ctica para identificar y reconocer emociones. Tambi\u00e9n son una forma divertida de iniciar conversaciones sobre sentimientos con ni\u00f1os m\u00e1s peque\u00f1os.<\/p>\n<p><strong>Incluye:<\/strong><\/p>\n<ul>\n<li><strong>12 hojas de caras para trabajar las emociones <\/strong>(6 caras de ni\u00f1os y 6 caras de ni\u00f1as).<\/li>\n<li>Cada hoja trabaja una emoci\u00f3n.<\/li>\n<li>Las emociones que se trabajan con 6:<strong><em> triste, feliz, cansado, sorprendido, asustado, enojado.<\/em><\/strong><\/li>\n<li>Cada hoja tama\u00f1o carta de <strong>8.5&#8243; x 11<\/strong>&#8220;.<\/li>\n<li>Im\u00e1genes simples y claras en acuarela.<\/li>\n<\/ul>\n<p><strong><em>\u00a1F\u00e1cil preparaci\u00f3n!, <\/em><\/strong>laminar para mayor durabilidad y <strong><em>\u00a1Empieza a jugar!<\/em><\/strong><\/p>\n<p><strong>Ideas de uso:<\/strong><\/p>\n<ul>\n<li>Se puede utilizar plasticina o marcadores en seco para crear las expresiones faciales.<\/li>\n<li>Ideales para trabajar en grupos peque\u00f1os o individualmente.<\/li>\n<\/ul>","protected":false},"excerpt":{"rendered":"<p>Una actividad divertida que ayudar\u00e1 a los ni\u00f1os a trabajar sus habilidades sociales y emocionales, su creatividad y su motricidad fina. Estas hojas de cara donde el ni\u00f1o crear\u00e1 las emociones con plasticina o marcador en seco son una gran herramienta pr\u00e1ctica para identificar y reconocer emociones.<\/p>","protected":false},"featured_media":974,"template":"","meta":[],"product_brand":[],"product_cat":[70],"product_tag":[],"class_list":{"0":"post-973","1":"product","2":"type-product","3":"status-publish","4":"has-post-thumbnail","6":"product_cat-lenguaje","8":"first","9":"instock","10":"downloadable","11":"taxable","12":"shipping-taxable","13":"purchasable","14":"product-type-simple"},"_links":{"self":[{"href":"https:\/\/sweethomelearning.com\/es\/wp-json\/wp\/v2\/product\/973","targetHints":{"allow":["GET"]}}],"collection":[{"href":"https:\/\/sweethomelearning.com\/es\/wp-json\/wp\/v2\/product"}],"about":[{"href":"https:\/\/sweethomelearning.com\/es\/wp-json\/wp\/v2\/types\/product"}],"wp:featuredmedia":[{"embeddable":true,"href":"https:\/\/sweethomelearning.com\/es\/wp-json\/wp\/v2\/media\/974"}],"wp:attachment":[{"href":"https:\/\/sweethomelearning.com\/es\/wp-json\/wp\/v2\/media?parent=973"}],"wp:term":[{"taxonomy":"product_brand","embeddable":true,"href":"https:\/\/sweethomelearning.com\/es\/wp-json\/wp\/v2\/product_brand?post=973"},{"taxonomy":"product_cat","embeddable":true,"href":"https:\/\/sweethomelearning.com\/es\/wp-json\/wp\/v2\/product_cat?post=973"},{"taxonomy":"product_tag","embeddable":true,"href":"https:\/\/sweethomelearning.com\/es\/wp-json\/wp\/v2\/product_tag?post=973"}],"curies":[{"name":"wp","href":"https:\/\/api.w.org\/{rel}","templated":true}]}}