{"id":975,"date":"2023-08-26T13:29:29","date_gmt":"2023-08-26T18:29:29","guid":{"rendered":"http:\/\/sweethomelearning.com\/?post_type=product&#038;p=975"},"modified":"2023-08-29T11:09:56","modified_gmt":"2023-08-29T16:09:56","slug":"numeros-1-10-numbers-1-10","status":"publish","type":"product","link":"https:\/\/sweethomelearning.com\/es\/product\/numeros-1-10-numbers-1-10\/","title":{"rendered":"N\u00fameros 1-10 | Numbers 1-10"},"content":{"rendered":"<p>Una manera divertida y diferente de contar y aprender los n\u00fameros. Estas tarjetas incluyen im\u00e1genes reales con animales de granja desde el 0 al 10.<\/p>\n<p><strong>Incluye:<\/strong><\/p>\n<ul>\n<li>11 tarjetas con im\u00e1genes.<\/li>\n<li>11 tarjetas con los n\u00fameros.<\/li>\n<\/ul>\n<p><strong>Ideas:<\/strong><\/p>\n<ul>\n<li>Imprimirlas en papel &#8220;cardstock&#8221;.<\/li>\n<li>Aseg\u00farese de plastificar las tarjetas.<\/li>\n<li>Puede colocarle un anillo para mayor facilidad de uso.<\/li>\n<li>Puedes utilizar pinzas de ropa, marcador entre otros materiales para marcar la respuesta correcta.<\/li>\n<li>Son perfectas para la instrucci\u00f3n individual o en grupos peque\u00f1os, y para enviar a casa para practicar mas.<\/li>\n<\/ul>","protected":false},"excerpt":{"rendered":"<p>Una manera divertida y diferente de contar y aprender los n\u00fameros. Estas tarjetas incluyen im\u00e1genes reales con animales de granja desde el 0 al 10.<\/p>","protected":false},"featured_media":976,"template":"","meta":[],"product_brand":[],"product_cat":[71,78],"product_tag":[],"class_list":{"0":"post-975","1":"product","2":"type-product","3":"status-publish","4":"has-post-thumbnail","6":"product_cat-flashcards","7":"product_cat-numeros","9":"first","10":"instock","11":"downloadable","12":"taxable","13":"shipping-taxable","14":"purchasable","15":"product-type-simple"},"_links":{"self":[{"href":"https:\/\/sweethomelearning.com\/es\/wp-json\/wp\/v2\/product\/975","targetHints":{"allow":["GET"]}}],"collection":[{"href":"https:\/\/sweethomelearning.com\/es\/wp-json\/wp\/v2\/product"}],"about":[{"href":"https:\/\/sweethomelearning.com\/es\/wp-json\/wp\/v2\/types\/product"}],"wp:featuredmedia":[{"embeddable":true,"href":"https:\/\/sweethomelearning.com\/es\/wp-json\/wp\/v2\/media\/976"}],"wp:attachment":[{"href":"https:\/\/sweethomelearning.com\/es\/wp-json\/wp\/v2\/media?parent=975"}],"wp:term":[{"taxonomy":"product_brand","embeddable":true,"href":"https:\/\/sweethomelearning.com\/es\/wp-json\/wp\/v2\/product_brand?post=975"},{"taxonomy":"product_cat","embeddable":true,"href":"https:\/\/sweethomelearning.com\/es\/wp-json\/wp\/v2\/product_cat?post=975"},{"taxonomy":"product_tag","embeddable":true,"href":"https:\/\/sweethomelearning.com\/es\/wp-json\/wp\/v2\/product_tag?post=975"}],"curies":[{"name":"wp","href":"https:\/\/api.w.org\/{rel}","templated":true}]}}