{"id":977,"date":"2023-08-26T13:35:38","date_gmt":"2023-08-26T18:35:38","guid":{"rendered":"http:\/\/sweethomelearning.com\/?post_type=product&#038;p=977"},"modified":"2023-08-29T11:09:41","modified_gmt":"2023-08-29T16:09:41","slug":"numeros-0-20-contando-y-trazando-spanish-numbers-0-20","status":"publish","type":"product","link":"https:\/\/sweethomelearning.com\/es\/product\/numeros-0-20-contando-y-trazando-spanish-numbers-0-20\/","title":{"rendered":"N\u00fameros 0-20 Contando y Trazando | Spanish Numbers 0-20"},"content":{"rendered":"<p><strong>\u00a1Haz que contar y escribir los n\u00fameros sea divertido con estas tarjetas! <\/strong>Estas tarjetas les ayudar\u00e1n a recordar la forma correcta de escribir los n\u00fameros al mismo tiempo que refuerzan su motricidad fina. Cada tarjetas contiene una <strong>imagen<\/strong> con la <strong>cantidad correspondiente<\/strong> al <strong>n\u00famero<\/strong> que est\u00e9n trabajando. Perfectas para mantener a los ni\u00f1os interesados en todo momento. <strong>Im\u00e1genes realistas<\/strong> en acuarela.<\/p>\n<p>Con estas tarjetas para contar y escribir (<strong>n\u00fameros del 0 al 20<\/strong>) los ni\u00f1os aprender\u00e1n a contar y escribir los n\u00fameros correctamente al mismo tiempo que refuerzan su motricidad fina. Todo lo que necesitas para desarrollar sus <strong>habilidades de escritura<\/strong> y mejorar su habilidad para <strong>contar<\/strong>.<\/p>\n<p><strong>Incluye:<\/strong><\/p>\n<ul>\n<li>21 tarjetas (0-20)Dos tarjetas por hoja de 8.5&#8243;x11&#8243;<\/li>\n<li><span style=\"color: #555555; font-size: 14.4px;\">A sus ni\u00f1os les ENCANTAR\u00c1 contar y escribir. <\/span><strong style=\"color: #555555; font-size: 14.4px;\">\u00a1Su preparaci\u00f3n es f\u00e1cil!<\/strong><\/li>\n<\/ul>\n<p><strong>Ideas de uso:<\/strong><\/p>\n<ul>\n<li>Se pueden usar como hojas de trabajo.<\/li>\n<li>Construir los n\u00fameros usando plasticina.<\/li>\n<li>Excelente para utilizar mini borradores.<\/li>\n<li><span style=\"color: #555555; font-size: 14.4px;\">Puede recortar y laminar las tarjetas para reutilizarlas con un borrado en seco.<\/span><\/li>\n<\/ul>","protected":false},"excerpt":{"rendered":"<p><strong>\u00a1Haz que contar y escribir los n\u00fameros sea divertido con estas tarjetas! <\/strong>Estas tarjetas les ayudar\u00e1n a recordar la forma correcta de escribir los n\u00fameros al mismo tiempo que refuerzan su motricidad fina.<\/p>","protected":false},"featured_media":978,"template":"","meta":[],"product_brand":[],"product_cat":[71,78],"product_tag":[],"class_list":{"0":"post-977","1":"product","2":"type-product","3":"status-publish","4":"has-post-thumbnail","6":"product_cat-flashcards","7":"product_cat-numeros","9":"first","10":"instock","11":"downloadable","12":"taxable","13":"shipping-taxable","14":"purchasable","15":"product-type-simple"},"_links":{"self":[{"href":"https:\/\/sweethomelearning.com\/es\/wp-json\/wp\/v2\/product\/977","targetHints":{"allow":["GET"]}}],"collection":[{"href":"https:\/\/sweethomelearning.com\/es\/wp-json\/wp\/v2\/product"}],"about":[{"href":"https:\/\/sweethomelearning.com\/es\/wp-json\/wp\/v2\/types\/product"}],"wp:featuredmedia":[{"embeddable":true,"href":"https:\/\/sweethomelearning.com\/es\/wp-json\/wp\/v2\/media\/978"}],"wp:attachment":[{"href":"https:\/\/sweethomelearning.com\/es\/wp-json\/wp\/v2\/media?parent=977"}],"wp:term":[{"taxonomy":"product_brand","embeddable":true,"href":"https:\/\/sweethomelearning.com\/es\/wp-json\/wp\/v2\/product_brand?post=977"},{"taxonomy":"product_cat","embeddable":true,"href":"https:\/\/sweethomelearning.com\/es\/wp-json\/wp\/v2\/product_cat?post=977"},{"taxonomy":"product_tag","embeddable":true,"href":"https:\/\/sweethomelearning.com\/es\/wp-json\/wp\/v2\/product_tag?post=977"}],"curies":[{"name":"wp","href":"https:\/\/api.w.org\/{rel}","templated":true}]}}