{"id":980,"date":"2023-08-26T17:41:38","date_gmt":"2023-08-26T22:41:38","guid":{"rendered":"http:\/\/sweethomelearning.com\/?post_type=product&#038;p=980"},"modified":"2023-08-29T11:09:31","modified_gmt":"2023-08-29T16:09:31","slug":"abecedario-trazando-roll-and-dice-spanish-alphabet","status":"publish","type":"product","link":"https:\/\/sweethomelearning.com\/es\/product\/abecedario-trazando-roll-and-dice-spanish-alphabet\/","title":{"rendered":"Abecedario Trazando &#8211; Roll and Dice Spanish Alphabet"},"content":{"rendered":"<p>\u00a1Particar la escritura del abecedario es divertido con este juego de &#8220;roll and dice&#8221;! Est\u00e1s hojas de trabajo para <strong>practicar<\/strong> el <strong>reconocimiento<\/strong> y <strong>escritura<\/strong> de las <strong>letras<\/strong> <strong>may\u00fasculas<\/strong> y <strong>min\u00fasculas<\/strong>del <strong>abecedario<\/strong> en <strong>espa\u00f1ol<\/strong>.<\/p>\n<p>Los ni\u00f1os de divertir\u00e1n con est\u00e1s hojas que son <strong>excelentes <\/strong>para una actividad <strong>matutina<\/strong>, <strong>centro de lectura<\/strong> o <strong>educaci\u00f3n en casa<\/strong>. Se pueden usar de forma independiente o con un compa\u00f1ero.<\/p>\n<p><strong>Incluye<\/strong>:<\/p>\n<ul>\n<li>4 p\u00e1ginas todo el abc con letras min\u00fasculas (set 1).<\/li>\n<li>4 p\u00e1ginas todo el abc con letras may\u00fasculas (set 2).<\/li>\n<li>4 p\u00e1ginas todo el abc con letras may\u00fasculas y min\u00fasculas (set 3).<\/li>\n<li>4 p\u00e1ginas solo vocales con letras min\u00fasculas (set 4).<\/li>\n<li>4 p\u00e1ginas solo vocales con letras may\u00fasculas (set 5).<\/li>\n<li>4 p\u00e1ginas solo vocales con letras may\u00fasculas y min\u00fasculas (set 6).<\/li>\n<li>4 p\u00e1ginas solo consonantes con letras min\u00fasculas (set 7).<\/li>\n<li>4 p\u00e1ginas solo consonantes con letras may\u00fasculas (set 8).<\/li>\n<li>4 p\u00e1ginas solo consonantes con letras may\u00fasculas y min\u00fasculas (set 9).<\/li>\n<li>Letra \u00f1<\/li>\n<li>Hojas tama\u00f1o 8.5&#8221; x 11&#8221;<\/li>\n<li>\u00a1Bono! Dado para impresi\u00f3n.<\/li>\n<\/ul>\n<p><strong>\u00a1Imprimime<\/strong> y <strong>disfruta!<\/strong><\/p>\n<p>NOTA: se excluyen los d\u00edgrafos ch\u00a0y\u00a0ll.<\/p>","protected":false},"excerpt":{"rendered":"<p>\u00a1Particar la escritura del abecedario es divertido con este juego de &#8220;roll and dice&#8221;! Est\u00e1s hojas de trabajo para <strong>practicar<\/strong> el <strong>reconocimiento<\/strong> y <strong>escritura<\/strong> de las <strong>letras<\/strong> <strong>may\u00fasculas<\/strong> y <strong>min\u00fasculas<\/strong>del <strong>abecedario<\/strong> en <strong>espa\u00f1ol<\/strong>.<\/p>","protected":false},"featured_media":981,"template":"","meta":[],"product_brand":[],"product_cat":[77,70],"product_tag":[],"class_list":{"0":"post-980","1":"product","2":"type-product","3":"status-publish","4":"has-post-thumbnail","6":"product_cat-abecedario","7":"product_cat-lenguaje","9":"first","10":"instock","11":"downloadable","12":"taxable","13":"shipping-taxable","14":"purchasable","15":"product-type-simple"},"_links":{"self":[{"href":"https:\/\/sweethomelearning.com\/es\/wp-json\/wp\/v2\/product\/980","targetHints":{"allow":["GET"]}}],"collection":[{"href":"https:\/\/sweethomelearning.com\/es\/wp-json\/wp\/v2\/product"}],"about":[{"href":"https:\/\/sweethomelearning.com\/es\/wp-json\/wp\/v2\/types\/product"}],"wp:featuredmedia":[{"embeddable":true,"href":"https:\/\/sweethomelearning.com\/es\/wp-json\/wp\/v2\/media\/981"}],"wp:attachment":[{"href":"https:\/\/sweethomelearning.com\/es\/wp-json\/wp\/v2\/media?parent=980"}],"wp:term":[{"taxonomy":"product_brand","embeddable":true,"href":"https:\/\/sweethomelearning.com\/es\/wp-json\/wp\/v2\/product_brand?post=980"},{"taxonomy":"product_cat","embeddable":true,"href":"https:\/\/sweethomelearning.com\/es\/wp-json\/wp\/v2\/product_cat?post=980"},{"taxonomy":"product_tag","embeddable":true,"href":"https:\/\/sweethomelearning.com\/es\/wp-json\/wp\/v2\/product_tag?post=980"}],"curies":[{"name":"wp","href":"https:\/\/api.w.org\/{rel}","templated":true}]}}