{"id":982,"date":"2023-08-26T18:11:24","date_gmt":"2023-08-26T23:11:24","guid":{"rendered":"http:\/\/sweethomelearning.com\/?post_type=product&#038;p=982"},"modified":"2023-08-29T11:08:56","modified_gmt":"2023-08-29T16:08:56","slug":"dias-de-la-semana-y-meses-del-ano-months-of-the-year-and-days-of-the-week","status":"publish","type":"product","link":"https:\/\/sweethomelearning.com\/es\/product\/dias-de-la-semana-y-meses-del-ano-months-of-the-year-and-days-of-the-week\/","title":{"rendered":"D\u00edas de la Semana y Meses del A\u00f1o &#8211; Months of the Year and Days of the Week"},"content":{"rendered":"<p><strong>\u00bfBuscando una actividad educativa para que los ni\u00f1os puedan aprender el orden de los meses del a\u00f1o y los d\u00edas de la semana? <\/strong>Este recurso <strong>manipulativo<\/strong> es perfecto para los ni\u00f1os por que les ayuda visualizar y comprender mejor el concepto de los d\u00edas de la semana y los meses del a\u00f1o, mientras que tambi\u00e9n les permite tener un enfoque <strong>pr\u00e1ctico<\/strong> y <strong>divertido<\/strong> en su aprendizaje.<\/p>\n<p>Ideal para practicar todos los d\u00edas los meses y los d\u00edas, y colocarlos en el orden correcto. En la actividad de los d\u00edas de la semana estan los espacios para ayer fue, hoy es y ma\u00f1as ser\u00e1. Y en la actividad de los meses del a\u00f1o el mes tiene una imagen relacionada.<\/p>\n<p><strong>Incluye: <\/strong><\/p>\n<ul>\n<li>Tarjetas de los meses del a\u00f1o en hoja 8.5&#8243;x11&#8243;<\/li>\n<li>Tarjetas de los d\u00edas de la semana en hoja 8.5&#8243;x11&#8243;<\/li>\n<li>7 tarjetas con los d\u00edas de la semana<\/li>\n<li>12 tarjetas con los meses del a\u00f1o<\/li>\n<\/ul>\n<p>La preparaci\u00f3n es <strong>\u00a1r\u00e1pida<\/strong> y <strong>f\u00e1cil!. <\/strong>Una gran adici\u00f3n a su plan de estudios de educaci\u00f3n en el hogar o sal\u00f3n de clases.<\/p>","protected":false},"excerpt":{"rendered":"<p>Este recurso <strong>manipulativo<\/strong> es perfecto para los ni\u00f1os por que les ayuda visualizar y comprender mejor el concepto de los d\u00edas de la semana y los meses del a\u00f1o, mientras que tambi\u00e9n les permite tener un enfoque <strong>pr\u00e1ctico<\/strong> y <strong>divertido<\/strong> en su aprendizaje.<\/p>","protected":false},"featured_media":983,"template":"","meta":[],"product_brand":[],"product_cat":[71],"product_tag":[],"class_list":{"0":"post-982","1":"product","2":"type-product","3":"status-publish","4":"has-post-thumbnail","6":"product_cat-flashcards","8":"first","9":"instock","10":"downloadable","11":"taxable","12":"shipping-taxable","13":"purchasable","14":"product-type-simple"},"_links":{"self":[{"href":"https:\/\/sweethomelearning.com\/es\/wp-json\/wp\/v2\/product\/982","targetHints":{"allow":["GET"]}}],"collection":[{"href":"https:\/\/sweethomelearning.com\/es\/wp-json\/wp\/v2\/product"}],"about":[{"href":"https:\/\/sweethomelearning.com\/es\/wp-json\/wp\/v2\/types\/product"}],"wp:featuredmedia":[{"embeddable":true,"href":"https:\/\/sweethomelearning.com\/es\/wp-json\/wp\/v2\/media\/983"}],"wp:attachment":[{"href":"https:\/\/sweethomelearning.com\/es\/wp-json\/wp\/v2\/media?parent=982"}],"wp:term":[{"taxonomy":"product_brand","embeddable":true,"href":"https:\/\/sweethomelearning.com\/es\/wp-json\/wp\/v2\/product_brand?post=982"},{"taxonomy":"product_cat","embeddable":true,"href":"https:\/\/sweethomelearning.com\/es\/wp-json\/wp\/v2\/product_cat?post=982"},{"taxonomy":"product_tag","embeddable":true,"href":"https:\/\/sweethomelearning.com\/es\/wp-json\/wp\/v2\/product_tag?post=982"}],"curies":[{"name":"wp","href":"https:\/\/api.w.org\/{rel}","templated":true}]}}