{"id":984,"date":"2023-08-26T18:28:09","date_gmt":"2023-08-26T23:28:09","guid":{"rendered":"http:\/\/sweethomelearning.com\/?post_type=product&#038;p=984"},"modified":"2023-08-29T11:08:40","modified_gmt":"2023-08-29T16:08:40","slug":"figuras-geometricas-2d-geometric-shapes-spanish","status":"publish","type":"product","link":"https:\/\/sweethomelearning.com\/es\/product\/figuras-geometricas-2d-geometric-shapes-spanish\/","title":{"rendered":"Figuras Geom\u00e9tricas 2D | Geometric Shapes Spanish"},"content":{"rendered":"<p>Buscando tarjetas de <strong>figuras geom\u00e9tricas 2D<\/strong> para ni\u00f1os, \u00a1est\u00e1s en el lugar indicado! Con est\u00e1s tarjetas los ni\u00f1os <strong>aprendan<\/strong> de manera <strong>divertida<\/strong> y <strong>efectiva<\/strong>. Las <strong>im\u00e1genes<\/strong> son <strong>coloridas<\/strong> y <strong>f\u00e1ciles<\/strong> de <strong>reconocer<\/strong>.<\/p>\n<p>Est\u00e1s tarjetas los ni\u00f1os las AMARAN, con <strong>im\u00e1genes<\/strong> <strong>realistas<\/strong> en acuarela que <strong>encontramos<\/strong> en el <strong>hogar<\/strong> y en <strong>nuestro<\/strong> <strong>diario vivir. <\/strong>Perfectas para que el ni\u00f1o <strong>reconozca,<\/strong> <strong>identifique<\/strong> y <strong>asocie<\/strong>.<\/p>\n<p><strong>INCLUYE:<\/strong><\/p>\n<ul>\n<li>Dos tipos de tarjetas<\/li>\n<li>11 tarjetas con la figura geom\u00e9trica 2D y su nombre<\/li>\n<li>11 tarjetas con im\u00e1genes realista en acuarela asociadas a la figura geom\u00e9trica<\/li>\n<\/ul>\n<p><strong>Encontrar\u00e1s las siguientes figuras:<\/strong><\/p>\n<ul>\n<li>C\u00edrculo<\/li>\n<li>Tri\u00e1ngulo<\/li>\n<li>Cuadrado<\/li>\n<li>Rect\u00e1ngulo<\/li>\n<li>Estrella<\/li>\n<li>\u00d3valo<\/li>\n<li>Coraz\u00f3n<\/li>\n<li>Rombo<\/li>\n<li>Pent\u00e1gono<\/li>\n<li>Hex\u00e1gono<\/li>\n<li>Oct\u00e1gono<\/li>\n<\/ul>","protected":false},"excerpt":{"rendered":"<p>Buscando tarjetas de <strong>figuras geom\u00e9tricas 2D<\/strong> para ni\u00f1os, \u00a1est\u00e1s en el lugar indicado! Con est\u00e1s tarjetas los ni\u00f1os <strong>aprendan<\/strong> de manera <strong>divertida<\/strong> y <strong>efectiva<\/strong>. Las <strong>im\u00e1genes<\/strong> son <strong>coloridas<\/strong> y <strong>f\u00e1ciles<\/strong> de <strong>reconocer<\/strong>.<\/p>","protected":false},"featured_media":985,"template":"","meta":[],"product_brand":[],"product_cat":[71],"product_tag":[],"class_list":{"0":"post-984","1":"product","2":"type-product","3":"status-publish","4":"has-post-thumbnail","6":"product_cat-flashcards","8":"first","9":"instock","10":"downloadable","11":"taxable","12":"shipping-taxable","13":"purchasable","14":"product-type-simple"},"_links":{"self":[{"href":"https:\/\/sweethomelearning.com\/es\/wp-json\/wp\/v2\/product\/984","targetHints":{"allow":["GET"]}}],"collection":[{"href":"https:\/\/sweethomelearning.com\/es\/wp-json\/wp\/v2\/product"}],"about":[{"href":"https:\/\/sweethomelearning.com\/es\/wp-json\/wp\/v2\/types\/product"}],"wp:featuredmedia":[{"embeddable":true,"href":"https:\/\/sweethomelearning.com\/es\/wp-json\/wp\/v2\/media\/985"}],"wp:attachment":[{"href":"https:\/\/sweethomelearning.com\/es\/wp-json\/wp\/v2\/media?parent=984"}],"wp:term":[{"taxonomy":"product_brand","embeddable":true,"href":"https:\/\/sweethomelearning.com\/es\/wp-json\/wp\/v2\/product_brand?post=984"},{"taxonomy":"product_cat","embeddable":true,"href":"https:\/\/sweethomelearning.com\/es\/wp-json\/wp\/v2\/product_cat?post=984"},{"taxonomy":"product_tag","embeddable":true,"href":"https:\/\/sweethomelearning.com\/es\/wp-json\/wp\/v2\/product_tag?post=984"}],"curies":[{"name":"wp","href":"https:\/\/api.w.org\/{rel}","templated":true}]}}