{"id":986,"date":"2023-08-26T18:33:59","date_gmt":"2023-08-26T23:33:59","guid":{"rendered":"http:\/\/sweethomelearning.com\/?post_type=product&#038;p=986"},"modified":"2023-08-29T11:08:20","modified_gmt":"2023-08-29T16:08:20","slug":"dia-de-san-valentin-valentines-day-in-spanish","status":"publish","type":"product","link":"https:\/\/sweethomelearning.com\/es\/product\/dia-de-san-valentin-valentines-day-in-spanish\/","title":{"rendered":"D\u00eda de San Valentin &#8211; Valentines Day in Spanish"},"content":{"rendered":"<p>Buscando hojas de trabajo divertidas con tem\u00e1tica de San Valentin, estas este recurso es para ti. Un recurso lleno de muchos imprimibles de n\u00fameros y actividades de alfabetizaci\u00f3n.<\/p>\n<p>Son m\u00e1s de 50 p\u00e1ginas en este enorme paquete de hojas de trabajo del D\u00eda de San Valentin con lindas im\u00e1genes en acuarelas de corazones, chocolates, flores y mucho m\u00e1s! Ideales para ni\u00f1os de 3 a 6 a\u00f1os.<\/p>\n<p>Las hojas contienen una gran variedad de materiales que te permitir\u00e1n mantener a los ni\u00f1os interesados en el material durante todo el d\u00eda.<\/p>\n<p><strong>Incluye:<\/strong><\/p>\n<ul>\n<li>Tarjetas<\/li>\n<li>N\u00fameros<\/li>\n<li>Abecedario (incluye letra <strong>\u00f1<\/strong> y los d\u00edgrafos <strong>ch<\/strong> y <strong>ll<\/strong>)<\/li>\n<li>Escritura<\/li>\n<li>Grafomotricidad<\/li>\n<li>Sonido Inicial<\/li>\n<li>Disfriminaci\u00f3n visual<\/li>\n<li>Figuras geom\u00e9tricas<\/li>\n<li>Colores<\/li>\n<li>B\u00fasqueda del tesoro<\/li>\n<li>Hoja registro de lectura<\/li>\n<li>Sopa de letras<\/li>\n<\/ul>\n<p><strong>Incluye BONO:<\/strong><\/p>\n<ul>\n<li>Hoja con afirmaciones<\/li>\n<\/ul>\n<p><strong>La preparaci\u00f3n es r\u00e1pida y f\u00e1cil<\/strong>&#8230; \u00a1Simplemente imprima las p\u00e1ginas!<\/p>","protected":false},"excerpt":{"rendered":"<p>Buscando hojas de trabajo divertidas con tem\u00e1tica de San Valentin, estas este recurso es para ti. Un recurso lleno de muchos imprimibles de n\u00fameros y actividades de alfabetizaci\u00f3n.<\/p>","protected":false},"featured_media":987,"template":"","meta":[],"product_brand":[],"product_cat":[71,78,81],"product_tag":[],"class_list":{"0":"post-986","1":"product","2":"type-product","3":"status-publish","4":"has-post-thumbnail","6":"product_cat-flashcards","7":"product_cat-numeros","8":"product_cat-temporada","10":"first","11":"instock","12":"downloadable","13":"taxable","14":"shipping-taxable","15":"purchasable","16":"product-type-simple"},"_links":{"self":[{"href":"https:\/\/sweethomelearning.com\/es\/wp-json\/wp\/v2\/product\/986","targetHints":{"allow":["GET"]}}],"collection":[{"href":"https:\/\/sweethomelearning.com\/es\/wp-json\/wp\/v2\/product"}],"about":[{"href":"https:\/\/sweethomelearning.com\/es\/wp-json\/wp\/v2\/types\/product"}],"wp:featuredmedia":[{"embeddable":true,"href":"https:\/\/sweethomelearning.com\/es\/wp-json\/wp\/v2\/media\/987"}],"wp:attachment":[{"href":"https:\/\/sweethomelearning.com\/es\/wp-json\/wp\/v2\/media?parent=986"}],"wp:term":[{"taxonomy":"product_brand","embeddable":true,"href":"https:\/\/sweethomelearning.com\/es\/wp-json\/wp\/v2\/product_brand?post=986"},{"taxonomy":"product_cat","embeddable":true,"href":"https:\/\/sweethomelearning.com\/es\/wp-json\/wp\/v2\/product_cat?post=986"},{"taxonomy":"product_tag","embeddable":true,"href":"https:\/\/sweethomelearning.com\/es\/wp-json\/wp\/v2\/product_tag?post=986"}],"curies":[{"name":"wp","href":"https:\/\/api.w.org\/{rel}","templated":true}]}}